{"id":26489,"date":"2024-08-05T19:14:50","date_gmt":"2024-08-05T19:14:50","guid":{"rendered":"https:\/\/www.climberbc.com\/bizim-hikayemiz\/"},"modified":"2024-08-13T06:20:41","modified_gmt":"2024-08-13T06:20:41","slug":"bizim-hikayemiz","status":"publish","type":"page","link":"https:\/\/www.climberbc.com\/ru\/bizim-hikayemiz\/","title":{"rendered":"\u0411\u0438\u0437\u0438\u043c \u0425\u0438\u043a\u0430\u0439\u0435\u043c\u0438\u0437"},"content":{"rendered":"<div data-elementor-type=\"wp-post\" data-elementor-id=\"26489\" class=\"elementor elementor-26489\" data-elementor-post-type=\"page\">\n\t\t\t\t\t\t<section class=\"wd-negative-gap elementor-section elementor-top-section elementor-element elementor-element-b8e78cc elementor-section-boxed elementor-section-height-default elementor-section-height-default\" data-id=\"b8e78cc\" data-element_type=\"section\" data-e-type=\"section\">\n\t\t\t\t\t\t<div class=\"elementor-container elementor-column-gap-default\">\n\t\t\t\t\t<div class=\"elementor-column elementor-col-100 elementor-top-column elementor-element elementor-element-a32f74f\" data-id=\"a32f74f\" data-element_type=\"column\" data-e-type=\"column\">\n\t\t\t<div class=\"elementor-widget-wrap elementor-element-populated\">\n\t\t\t\t\t\t<div class=\"elementor-element elementor-element-47aeaeb elementor-widget elementor-widget-image\" data-id=\"47aeaeb\" data-element_type=\"widget\" data-e-type=\"widget\" data-widget_type=\"image.default\">\n\t\t\t\t<div class=\"elementor-widget-container\">\n\t\t\t\t\t\t\t\t\t\t\t\t\t\t\t<img fetchpriority=\"high\" decoding=\"async\" width=\"1728\" height=\"665\" src=\"https:\/\/www.climberbc.com\/wp-content\/uploads\/2019\/04\/our-story-01.jpg\" class=\"attachment-full size-full wp-image-23150\" alt=\"\" srcset=\"https:\/\/www.climberbc.com\/wp-content\/uploads\/2019\/04\/our-story-01.jpg 1728w, https:\/\/www.climberbc.com\/wp-content\/uploads\/2019\/04\/our-story-01-430x165.jpg 430w, https:\/\/www.climberbc.com\/wp-content\/uploads\/2019\/04\/our-story-01-150x58.jpg 150w, https:\/\/www.climberbc.com\/wp-content\/uploads\/2019\/04\/our-story-01-700x269.jpg 700w\" sizes=\"(max-width: 1728px) 100vw, 1728px\" \/>\t\t\t\t\t\t\t\t\t\t\t\t\t\t\t<\/div>\n\t\t\t\t<\/div>\n\t\t\t\t\t<\/div>\n\t\t<\/div>\n\t\t\t\t\t<\/div>\n\t\t<\/section>\n\t\t\t\t<section class=\"wd-negative-gap elementor-section elementor-top-section elementor-element elementor-element-7f7622e elementor-section-boxed elementor-section-height-default elementor-section-height-default\" data-id=\"7f7622e\" data-element_type=\"section\" data-e-type=\"section\">\n\t\t\t\t\t\t<div class=\"elementor-container elementor-column-gap-default\">\n\t\t\t\t\t<div class=\"elementor-column elementor-col-50 elementor-top-column elementor-element elementor-element-48521c3\" data-id=\"48521c3\" data-element_type=\"column\" data-e-type=\"column\">\n\t\t\t<div class=\"elementor-widget-wrap elementor-element-populated\">\n\t\t\t\t\t\t<div class=\"elementor-element elementor-element-707e23a elementor-widget elementor-widget-image\" data-id=\"707e23a\" data-element_type=\"widget\" data-e-type=\"widget\" data-widget_type=\"image.default\">\n\t\t\t\t<div class=\"elementor-widget-container\">\n\t\t\t\t\t\t\t\t\t\t\t\t\t\t\t<img decoding=\"async\" width=\"259\" height=\"257\" src=\"https:\/\/www.climberbc.com\/wp-content\/uploads\/2019\/04\/circle_stamp_a.svg\" class=\"attachment-large size-large wp-image-23141\" alt=\"\" \/>\t\t\t\t\t\t\t\t\t\t\t\t\t\t\t<\/div>\n\t\t\t\t<\/div>\n\t\t\t\t\t<\/div>\n\t\t<\/div>\n\t\t\t\t<div class=\"elementor-column elementor-col-50 elementor-top-column elementor-element elementor-element-25e289c\" data-id=\"25e289c\" data-element_type=\"column\" data-e-type=\"column\">\n\t\t\t<div class=\"elementor-widget-wrap elementor-element-populated\">\n\t\t\t\t\t\t<div class=\"elementor-element elementor-element-62d648a elementor-widget elementor-widget-heading\" data-id=\"62d648a\" data-element_type=\"widget\" data-e-type=\"widget\" data-widget_type=\"heading.default\">\n\t\t\t\t<div class=\"elementor-widget-container\">\n\t\t\t\t\t<h1 class=\"elementor-heading-title elementor-size-default\">\u0411\u0438\u0437\u0438\u043c \u0425\u0438\u043a\u0430\u0439\u0435\u043c\u0438\u0437<\/h1>\t\t\t\t<\/div>\n\t\t\t\t<\/div>\n\t\t\t\t<div class=\"elementor-element elementor-element-ea0975b color-scheme-inherit text-left elementor-widget elementor-widget-text-editor\" data-id=\"ea0975b\" data-element_type=\"widget\" data-e-type=\"widget\" data-widget_type=\"text-editor.default\">\n\t\t\t\t<div class=\"elementor-widget-container\">\n\t\t\t\t\t\t\t\t\t<p>\u042d\u043b\u0435\u043a\u0442\u0440\u043e\u043d\u043d\u0430\u044f \u043f\u043e\u0447\u0442\u0430 \u043f\u043e\u0437\u0432\u043e\u043b\u044f\u0435\u0442 \u043f\u043e\u043b\u0443\u0447\u0438\u0442\u044c \u0434\u043e\u0441\u0442\u0443\u043f \u043a \u044d\u043b\u0435\u043a\u0442\u0440\u043e\u043d\u043d\u044b\u043c \u0441\u0442\u0440\u0430\u043d\u0438\u0446\u0430\u043c \u0438 \u043f\u043e\u043b\u0443\u0447\u0438\u0442\u044c \u0434\u043e\u0441\u0442\u0443\u043f \u043a \u044d\u043b\u0435\u043a\u0442\u0440\u043e\u043d\u043d\u044b\u043c \u043f\u043e\u0447\u0442\u0430\u043c\u0442\u0430\u043c.<br \/>\nEtkili web hizmetlerinden sonra do\u011fru isbirli\u011fi ve fikir payla\u015f\u0131m\u0131n\u0131 k\u00fcresel olarak entegre edin.<br \/>\nTeknik olarak en yeni paradigmalar\u0131 sorunsuz bir \u015fekilde d\u00fczene sokun.  <\/p>\n\t\t\t\t\t\t\t\t<\/div>\n\t\t\t\t<\/div>\n\t\t\t\t\t<\/div>\n\t\t<\/div>\n\t\t\t\t\t<\/div>\n\t\t<\/section>\n\t\t\t\t<section class=\"elementor-section elementor-top-section elementor-element elementor-element-50fa0c1 elementor-section-boxed elementor-section-height-default elementor-section-height-default\" data-id=\"50fa0c1\" data-element_type=\"section\" data-e-type=\"section\">\n\t\t\t\t\t\t<div class=\"elementor-container elementor-column-gap-default\">\n\t\t\t\t\t<div class=\"elementor-column elementor-col-100 elementor-top-column elementor-element elementor-element-73d53f4\" data-id=\"73d53f4\" data-element_type=\"column\" data-e-type=\"column\">\n\t\t\t<div class=\"elementor-widget-wrap elementor-element-populated\">\n\t\t\t\t\t\t<div class=\"elementor-element elementor-element-e8770b9 elementor-widget elementor-widget-image\" data-id=\"e8770b9\" data-element_type=\"widget\" data-e-type=\"widget\" data-widget_type=\"image.default\">\n\t\t\t\t<div class=\"elementor-widget-container\">\n\t\t\t\t\t\t\t\t\t\t\t\t\t\t\t<img decoding=\"async\" width=\"1399\" height=\"665\" src=\"https:\/\/www.climberbc.com\/wp-content\/uploads\/2019\/04\/our-story-02.jpg\" class=\"attachment-full size-full wp-image-23147\" alt=\"\" srcset=\"https:\/\/www.climberbc.com\/wp-content\/uploads\/2019\/04\/our-story-02.jpg 1399w, https:\/\/www.climberbc.com\/wp-content\/uploads\/2019\/04\/our-story-02-430x204.jpg 430w, https:\/\/www.climberbc.com\/wp-content\/uploads\/2019\/04\/our-story-02-150x71.jpg 150w, https:\/\/www.climberbc.com\/wp-content\/uploads\/2019\/04\/our-story-02-700x333.jpg 700w\" sizes=\"(max-width: 1399px) 100vw, 1399px\" \/>\t\t\t\t\t\t\t\t\t\t\t\t\t\t\t<\/div>\n\t\t\t\t<\/div>\n\t\t\t\t\t<\/div>\n\t\t<\/div>\n\t\t\t\t\t<\/div>\n\t\t<\/section>\n\t\t\t\t<section class=\"elementor-section elementor-top-section elementor-element elementor-element-fbb1fa5 elementor-section-boxed elementor-section-height-default elementor-section-height-default\" data-id=\"fbb1fa5\" data-element_type=\"section\" data-e-type=\"section\">\n\t\t\t\t\t\t<div class=\"elementor-container elementor-column-gap-default\">\n\t\t\t\t\t<div class=\"elementor-column elementor-col-100 elementor-top-column elementor-element elementor-element-dcd5b13\" data-id=\"dcd5b13\" data-element_type=\"column\" data-e-type=\"column\">\n\t\t\t<div class=\"elementor-widget-wrap elementor-element-populated\">\n\t\t\t\t\t\t<div class=\"elementor-element elementor-element-ea6cc99 color-scheme-inherit text-left elementor-widget elementor-widget-text-editor\" data-id=\"ea6cc99\" data-element_type=\"widget\" data-e-type=\"widget\" data-widget_type=\"text-editor.default\">\n\t\t\t\t<div class=\"elementor-widget-container\">\n\t\t\t\t\t\t\t\t\t<p>\u0421\u0442\u0430\u043d\u0434\u0430\u0440\u0442\u043d\u043e\u0435 \u0432\u043e\u0441\u0442\u043e\u0447\u043d\u043e\u0435 \u0432\u0440\u0435\u043c\u044f.<br \/>\n2015 5 \u0422\u0430\u0441\u0430\u0440\u044b\u043c\u0447\u0438 \u0414\u0443\u043d\u044c\u044f \u0427\u0430\u043f\u0438\u043d\u0434\u0430 \u0422\u0435\u0441\u043b\u0438\u043c\u0430\u0442 <\/p>\n\t\t\t\t\t\t\t\t<\/div>\n\t\t\t\t<\/div>\n\t\t\t\t<div class=\"elementor-element elementor-element-1097958 color-scheme-inherit text-left elementor-widget elementor-widget-text-editor\" data-id=\"1097958\" data-element_type=\"widget\" data-e-type=\"widget\" data-widget_type=\"text-editor.default\">\n\t\t\t\t<div class=\"elementor-widget-container\">\n\t\t\t\t\t\t\t\t\t<p>\u042d\u043b\u0435\u043a\u0442\u0440\u043e\u043d\u043d\u0430\u044f \u043f\u043e\u0447\u0442\u0430 \u043f\u043e\u0437\u0432\u043e\u043b\u044f\u0435\u0442 \u043f\u043e\u043b\u0443\u0447\u0438\u0442\u044c \u0434\u043e\u0441\u0442\u0443\u043f \u043a \u044d\u043b\u0435\u043a\u0442\u0440\u043e\u043d\u043d\u044b\u043c \u0441\u0442\u0440\u0430\u043d\u0438\u0446\u0430\u043c \u0438 \u043f\u043e\u043b\u0443\u0447\u0438\u0442\u044c \u0434\u043e\u0441\u0442\u0443\u043f \u043a \u044d\u043b\u0435\u043a\u0442\u0440\u043e\u043d\u043d\u044b\u043c \u043f\u043e\u0447\u0442\u0430\u043c\u0442\u0430\u043c.<br \/>\nEtkili web hizmetlerinden sonra do\u011fru isbirli\u011fi ve fikir payla\u015f\u0131m\u0131n\u0131 k\u00fcresel olarak entegre edin.<br \/>\nTeknik olarak en yeni paradigmalar\u0131 sorunsuz bir \u015fekilde d\u00fczene sokun.  <\/p>\n\t\t\t\t\t\t\t\t<\/div>\n\t\t\t\t<\/div>\n\t\t\t\t\t<\/div>\n\t\t<\/div>\n\t\t\t\t\t<\/div>\n\t\t<\/section>\n\t\t\t\t<section class=\"wd-negative-gap elementor-section elementor-top-section elementor-element elementor-element-90c3ab3 elementor-section-boxed elementor-section-height-default elementor-section-height-default\" data-id=\"90c3ab3\" data-element_type=\"section\" data-e-type=\"section\">\n\t\t\t\t\t\t<div class=\"elementor-container elementor-column-gap-default\">\n\t\t\t\t\t<div class=\"elementor-column elementor-col-50 elementor-top-column elementor-element elementor-element-35f2597\" data-id=\"35f2597\" data-element_type=\"column\" data-e-type=\"column\">\n\t\t\t<div class=\"elementor-widget-wrap elementor-element-populated\">\n\t\t\t\t\t\t<div class=\"elementor-element elementor-element-0176955 elementor-widget elementor-widget-image\" data-id=\"0176955\" data-element_type=\"widget\" data-e-type=\"widget\" data-widget_type=\"image.default\">\n\t\t\t\t<div class=\"elementor-widget-container\">\n\t\t\t\t\t\t\t\t\t\t\t\t\t\t\t<img loading=\"lazy\" decoding=\"async\" width=\"854\" height=\"665\" src=\"https:\/\/www.climberbc.com\/wp-content\/uploads\/2019\/04\/our-story-03.jpg\" class=\"attachment-large size-large wp-image-23144\" alt=\"\" srcset=\"https:\/\/www.climberbc.com\/wp-content\/uploads\/2019\/04\/our-story-03.jpg 854w, https:\/\/www.climberbc.com\/wp-content\/uploads\/2019\/04\/our-story-03-430x335.jpg 430w, https:\/\/www.climberbc.com\/wp-content\/uploads\/2019\/04\/our-story-03-150x117.jpg 150w, https:\/\/www.climberbc.com\/wp-content\/uploads\/2019\/04\/our-story-03-700x545.jpg 700w\" sizes=\"(max-width: 854px) 100vw, 854px\" \/>\t\t\t\t\t\t\t\t\t\t\t\t\t\t\t<\/div>\n\t\t\t\t<\/div>\n\t\t\t\t\t<\/div>\n\t\t<\/div>\n\t\t\t\t<div class=\"elementor-column elementor-col-50 elementor-top-column elementor-element elementor-element-3882532\" data-id=\"3882532\" data-element_type=\"column\" data-e-type=\"column\">\n\t\t\t<div class=\"elementor-widget-wrap elementor-element-populated\">\n\t\t\t\t\t\t<div class=\"elementor-element elementor-element-37d68e2 color-scheme-inherit text-left elementor-widget elementor-widget-text-editor\" data-id=\"37d68e2\" data-element_type=\"widget\" data-e-type=\"widget\" data-widget_type=\"text-editor.default\">\n\t\t\t\t<div class=\"elementor-widget-container\">\n\t\t\t\t\t\t\t\t\t<p>Ayr\u0131nt\u0131l\u0131 e-pazarlara kar\u015f\u0131 uygun \u015fekilde y\u00fcksek kaliteli aray\u00fczler geli\u015ftirin. Etkili web hizmetlerinden sonra do\u011fru isbirligini ve fikir payla\u015f\u0131m\u0131n\u0131 k\u00fcresel olarak entegre edin.<br \/>\n\u0422\u0435\u0445\u043d\u0438\u043a\u0430, \u0441 \u043f\u043e\u043c\u043e\u0449\u044c\u044e \u043a\u043e\u0442\u043e\u0440\u043e\u0439 \u0432\u044b \u043c\u043e\u0436\u0435\u0442\u0435 \u043f\u043e\u043b\u0443\u0447\u0438\u0442\u044c \u0434\u043e\u0441\u0442\u0443\u043f \u043a \u043f\u0430\u0440\u0430\u0434\u0438\u0433\u043c\u0430\u043b\u044c\u043d\u044b\u043c \u0442\u0435\u0445\u043d\u043e\u043b\u043e\u0433\u0438\u044f\u043c, \u043c\u043e\u0436\u0435\u0442 \u0431\u044b\u0442\u044c \u043f\u043e\u043b\u0443\u0447\u0435\u043d\u0430 \u0441 \u043f\u043e\u043c\u043e\u0449\u044c\u044e \u043f\u0430\u0440\u0430\u0434\u0438\u0433\u043c\u0430\u043b\u044c\u043d\u044b\u0445 \u0442\u0435\u0445\u043d\u043e\u043b\u043e\u0433\u0438\u0439. &nbsp;<\/p>\n<p>Etkili web hizmetlerinden sonra do\u011fru isbirligini ve fikir payla\u015f\u0131m\u0131n\u0131 k\u00fcresel olarak entegre edin.<br \/>\n\u0422\u0435\u0445\u043d\u0438\u043a\u0430, \u0441 \u043f\u043e\u043c\u043e\u0449\u044c\u044e \u043a\u043e\u0442\u043e\u0440\u043e\u0439 \u0432\u044b \u043c\u043e\u0436\u0435\u0442\u0435 \u043f\u043e\u043b\u0443\u0447\u0438\u0442\u044c \u0434\u043e\u0441\u0442\u0443\u043f \u043a \u043f\u0430\u0440\u0430\u0434\u0438\u0433\u043c\u0430\u043b\u044c\u043d\u044b\u043c \u0442\u0435\u0445\u043d\u043e\u043b\u043e\u0433\u0438\u044f\u043c, \u043c\u043e\u0436\u0435\u0442 \u0431\u044b\u0442\u044c \u043f\u043e\u043b\u0443\u0447\u0435\u043d\u0430 \u0441 \u043f\u043e\u043c\u043e\u0449\u044c\u044e \u043f\u0430\u0440\u0430\u0434\u0438\u0433\u043c\u0430\u043b\u044c\u043d\u044b\u0445 \u0442\u0435\u0445\u043d\u043e\u043b\u043e\u0433\u0438\u0439. <\/p>\n\t\t\t\t\t\t\t\t<\/div>\n\t\t\t\t<\/div>\n\t\t\t\t<div class=\"elementor-element elementor-element-a9317c9 elementor-widget elementor-widget-image\" data-id=\"a9317c9\" data-element_type=\"widget\" data-e-type=\"widget\" data-widget_type=\"image.default\">\n\t\t\t\t<div class=\"elementor-widget-container\">\n\t\t\t\t\t\t\t\t\t\t\t\t\t\t\t<img loading=\"lazy\" decoding=\"async\" width=\"211\" height=\"105\" src=\"https:\/\/www.climberbc.com\/wp-content\/uploads\/2019\/04\/signature.svg\" class=\"attachment-full size-full wp-image-23138\" alt=\"\" \/>\t\t\t\t\t\t\t\t\t\t\t\t\t\t\t<\/div>\n\t\t\t\t<\/div>\n\t\t\t\t\t<\/div>\n\t\t<\/div>\n\t\t\t\t\t<\/div>\n\t\t<\/section>\n\t\t\t\t<\/div>","protected":false},"excerpt":{"rendered":"<p>Bizim Hikayemiz Ayr\u0131nt\u0131l\u0131 e-pazarlar kar\u015f\u0131s\u0131nda uygun \u015fekilde y\u00fcksek kaliteli aray\u00fczler geli\u015ftirin. Etkili web hizmetlerinden sonra do\u011fru i\u015fbirli\u011fi ve fikir payla\u015f\u0131m\u0131n\u0131<\/p>","protected":false},"author":1,"featured_media":0,"parent":0,"menu_order":0,"comment_status":"closed","ping_status":"closed","template":"template-builder.php","meta":{"footnotes":""},"class_list":["post-26489","page","type-page","status-publish","hentry"],"_links":{"self":[{"href":"https:\/\/www.climberbc.com\/ru\/wp-json\/wp\/v2\/pages\/26489","targetHints":{"allow":["GET"]}}],"collection":[{"href":"https:\/\/www.climberbc.com\/ru\/wp-json\/wp\/v2\/pages"}],"about":[{"href":"https:\/\/www.climberbc.com\/ru\/wp-json\/wp\/v2\/types\/page"}],"author":[{"embeddable":true,"href":"https:\/\/www.climberbc.com\/ru\/wp-json\/wp\/v2\/users\/1"}],"replies":[{"embeddable":true,"href":"https:\/\/www.climberbc.com\/ru\/wp-json\/wp\/v2\/comments?post=26489"}],"version-history":[{"count":0,"href":"https:\/\/www.climberbc.com\/ru\/wp-json\/wp\/v2\/pages\/26489\/revisions"}],"wp:attachment":[{"href":"https:\/\/www.climberbc.com\/ru\/wp-json\/wp\/v2\/media?parent=26489"}],"curies":[{"name":"WP","href":"https:\/\/api.w.org\/{rel}","templated":true}]}}