{"id":26569,"date":"2024-08-05T19:31:52","date_gmt":"2024-08-05T19:31:52","guid":{"rendered":"https:\/\/www.climberbc.com\/gizlilik-politikasi\/"},"modified":"2024-08-05T19:31:52","modified_gmt":"2024-08-05T19:31:52","slug":"gizlilik-politikasi","status":"publish","type":"page","link":"https:\/\/www.climberbc.com\/ru\/gizlilik-politikasi\/","title":{"rendered":"Gizlilik Politikas\u0131"},"content":{"rendered":"<h3>\u0413\u0438\u0440\u0438\u0448<\/h3>\n<p>  \u0415\u0441\u043b\u0438 \u0432 \u0432\u0435\u0431-\u0441\u0430\u0439\u0442\u0435 \u0443\u043a\u0430\u0437\u0430\u043d\u043e, \u0447\u0442\u043e \u0432\u0435\u0431-\u0441\u0430\u0439\u0442\u044b \u044f\u0432\u043b\u044f\u044e\u0442\u0441\u044f \u0441\u0442\u0430\u043d\u0434\u0430\u0440\u0442\u043d\u044b\u043c\u0438 \u0438 \u043a\u043e\u0440\u043f\u043e\u0440\u0430\u0442\u0438\u0432\u043d\u044b\u043c\u0438, \u0432\u044b \u043c\u043e\u0436\u0435\u0442\u0435 \u043f\u043e\u043b\u0443\u0447\u0438\u0442\u044c \u0434\u043e\u0441\u0442\u0443\u043f \u043a \u0432\u0435\u0431-\u0441\u0430\u0439\u0442\u0443 ReyTheme, \u043a\u043e\u0442\u043e\u0440\u044b\u0439 \u0431\u0443\u0434\u0435\u0442 \u043e\u0442\u043a\u0440\u044b\u0442 \u0434\u043b\u044f \u0438\u0441\u043f\u043e\u043b\u044c\u0437\u043e\u0432\u0430\u043d\u0438\u044f \u0432 \u0418\u043d\u0442\u0435\u0440\u043d\u0435\u0442\u0435.&nbsp;<a href=\"http:\/\/www.reytheme.com\" target=\"_blank\" rel=\"noopener noreferrer\">www.reytheme.com.<\/a><br \/>\n\u0415\u0441\u043b\u0438 \u0432\u044b \u0445\u043e\u0442\u0438\u0442\u0435, \u0447\u0442\u043e\u0431\u044b \u044d\u0442\u043e \u043f\u0440\u043e\u0438\u0437\u043e\u0448\u043b\u043e, \u0432\u044b \u043c\u043e\u0436\u0435\u0442\u0435 \u0438\u0441\u043f\u043e\u043b\u044c\u0437\u043e\u0432\u0430\u0442\u044c \u0432\u0435\u0431-\u0441\u0430\u0439\u0442\u044b, \u043a\u043e\u0442\u043e\u0440\u044b\u0435 \u043c\u043e\u0436\u043d\u043e \u0438\u0441\u043f\u043e\u043b\u044c\u0437\u043e\u0432\u0430\u0442\u044c \u0434\u043b\u044f \u0434\u0440\u0443\u0433\u0438\u0445 \u0446\u0435\u043b\u0435\u0439.<br \/>\n\u041d\u0430 \u0432\u0435\u0431-\u0441\u0430\u0439\u0442\u0430\u0445 \u0432\u0441\u0435\u0433\u0434\u0430 \u043c\u043e\u0436\u043d\u043e \u043d\u0430\u0439\u0442\u0438 \u0438\u043d\u0444\u043e\u0440\u043c\u0430\u0446\u0438\u044e \u043e \u0442\u043e\u043c, \u043a\u0430\u043a \u044d\u0442\u043e \u0441\u0434\u0435\u043b\u0430\u0442\u044c, \u0438 \u0447\u0442\u043e \u043d\u0443\u0436\u043d\u043e \u0441\u0434\u0435\u043b\u0430\u0442\u044c, \u0447\u0442\u043e\u0431\u044b \u044d\u0442\u043e \u043f\u0440\u043e\u0438\u0437\u043e\u0448\u043b\u043e.<br \/>\n\u0421\u0442\u0430\u043d\u0434\u0430\u0440\u0442\u043d\u044b\u0435 \u0432\u0435\u0431-\u0441\u0430\u0439\u0442\u044b \u0438 \u0441\u0442\u0430\u043d\u0434\u0430\u0440\u0442\u043d\u044b\u0435 \u0432\u0435\u0431-\u0441\u0430\u0439\u0442\u044b \u043c\u043e\u0433\u0443\u0442 \u0431\u044b\u0442\u044c \u043f\u043e\u043b\u043d\u043e\u0441\u0442\u044c\u044e \u0438\u0437\u043c\u0435\u043d\u0435\u043d\u044b, \u0430 \u0432\u0435\u0431-\u0441\u0430\u0439\u0442\u044b \u043f\u043e\u043b\u043d\u043e\u0441\u0442\u044c\u044e \u0438\u0437\u043c\u0435\u043d\u0435\u043d\u044b.<br \/>\n\u0412 \u0442\u0435\u0447\u0435\u043d\u0438\u0435 18 \u043b\u0435\u0442 \u0432\u044b \u043c\u043e\u0436\u0435\u0442\u0435 \u0438\u0441\u043f\u043e\u043b\u044c\u0437\u043e\u0432\u0430\u0442\u044c \u0432\u0435\u0431-\u0441\u0430\u0439\u0442\u044b, \u043a\u043e\u0442\u043e\u0440\u044b\u0435 \u0431\u0443\u0434\u0443\u0442 \u043f\u0440\u043e\u0432\u0435\u0440\u0435\u043d\u044b.      <\/p>\n<h3>Fikri M\u00fclkiyet Haklar\u0131<\/h3>\n<p>  \u041a\u043e\u0433\u0434\u0430-\u0442\u043e \u043e\u043d \u043f\u043e\u044f\u0432\u043b\u044f\u043b\u0441\u044f, \u043d\u043e \u043d\u0435 \u0437\u0430\u043a\u0440\u044b\u0432\u0430\u043b \u0433\u043b\u0430\u0437\u0430, \u0420\u0435\u0439 \u0422\u0435\u043c\u0430 \u0438 \u0431\u044b\u043b\u0438 \u043e\u0442\u043a\u0440\u044b\u0442\u044b \u0434\u043b\u044f \u0432\u0435\u0431-\u0441\u0430\u0439\u0442\u043e\u0432, \u0430 \u0442\u0430\u043a\u0436\u0435 \u0434\u043b\u044f \u0442\u043e\u0433\u043e, \u0447\u0442\u043e\u0431\u044b \u043f\u043e\u043b\u0443\u0447\u0438\u0442\u044c \u0434\u043e\u0441\u0442\u0443\u043f \u043a \u0440\u0430\u0437\u043b\u0438\u0447\u043d\u044b\u043c \u043c\u0430\u0442\u0435\u0440\u0438\u0430\u043b\u0430\u043c \u0438 \u043c\u0430\u0442\u0435\u0440\u0438\u0430\u043b\u0430\u043c.<br \/>\n\u0420\u0430\u0437\u043c\u0435\u0440 \u0444\u0430\u0439\u043b\u0430 \u0434\u043b\u044f \u0432\u0435\u0431-\u0441\u0430\u0439\u0442\u043e\u0432 \u0438 \u043c\u0430\u0442\u0435\u0440\u0438\u0430\u043b\u043e\u0432, \u043a\u043e\u0442\u043e\u0440\u044b\u0435 \u0432\u044b \u043c\u043e\u0436\u0435\u0442\u0435 \u0438\u0441\u043f\u043e\u043b\u044c\u0437\u043e\u0432\u0430\u0442\u044c, \u0434\u043e\u043b\u0436\u043d\u044b \u0431\u044b\u0442\u044c \u043f\u0440\u043e\u0432\u0435\u0440\u0435\u043d\u044b.   <\/p>\n<h3>\u041a\u044b\u0441\u0438\u0442\u043b\u0430\u043c\u0430\u043b\u0430\u0440<\/h3>\n<p>  A\u015fa\u011f\u0131dakilerin t\u00fcm\u00fcnden \u00f6zellikle k\u0131s\u0131tlanm\u0131\u015f durumdas\u0131n\u0131z:  <\/p>\n<ul>\n<li>\u0432\u0435\u0431-\u0441\u0430\u0439\u0442\u044b Herhangi Bir, \u043c\u0430\u0442\u0435\u0440\u0438\u0430\u043b\u044b \u0431\u0430\u0448\u043a\u0430 Herhangi Bir Ortamda Yay\u0131nlamak;<\/li>\n<li>\u0432\u0435\u0431-\u0441\u0430\u0439\u0442\u044b Herhangi bir, \u043c\u0430\u0442\u0435\u0440\u0438\u0430\u043b\u044b Satmak, alt lisanslamak ve\/veya ba\u015fka bir \u015fekilde ticarile\u015ftirmek;<\/li>\n<li>\u0432\u0435\u0431-\u0441\u0430\u0439\u0442\u044b Herhangi Bir Materyalini Kamuya a\u00e7\u0131k olarak icra etmek ve\/veya g\u00f6stermek;<\/li>\n<li>\u041d\u0430 \u0432\u0435\u0431-\u0441\u0430\u0439\u0442\u0430\u0445, \u043d\u0430 \u0432\u0435\u0431-\u0441\u0430\u0439\u0442\u0430\u0445, \u0433\u0434\u0435 \u0435\u0441\u0442\u044c \u0432\u0435\u0431-\u0441\u0430\u0439\u0442\u044b, \u0432\u044b \u043c\u043e\u0436\u0435\u0442\u0435 \u0443\u0431\u0435\u0434\u0438\u0442\u044c\u0441\u044f, \u0447\u0442\u043e \u043e\u043d\u0438 \u043d\u0435 \u0440\u0430\u0431\u043e\u0442\u0430\u044e\u0442;<\/li>\n<li>\u041d\u0430 \u0432\u0435\u0431-\u0441\u0430\u0439\u0442\u0430\u0445 \u0432\u044b \u043c\u043e\u0436\u0435\u0442\u0435 \u043f\u043e\u043b\u0443\u0447\u0438\u0442\u044c \u0434\u043e\u0441\u0442\u0443\u043f \u043a \u0432\u0435\u0431-\u0441\u0430\u0439\u0442\u0430\u043c, \u043a\u043e\u0442\u043e\u0440\u044b\u0435 \u043c\u043e\u0436\u043d\u043e \u0438\u0441\u043f\u043e\u043b\u044c\u0437\u043e\u0432\u0430\u0442\u044c \u0432 \u0418\u043d\u0442\u0435\u0440\u043d\u0435\u0442\u0435;<\/li>\n<li>\u041d\u0430 \u0432\u0435\u0431-\u0441\u0430\u0439\u0442\u0430\u0445 \u0432\u044b \u043c\u043e\u0436\u0435\u0442\u0435 \u043f\u043e\u043b\u0443\u0447\u0438\u0442\u044c \u0434\u043e\u0441\u0442\u0443\u043f \u043a \u0432\u0435\u0431-\u0441\u0430\u0439\u0442\u0430\u043c, \u043a\u043e\u0442\u043e\u0440\u044b\u0435 \u0432\u0430\u043c \u043d\u0443\u0436\u043d\u044b, \u0438 \u043a\u043e\u0442\u043e\u0440\u044b\u0435 \u0432\u044b \u043c\u043e\u0436\u0435\u0442\u0435 \u0438\u0441\u043f\u043e\u043b\u044c\u0437\u043e\u0432\u0430\u0442\u044c \u0434\u043b\u044f \u0441\u0432\u043e\u0438\u0445 \u0446\u0435\u043b\u0435\u0439;<\/li>\n<li>\u041d\u0430 \u0432\u0435\u0431-\u0441\u0430\u0439\u0442\u0430\u0445 \u0438\u043b\u0438 \u0432\u0435\u0431-\u0441\u0430\u0439\u0442\u0430\u0445 \u0432\u044b \u043c\u043e\u0436\u0435\u0442\u0435 \u0443\u0431\u0435\u0434\u0438\u0442\u044c\u0441\u044f, \u0447\u0442\u043e \u0432\u0441\u0435 \u0441\u0434\u0435\u043b\u0430\u043d\u043e \u043f\u0440\u0430\u0432\u0438\u043b\u044c\u043d\u043e, \u0434\u0435\u0439\u0441\u0442\u0432\u0438\u0442\u0435\u043b\u044c\u043d\u043e, \u043e\u0447\u0435\u043d\u044c \u0432\u0430\u0436\u043d\u043e, \u0447\u0442\u043e\u0431\u044b \u044d\u0442\u043e \u0431\u044b\u043b\u043e \u0434\u0435\u0439\u0441\u0442\u0432\u0438\u0442\u0435\u043b\u044c\u043d\u043e \u043f\u043e\u043b\u0435\u0437\u043d\u043e;<\/li>\n<li>\u041d\u0430 \u0432\u0435\u0431-\u0441\u0430\u0439\u0442\u0430\u0445 \u0435\u0441\u0442\u044c \u0440\u0435\u043a\u043b\u0430\u043c\u0430, \u043a\u043e\u0442\u043e\u0440\u0443\u044e \u0432\u044b \u043c\u043e\u0436\u0435\u0442\u0435 \u0438\u0441\u043f\u043e\u043b\u044c\u0437\u043e\u0432\u0430\u0442\u044c, \u0435\u0441\u043b\u0438 \u0445\u043e\u0442\u0438\u0442\u0435.<\/li>\n<\/ul>\n<p>  \u0415\u0441\u043b\u0438 \u0432\u0435\u0431-\u0441\u0430\u0439\u0442\u044b \u0431\u0443\u0434\u0443\u0442 \u043f\u043e\u043b\u043d\u043e\u0441\u0442\u044c\u044e \u0438\u0437\u043c\u0435\u043d\u0435\u043d\u044b, \u0430 Rey Tema, \u0442\u043e \u043e\u043d\u0438 \u0442\u0430\u043a\u0436\u0435 \u043c\u043e\u0433\u0443\u0442 \u0431\u044b\u0442\u044c \u0438\u0437\u043c\u0435\u043d\u0435\u043d\u044b, \u0435\u0441\u043b\u0438 \u0432\u0435\u0431-\u0441\u0430\u0439\u0442\u044b \u0431\u0443\u0434\u0443\u0442 \u0438\u0437\u043c\u0435\u043d\u0435\u043d\u044b, \u0435\u0441\u043b\u0438 \u043e\u043d\u0438 \u0431\u0443\u0434\u0443\u0442 \u0438\u0437\u043c\u0435\u043d\u0435\u043d\u044b.<br \/>\n\u041d\u0430 \u0432\u0435\u0431-\u0441\u0430\u0439\u0442\u0430\u0445 \u0432\u044b \u043c\u043e\u0436\u0435\u0442\u0435 \u043b\u0435\u0433\u043a\u043e \u043d\u0430\u0439\u0442\u0438 \u0438\u043d\u0444\u043e\u0440\u043c\u0430\u0446\u0438\u044e \u043e \u0442\u043e\u043c, \u043a\u0430\u043a \u043f\u043e\u043b\u0443\u0447\u0438\u0442\u044c \u0438\u043d\u0444\u043e\u0440\u043c\u0430\u0446\u0438\u044e, \u0430 \u0442\u0430\u043a\u0436\u0435 \u043f\u043e\u043b\u0443\u0447\u0438\u0442\u044c \u0438\u043d\u0444\u043e\u0440\u043c\u0430\u0446\u0438\u044e \u043e \u0442\u043e\u043c, \u043a\u0430\u043a \u044d\u0442\u043e \u0441\u0434\u0435\u043b\u0430\u0442\u044c, \u0438 \u043e \u0442\u043e\u043c, \u043a\u0430\u043a \u044d\u0442\u043e \u0441\u0434\u0435\u043b\u0430\u0442\u044c.   <\/p>\n<h3>\u0130\u00e7eri\u011finiz<\/h3>\n<p>  \u0415\u0441\u043b\u0438 \u0432\u0435\u0431-\u0441\u0430\u0439\u0442\u044b \u044f\u0432\u043b\u044f\u044e\u0442\u0441\u044f \u0441\u0442\u0430\u043d\u0434\u0430\u0440\u0442\u043d\u044b\u043c\u0438 \u0438 \u043a\u043e\u0440\u043f\u043e\u0440\u0430\u0442\u0438\u0432\u043d\u044b\u043c\u0438, \u201c\u0438\u043d\u0444\u043e\u0440\u043c\u0430\u0446\u0438\u043e\u043d\u043d\u044b\u043c\u0438\u201d, \u0442\u043e \u0432\u0435\u0431-\u0441\u0430\u0439\u0442\u044b \u043c\u043e\u0433\u0443\u0442 \u0431\u044b\u0442\u044c \u0437\u0430\u0433\u0440\u0443\u0436\u0435\u043d\u044b \u0441 \u043f\u043e\u043c\u043e\u0449\u044c\u044e \u0432\u0438\u0434\u0435\u043e\u043c\u0430\u0442\u0435\u0440\u0438\u0430\u043b\u043e\u0432, \u043c\u0430\u0442\u0435\u0440\u0438\u0430\u043b\u043e\u0432 \u0438 \u043c\u0430\u0442\u0435\u0440\u0438\u0430\u043b\u043e\u0432.<br \/>\n\u0130ceri\u011finizi g\u00f6r\u00fcnt\u00fcleyerek, Rey Tema\u2019ya m\u00fcnhas\u0131r olmayan, d\u00fcnya \u00e7ap\u0131nda geri al\u0131namaz, alt lisanslanabilir bir kullan\u0131m, \u00e7o\u011faltma, uyarlama, yay\u0131nlama, terc\u00fcme etme ve her t\u00fcrl\u00fc ortamda da\u011f\u0131tma lisans\u0131 vermi\u015f olursunuz.<br \/>\n\u0423\u0432\u0435\u043b\u0438\u0447\u044c\u0442\u0435 \u0440\u0430\u0437\u043c\u0435\u0440, \u0430 \u0437\u0430\u0442\u0435\u043c \u043d\u0430\u043d\u0435\u0441\u0438\u0442\u0435 \u0435\u0433\u043e \u043d\u0430 \u0442\u0430\u0440\u0430\u0444\u0438\u043d, \u0447\u0442\u043e\u0431\u044b \u0435\u0433\u043e \u043c\u043e\u0436\u043d\u043e \u0431\u044b\u043b\u043e \u0438\u0441\u043f\u043e\u043b\u044c\u0437\u043e\u0432\u0430\u0442\u044c.<br \/>\n\u0420\u0435\u0439 \u0422\u0435\u043c\u0430, \u0130\u00e7eri\u011finizden Herhangi Birini Herhangi Bir Zamanda bildirimde bulunmaks\u0131z\u0131n bu Web Sitesinden kald\u0131rma hakk\u0131n\u0131 Sakl\u0131 Tutar.     <\/p>\n<h3>Gizlili\u011finiz<\/h3>\n<p>  L\u00fctfen Gizlilik Politikas\u0131n\u0131 okuyun.  <\/p>\n<h3>Garanti yok<\/h3>\n<p>  \u0415\u0441\u043b\u0438 \u0432\u0435\u0431-\u0441\u0430\u0439\u0442\u044b \u0441\u043e\u0434\u0435\u0440\u0436\u0430\u0442 \u201c\u0441\u0442\u0430\u0440\u044b\u0435 \u0441\u043b\u043e\u0432\u0430\u201d, \u0430 \u0442\u0430\u043a\u0436\u0435 Rey Tema, \u0435\u0441\u043b\u0438 \u0432\u0435\u0431-\u0441\u0430\u0439\u0442\u044b \u044f\u0432\u043b\u044f\u044e\u0442\u0441\u044f \u0432\u0435\u0431-\u0441\u0430\u0439\u0442\u0430\u043c\u0438, \u0438 \u0432\u044b \u0432\u0441\u0435\u0433\u0434\u0430 \u043c\u043e\u0436\u0435\u0442\u0435 \u0433\u0430\u0440\u0430\u043d\u0442\u0438\u0440\u043e\u0432\u0430\u0442\u044c \u0438\u0445 \u043d\u0430\u0434\u0435\u0436\u043d\u043e\u0441\u0442\u044c.<br \/>\n\u041a\u043e\u043d\u0435\u0447\u043d\u043e, \u0432\u0435\u0431-\u0441\u0430\u0439\u0442\u044b \u0438\u043c\u0435\u044e\u0442 \u0440\u0430\u0437\u043c\u0435\u0440, \u0440\u0430\u0432\u043d\u044b\u0439 \u0440\u0430\u0437\u043c\u0435\u0440\u0443, \u043a\u043e\u0442\u043e\u0440\u044b\u0439 \u0432\u044b \u043c\u043e\u0436\u0435\u0442\u0435 \u0438\u0441\u043f\u043e\u043b\u044c\u0437\u043e\u0432\u0430\u0442\u044c.   <\/p>\n<h3>Sorumlulu\u011fun s\u0131n\u0131rland\u0131r\u0131lmas\u0131<\/h3>\n<p>  Rey Tema veya Herhangi Bir Yetkilisi, Y\u00f6neticisi ve \u00e7al\u0131\u015fan\u0131, bu Web Sitesini kullan\u0131m\u0131n\u0131zdan kaynaklanan veya Bununla Herhangi Bir \u015fekilde ba\u011flant\u0131l\u0131 Olan Herhangi Bir \u015feyden, s\u00f6z konusu sorumluluk s\u00f6zle\u015fme kapsam\u0131nda olup olmad\u0131\u011f\u0131na bak\u0131lmaks\u0131z\u0131n, hi\u00e7bir durumda sorumlu tutulamaz.  Rey Tema, youkilileri, y\u00f6neticileri \u0438 \u00e7al\u0131\u015fanlar\u0131 dahil olmak \u00fczere, bu kullan\u0131m\u0131n\u0131zdan kaynaklanan veya herhangi bir \u015fekilde Bununla ilgili olarak ortaya \u00e7\u0131kan dolayl\u0131, sonu\u00e7sal veya \u00f6zel y\u00fck\u00fcml\u00fcl\u00fcklerden sorumlu tutulamaz.  <\/p>\n<h3>\u0422\u0430\u0437\u043c\u0438\u043d\u0430\u0442<\/h3>\n<p>  \u0130\u015fbu \u015eartlar\u0131n herhangi bir h\u00fckm\u00fcn\u00fc ihlal etmenizle ilgili olarak herhangi bir \u015fekilde ortaya \u00e7\u0131kan her t\u00fcrl\u00fc ve\/veya t\u00fcm y\u00fck\u00fcml\u00fcl\u00fck, maliyet, talep, dava nedeni, zarar ve masraflara kar\u015f\u0131 Rey Tema&#039;y\u0131 en geni\u015f \u00f6l\u00e7\u00fcde tazmin edersiniz.  <\/p>\n<h3>B\u00f6l\u00fcnebilirlik<\/h3>\n<p>  \u0415\u0441\u043b\u0438 \u0432\u044b \u0445\u043e\u0442\u0438\u0442\u0435, \u0447\u0442\u043e\u0431\u044b \u0432\u0430\u0448\u0438 \u0440\u0443\u043a\u0438 \u0431\u044b\u043b\u0438 \u0432 \u043f\u043e\u0440\u044f\u0434\u043a\u0435, \u0432\u044b \u043c\u043e\u0436\u0435\u0442\u0435 \u043f\u043e\u043b\u0443\u0447\u0438\u0442\u044c \u0441\u0442\u0430\u0440\u044b\u0435 \u0437\u043d\u0430\u043d\u0438\u044f, \u043a\u043e\u0442\u043e\u0440\u044b\u0435 \u043d\u0443\u0436\u043d\u043e \u0440\u0435\u0434\u0430\u043a\u0442\u0438\u0440\u043e\u0432\u0430\u0442\u044c, \u043f\u043e\u044d\u0442\u043e\u043c\u0443 \u0432\u044b \u0434\u043e\u043b\u0436\u043d\u044b \u043f\u043e\u043b\u0443\u0447\u0438\u0442\u044c \u0438\u043d\u0444\u043e\u0440\u043c\u0430\u0446\u0438\u044e \u043e \u0445\u044e\u043a\u044e\u043c\u043b\u0435\u0440\u0435, \u0430 \u0442\u0430\u043a\u0436\u0435 \u043e \u0445\u044e\u043a\u044e\u043c\u043b\u0435\u0440\u0438 \u0438 \u0434\u0440\u0443\u0433\u0438\u0445 \u043b\u0435\u0447\u0435\u0431\u043d\u044b\u0445 \u0441\u0440\u0435\u0434\u0441\u0442\u0432\u0430\u0445.  <\/p>\n<h3>Terimlerin De\u011fi\u015fimi<\/h3>\n<p>  \u0422\u0435\u043c\u0430, \u043a\u043e\u0442\u043e\u0440\u0430\u044f \u043c\u043e\u0436\u0435\u0442 \u0431\u044b\u0442\u044c \u0438\u0441\u043f\u043e\u043b\u044c\u0437\u043e\u0432\u0430\u043d\u0430 \u043f\u0440\u0438 \u043e\u0442\u043a\u0440\u044b\u0442\u0438\u0438 \u0441\u0442\u0440\u0430\u043d\u0438\u0446\u044b, \u0434\u043e\u043b\u0436\u043d\u0430 \u0431\u044b\u0442\u044c \u043f\u0440\u043e\u0432\u0435\u0440\u0435\u043d\u0430 \u0438 \u043f\u0440\u043e\u0432\u0435\u0440\u0435\u043d\u0430, \u0430 \u0432\u0435\u0431-\u0441\u0430\u0439\u0442\u044b \u0434\u043e\u043b\u0436\u043d\u044b \u0431\u044b\u0442\u044c \u043f\u0440\u043e\u0432\u0435\u0440\u0435\u043d\u044b, \u0430 \u0442\u0430\u043a\u0436\u0435 \u0434\u043e\u0441\u0442\u0443\u043f\u043d\u044b \u0434\u043b\u044f \u043f\u0440\u043e\u0441\u043c\u043e\u0442\u0440\u0430.  <\/p>\n<h3>G\u00f6revlendirme<\/h3>\n<p>  \u0420\u0435\u0439 \u0422\u0435\u043c\u0430, \u0435\u0441\u043b\u0438 \u0443 \u0432\u0430\u0441 \u0435\u0441\u0442\u044c \u043a\u0430\u043a\u0438\u0435-\u043b\u0438\u0431\u043e \u043f\u0440\u043e\u0431\u043b\u0435\u043c\u044b \u0441 \u043a\u043e\u0448\u0443\u043b\u043b\u0430\u0440\u043e\u043c, \u043a\u043e\u0442\u043e\u0440\u044b\u0435 \u0432\u044b \u043c\u043e\u0436\u0435\u0442\u0435 \u0438\u0441\u043f\u043e\u043b\u044c\u0437\u043e\u0432\u0430\u0442\u044c \u0434\u043b\u044f \u0441\u0432\u043e\u0438\u0445 \u0446\u0435\u043b\u0435\u0439, \u0432\u044b \u043c\u043e\u0436\u0435\u0442\u0435 \u0441\u0434\u0435\u043b\u0430\u0442\u044c \u044d\u0442\u043e, \u0430\u043a\u0442\u0438\u0432\u0438\u0440\u043e\u0432\u0430\u0442\u044c \u0438 \u0441\u0434\u0435\u043b\u0430\u0442\u044c \u0447\u0442\u043e-\u0442\u043e \u0435\u0449\u0435.<br \/>\n\u041a\u0440\u043e\u043c\u0435 \u0442\u043e\u0433\u043e, \u0435\u0441\u043b\u0438 \u0432\u044b \u0445\u043e\u0442\u0438\u0442\u0435, \u0447\u0442\u043e\u0431\u044b \u0432\u0430\u0448\u0438 \u0441\u043e\u043e\u0431\u0449\u0435\u043d\u0438\u044f \u0431\u044b\u043b\u0438 \u0437\u0430\u043a\u0440\u044b\u0442\u044b, \u0432\u044b \u043c\u043e\u0436\u0435\u0442\u0435 \u043e\u0442\u043a\u043b\u044e\u0447\u0438\u0442\u044c \u0438\u0445, \u0430 \u0442\u0430\u043a\u0436\u0435 \u043f\u043e\u043b\u0443\u0447\u0438\u0442\u044c \u0434\u043e\u0441\u0442\u0443\u043f \u043a \u0434\u0440\u0443\u0433\u0438\u043c \u0443\u0441\u0442\u0440\u043e\u0439\u0441\u0442\u0432\u0430\u043c.   <\/p>\n<h3>T\u00fcm S\u00f6zle\u015fme<\/h3>\n<p>  \u0415\u0441\u043b\u0438 \u0432\u044b \u0440\u0435\u0448\u0438\u0442\u0435, \u0447\u0442\u043e \u043d\u0430 \u0432\u0435\u0431-\u0441\u0430\u0439\u0442\u0430\u0445 \u043f\u043e\u044f\u0432\u0438\u0442\u0441\u044f \u0438\u043d\u0444\u043e\u0440\u043c\u0430\u0446\u0438\u044f \u043e \u0420\u0435\u0439 \u0422\u0435\u043c\u0435, \u0432\u044b \u0443\u0432\u0438\u0434\u0438\u0442\u0435 \u0430\u043d\u043b\u0430\u0448\u043c\u0430\u043d\u044b, \u043a\u043e\u0442\u043e\u0440\u044b\u0435 \u0431\u0443\u0434\u0443\u0442 \u0437\u0430\u043f\u043e\u043b\u043d\u0435\u043d\u044b, \u0430 \u0442\u0430\u043a\u0436\u0435 \u043a\u043e\u0433\u0434\u0430-\u043d\u0438\u0431\u0443\u0434\u044c \u044d\u0442\u043e \u043f\u0440\u043e\u0438\u0437\u043e\u0439\u0434\u0435\u0442, \u0430 \u0442\u0430\u043a\u0436\u0435 \u043c\u0443\u0442\u0430\u0431\u0430\u043a\u0430\u0442\u043b\u0430\u0440\u044b \u0438\u0435\u0440\u0438\u043d\u0435.  <\/p>\n<h3>\u0413\u0435\u0447\u0435\u0440\u043b\u0438 \u0425\u0443\u043a\u0443\u043a \u0432\u0435 \u042f\u0440\u0433\u044b \u0419\u0435\u0442\u043a\u0438\u0441\u0438<\/h3>\n<p>  \u0412 \u041a\u043e\u0448\u0443\u043b\u043b\u0430\u0440\u0435, \u0410\u0411\u0414 \u042d\u044f\u043b\u0435\u0442\u0438, \u0435\u0441\u0442\u044c \u0439\u043e\u043d\u0435\u0442\u0438\u043b\u0438\u0447\u0435\u043a \u0438 \u0439\u043e\u0440\u0443\u043c\u043b\u0430\u043d\u0430\u043a\u0430\u043a\u0442\u044b\u0440, \u0430 \u0442\u0430\u043a\u0436\u0435 \u0435\u0435 \u0430\u043d\u043b\u0430\u0448\u043c\u0430\u0437\u043b\u044b\u0433\u044b\u043d, \u043a\u043e\u0442\u043e\u0440\u044b\u0439 \u043d\u0430\u0445\u043e\u0434\u0438\u0442\u0441\u044f \u0432 \u0410\u0411\u0414 \u0431\u0443\u043b\u0443\u043d\u0430\u043d\u0435 \u044d\u044f\u043b\u0435\u0442 \u0438 \u0444\u0435\u0434\u0435\u0440\u0430\u043b\u044c\u043d\u044b\u0439 \u043c\u0430\u0445\u043a\u0435\u043c\u0435\u043b\u0435\u0440\u0438\u043d \u043e\u043b\u043c\u0430\u044f\u043d \u044f\u0440\u0433\u0438 \u0439\u0435\u0442\u043a\u0438\u0441\u0438\u043d\u0435 \u0442\u0430\u0431\u0438 \u043e\u043b\u0443\u0440\u0441\u0443\u043d\u0443\u0437.<\/p>","protected":false},"excerpt":{"rendered":"<p>Giri\u015f Bu web sayfas\u0131nda yaz\u0131l\u0131 olan bu Web Sitesi Standart H\u00fck\u00fcm ve Ko\u015fullar\u0131, \u015fu adresten eri\u015filebilen ReyTheme web sitemizi kullan\u0131m\u0131n\u0131z\u0131<\/p>","protected":false},"author":1,"featured_media":0,"parent":0,"menu_order":0,"comment_status":"closed","ping_status":"closed","template":"template-compact.php","meta":{"footnotes":""},"class_list":["post-26569","page","type-page","status-publish","hentry"],"_links":{"self":[{"href":"https:\/\/www.climberbc.com\/ru\/wp-json\/wp\/v2\/pages\/26569","targetHints":{"allow":["GET"]}}],"collection":[{"href":"https:\/\/www.climberbc.com\/ru\/wp-json\/wp\/v2\/pages"}],"about":[{"href":"https:\/\/www.climberbc.com\/ru\/wp-json\/wp\/v2\/types\/page"}],"author":[{"embeddable":true,"href":"https:\/\/www.climberbc.com\/ru\/wp-json\/wp\/v2\/users\/1"}],"replies":[{"embeddable":true,"href":"https:\/\/www.climberbc.com\/ru\/wp-json\/wp\/v2\/comments?post=26569"}],"version-history":[{"count":0,"href":"https:\/\/www.climberbc.com\/ru\/wp-json\/wp\/v2\/pages\/26569\/revisions"}],"wp:attachment":[{"href":"https:\/\/www.climberbc.com\/ru\/wp-json\/wp\/v2\/media?parent=26569"}],"curies":[{"name":"WP","href":"https:\/\/api.w.org\/{rel}","templated":true}]}}