{"id":26580,"date":"2024-08-05T19:31:52","date_gmt":"2024-08-05T19:31:52","guid":{"rendered":"https:\/\/www.climberbc.com\/yeni-gelenler\/"},"modified":"2024-08-13T06:21:25","modified_gmt":"2024-08-13T06:21:25","slug":"yeni-gelenler","status":"publish","type":"page","link":"https:\/\/www.climberbc.com\/ru\/yeni-gelenler\/","title":{"rendered":"Yeni Gelenler"},"content":{"rendered":"<div data-elementor-type=\"wp-post\" data-elementor-id=\"26580\" class=\"elementor elementor-26580\" data-elementor-post-type=\"page\">\n\t\t\t\t\t\t<section class=\"wd-negative-gap elementor-section elementor-top-section elementor-element elementor-element-3ed7ae3 elementor-section-boxed elementor-section-height-default elementor-section-height-default\" data-id=\"3ed7ae3\" data-element_type=\"section\" data-e-type=\"section\" data-settings=\"{&quot;background_background&quot;:&quot;classic&quot;}\">\n\t\t\t\t\t\t<div class=\"elementor-container elementor-column-gap-default\">\n\t\t\t\t\t<div class=\"elementor-column elementor-col-100 elementor-top-column elementor-element elementor-element-8c6eb57\" data-id=\"8c6eb57\" data-element_type=\"column\" data-e-type=\"column\">\n\t\t\t<div class=\"elementor-widget-wrap elementor-element-populated\">\n\t\t\t\t\t\t<div class=\"elementor-element elementor-element-b69580d color-scheme-inherit text-left elementor-widget elementor-widget-text-editor\" data-id=\"b69580d\" data-element_type=\"widget\" data-e-type=\"widget\" data-widget_type=\"text-editor.default\">\n\t\t\t\t<div class=\"elementor-widget-container\">\n\t\t\t\t\t\t\t\t\t<p>B\u00fcltenimize abone olun, ilk al\u0131\u015fveri\u015finizde %10 indirim kazan\u0131n<br \/>\u0432\u0435 \u0430\u043d \u0439\u0435\u043d\u0438 ur\u00fcnlerimizi asla ka\u00e7\u0131rmay\u0131n.<\/p>\n\t\t\t\t\t\t\t\t<\/div>\n\t\t\t\t<\/div>\n\t\t\t\t<div class=\"elementor-element elementor-element-b528051 elementor-widget__width-auto elementor-absolute elementor-widget elementor-widget-image\" data-id=\"b528051\" data-element_type=\"widget\" data-e-type=\"widget\" data-settings=\"{&quot;_position&quot;:&quot;absolute&quot;}\" data-widget_type=\"image.default\">\n\t\t\t\t<div class=\"elementor-widget-container\">\n\t\t\t\t\t\t\t\t\t\t\t\t\t\t\t<img fetchpriority=\"high\" decoding=\"async\" width=\"266\" height=\"266\" src=\"https:\/\/www.climberbc.com\/wp-content\/uploads\/2019\/05\/boat-anchor66b1289a65fd8.svg\" class=\"attachment-full size-full wp-image-23940\" alt=\"\" \/>\t\t\t\t\t\t\t\t\t\t\t\t\t\t\t<\/div>\n\t\t\t\t<\/div>\n\t\t\t\t\t<\/div>\n\t\t<\/div>\n\t\t\t\t\t<\/div>\n\t\t<\/section>\n\t\t\t\t<section class=\"wd-negative-gap elementor-section elementor-top-section elementor-element elementor-element-0ba1bce elementor-section-boxed elementor-section-height-default elementor-section-height-default\" data-id=\"0ba1bce\" data-element_type=\"section\" data-e-type=\"section\">\n\t\t\t\t\t\t<div class=\"elementor-container elementor-column-gap-default\">\n\t\t\t\t\t<div class=\"elementor-column elementor-col-100 elementor-top-column elementor-element elementor-element-33bc2a7\" data-id=\"33bc2a7\" data-element_type=\"column\" data-e-type=\"column\">\n\t\t\t<div class=\"elementor-widget-wrap\">\n\t\t\t\t\t\t\t<\/div>\n\t\t<\/div>\n\t\t\t\t\t<\/div>\n\t\t<\/section>\n\t\t\t\t<\/div>","protected":false},"excerpt":{"rendered":"<p>B\u00fcltenimize abone olun, ilk al\u0131\u015fveri\u015finizde %10 indirim kazan\u0131nve en yeni \u00fcr\u00fcnlerimizi asla ka\u00e7\u0131rmay\u0131n. Showing 1&ndash;12 of 263 results Sort by<\/p>","protected":false},"author":1,"featured_media":0,"parent":0,"menu_order":0,"comment_status":"closed","ping_status":"closed","template":"template-builder.php","meta":{"footnotes":""},"class_list":["post-26580","page","type-page","status-publish","hentry"],"_links":{"self":[{"href":"https:\/\/www.climberbc.com\/ru\/wp-json\/wp\/v2\/pages\/26580","targetHints":{"allow":["GET"]}}],"collection":[{"href":"https:\/\/www.climberbc.com\/ru\/wp-json\/wp\/v2\/pages"}],"about":[{"href":"https:\/\/www.climberbc.com\/ru\/wp-json\/wp\/v2\/types\/page"}],"author":[{"embeddable":true,"href":"https:\/\/www.climberbc.com\/ru\/wp-json\/wp\/v2\/users\/1"}],"replies":[{"embeddable":true,"href":"https:\/\/www.climberbc.com\/ru\/wp-json\/wp\/v2\/comments?post=26580"}],"version-history":[{"count":0,"href":"https:\/\/www.climberbc.com\/ru\/wp-json\/wp\/v2\/pages\/26580\/revisions"}],"wp:attachment":[{"href":"https:\/\/www.climberbc.com\/ru\/wp-json\/wp\/v2\/media?parent=26580"}],"curies":[{"name":"WP","href":"https:\/\/api.w.org\/{rel}","templated":true}]}}