{"id":17665,"date":"2024-07-19T12:07:13","date_gmt":"2024-07-19T12:07:13","guid":{"rendered":"https:\/\/www.climberbc.com\/web\/product\/orme-bisiklet-yaka-t-shirt-2\/"},"modified":"2024-07-19T12:07:13","modified_gmt":"2024-07-19T12:07:13","slug":"orme-bisiklet-yaka-t-shirt-2","status":"publish","type":"product","link":"https:\/\/www.climberbc.com\/ru\/product\/orme-bisiklet-yaka-t-shirt-2\/","title":{"rendered":"\u00d6rme Bisiklet Yaka T-Shirt"},"content":{"rendered":"<p><strong>\u0422\u0430\u043b\u0438\u043c\u0430\u0442\u0438:<\/strong> nEn fazla 30\u00b0C hassas y\u0131kanabilir. \u043d \u043d\u041a\u043b\u043e\u0440\u043b\u0430 \u0430\u0433\u0430\u0440\u0442\u044b\u043b\u0430\u043c\u0430\u0437. \u043d \u043d \u0422\u0430\u043c\u0431\u0443\u0440 \u043a\u0443\u0440\u0443\u0442\u043c\u0430 \u044f\u043f\u0438\u043b\u0430\u043c\u0430\u0437. \u0412 \u043f\u0440\u043e\u0442\u0438\u0432\u043d\u043e\u043c \u0441\u043b\u0443\u0447\u0430\u0435 \u0432\u044b \u043c\u043e\u0436\u0435\u0442\u0435 \u043e\u0442\u043a\u043b\u044e\u0447\u0438\u0442\u044c \u0444\u0443\u043d\u043a\u0446\u0438\u044e. \u043d \u041a\u0443\u0440\u0443 \u0442\u0435\u043c\u0438\u0437\u043b\u0435\u043c\u0435 \u044f\u043f\u0438\u043b\u0430\u043c\u0430\u0437. n nBenzer renkliler ile birlikte y\u0131kay\u0131n\u0131z. n nTersten \u00fct\u00fcleyiniz.<\/p>","protected":false},"excerpt":{"rendered":"<p>\u0422\u0430\u043b\u0438\u043c\u0430\u0442\u0438: nEn fazla 30\u00b0C \u0445\u0430\u0441\u0441\u0430\u0441 \u0439\u0438\u043a\u0430\u043d\u0430\u0431\u0438\u043b\u0438\u0440. n nKlorla a\u011fart\u0131lamaz. \u043d \u043d \u0422\u0430\u043c\u0431\u0443\u0440 \u043a\u0443\u0440\u0443\u0442\u043c\u0430 \u044f\u043f\u0438\u043b\u0430\u043c\u0430\u0437. \u0412 \u043f\u0440\u043e\u0442\u0438\u0432\u043d\u043e\u043c \u0441\u043b\u0443\u0447\u0430\u0435 \u0432\u044b \u043c\u043e\u0436\u0435\u0442\u0435 \u043e\u0442\u043a\u043b\u044e\u0447\u0438\u0442\u044c \u0444\u0443\u043d\u043a\u0446\u0438\u044e. \u043d<\/p>","protected":false},"featured_media":22158,"template":"","meta":[],"product_brand":[],"product_cat":[389,379],"product_tag":[],"class_list":{"0":"post-17665","1":"product","2":"type-product","3":"status-publish","4":"has-post-thumbnail","6":"product_cat-crew-neck","7":"product_cat-t-shirt","9":"first","10":"instock","11":"product-type-simple"},"_links":{"self":[{"href":"https:\/\/www.climberbc.com\/ru\/wp-json\/wp\/v2\/product\/17665","targetHints":{"allow":["GET"]}}],"collection":[{"href":"https:\/\/www.climberbc.com\/ru\/wp-json\/wp\/v2\/product"}],"about":[{"href":"https:\/\/www.climberbc.com\/ru\/wp-json\/wp\/v2\/types\/product"}],"version-history":[{"count":0,"href":"https:\/\/www.climberbc.com\/ru\/wp-json\/wp\/v2\/product\/17665\/revisions"}],"wp:featuredmedia":[{"embeddable":true,"href":"https:\/\/www.climberbc.com\/ru\/wp-json\/wp\/v2\/media\/22158"}],"wp:attachment":[{"href":"https:\/\/www.climberbc.com\/ru\/wp-json\/wp\/v2\/media?parent=17665"}],"wp:term":[{"taxonomy":"product_brand","embeddable":true,"href":"https:\/\/www.climberbc.com\/ru\/wp-json\/wp\/v2\/product_brand?post=17665"},{"taxonomy":"product_cat","embeddable":true,"href":"https:\/\/www.climberbc.com\/ru\/wp-json\/wp\/v2\/product_cat?post=17665"},{"taxonomy":"product_tag","embeddable":true,"href":"https:\/\/www.climberbc.com\/ru\/wp-json\/wp\/v2\/product_tag?post=17665"}],"curies":[{"name":"WP","href":"https:\/\/api.w.org\/{rel}","templated":true}]}}