{"id":17670,"date":"2024-07-19T12:07:13","date_gmt":"2024-07-19T12:07:13","guid":{"rendered":"https:\/\/www.climberbc.com\/web\/product\/orme-bisiklet-yaka-t-shirt-3\/"},"modified":"2024-08-25T15:53:09","modified_gmt":"2024-08-25T15:53:09","slug":"orme-bisiklet-yaka-t-shirt-3__trashed","status":"publish","type":"product","link":"https:\/\/www.climberbc.com\/ru\/product\/orme-bisiklet-yaka-t-shirt-3__trashed\/","title":{"rendered":"\u00d6rme Bisiklet Yaka T-Shirt"},"content":{"rendered":"<p>Y\u0131kama Talimat\u0131:<\/p>","protected":false},"excerpt":{"rendered":"<p>Y\u0131kama Talimat\u0131:<\/p>","protected":false},"featured_media":22141,"template":"","meta":[],"product_brand":[],"product_cat":[387,378],"product_tag":[],"class_list":{"0":"post-17670","1":"product","2":"type-product","3":"status-publish","4":"has-post-thumbnail","6":"product_cat-murettebat-yaka","7":"product_cat-t-shirt-tr","9":"first","10":"instock","11":"product-type-simple"},"_links":{"self":[{"href":"https:\/\/www.climberbc.com\/ru\/wp-json\/wp\/v2\/product\/17670","targetHints":{"allow":["GET"]}}],"collection":[{"href":"https:\/\/www.climberbc.com\/ru\/wp-json\/wp\/v2\/product"}],"about":[{"href":"https:\/\/www.climberbc.com\/ru\/wp-json\/wp\/v2\/types\/product"}],"version-history":[{"count":0,"href":"https:\/\/www.climberbc.com\/ru\/wp-json\/wp\/v2\/product\/17670\/revisions"}],"wp:featuredmedia":[{"embeddable":true,"href":"https:\/\/www.climberbc.com\/ru\/wp-json\/wp\/v2\/media\/22141"}],"wp:attachment":[{"href":"https:\/\/www.climberbc.com\/ru\/wp-json\/wp\/v2\/media?parent=17670"}],"wp:term":[{"taxonomy":"product_brand","embeddable":true,"href":"https:\/\/www.climberbc.com\/ru\/wp-json\/wp\/v2\/product_brand?post=17670"},{"taxonomy":"product_cat","embeddable":true,"href":"https:\/\/www.climberbc.com\/ru\/wp-json\/wp\/v2\/product_cat?post=17670"},{"taxonomy":"product_tag","embeddable":true,"href":"https:\/\/www.climberbc.com\/ru\/wp-json\/wp\/v2\/product_tag?post=17670"}],"curies":[{"name":"WP","href":"https:\/\/api.w.org\/{rel}","templated":true}]}}