{"id":17675,"date":"2024-07-19T12:07:13","date_gmt":"2024-07-19T12:07:13","guid":{"rendered":"https:\/\/www.climberbc.com\/web\/product\/orme-bisiklet-yaka-t-shirt-3\/"},"modified":"2024-07-19T12:07:13","modified_gmt":"2024-07-19T12:07:13","slug":"orme-bisiklet-yaka-t-shirt-3","status":"publish","type":"product","link":"https:\/\/www.climberbc.com\/ru\/product\/orme-bisiklet-yaka-t-shirt-3\/","title":{"rendered":"\u00d6rme Bisiklet Yaka T-Shirt"},"content":{"rendered":"<p>Y\u0131kama Talimat\u0131:<\/p>","protected":false},"excerpt":{"rendered":"<p>Y\u0131kama Talimat\u0131:<\/p>","protected":false},"featured_media":22140,"template":"","meta":[],"product_brand":[],"product_cat":[389,379],"product_tag":[],"class_list":{"0":"post-17675","1":"product","2":"type-product","3":"status-publish","4":"has-post-thumbnail","6":"product_cat-crew-neck","7":"product_cat-t-shirt","9":"first","10":"instock","11":"product-type-simple"},"_links":{"self":[{"href":"https:\/\/www.climberbc.com\/ru\/wp-json\/wp\/v2\/product\/17675","targetHints":{"allow":["GET"]}}],"collection":[{"href":"https:\/\/www.climberbc.com\/ru\/wp-json\/wp\/v2\/product"}],"about":[{"href":"https:\/\/www.climberbc.com\/ru\/wp-json\/wp\/v2\/types\/product"}],"version-history":[{"count":0,"href":"https:\/\/www.climberbc.com\/ru\/wp-json\/wp\/v2\/product\/17675\/revisions"}],"wp:featuredmedia":[{"embeddable":true,"href":"https:\/\/www.climberbc.com\/ru\/wp-json\/wp\/v2\/media\/22140"}],"wp:attachment":[{"href":"https:\/\/www.climberbc.com\/ru\/wp-json\/wp\/v2\/media?parent=17675"}],"wp:term":[{"taxonomy":"product_brand","embeddable":true,"href":"https:\/\/www.climberbc.com\/ru\/wp-json\/wp\/v2\/product_brand?post=17675"},{"taxonomy":"product_cat","embeddable":true,"href":"https:\/\/www.climberbc.com\/ru\/wp-json\/wp\/v2\/product_cat?post=17675"},{"taxonomy":"product_tag","embeddable":true,"href":"https:\/\/www.climberbc.com\/ru\/wp-json\/wp\/v2\/product_tag?post=17675"}],"curies":[{"name":"WP","href":"https:\/\/api.w.org\/{rel}","templated":true}]}}