{"id":18572,"date":"2024-07-19T12:28:24","date_gmt":"2024-07-19T12:28:24","guid":{"rendered":"https:\/\/www.climberbc.com\/web\/product\/tencel-kisa-kollu-kisa-gomlek\/"},"modified":"2024-08-25T15:53:06","modified_gmt":"2024-08-25T15:53:06","slug":"tencel-kisa-kollu-kisa-gomlek__trashed","status":"publish","type":"product","link":"https:\/\/www.climberbc.com\/ru\/product\/tencel-kisa-kollu-kisa-gomlek__trashed\/","title":{"rendered":"\u0422\u0435\u043d\u0441\u0435\u043b \u041a\u044b\u0441\u0430 \u041a\u043e\u043b\u043b\u0443 \u041a\u044b\u0441\u0430 \u0413\u0451\u043c\u043b\u0435\u043a"},"content":{"rendered":"<p>\u0419\u044b\u043a\u0430\u043c\u0430 \u0422\u0430\u043b\u0438\u043c\u0430\u0442\u044b: nEn fazla 30\u00b0 C y\u0131kanabilir. \u041a\u043b\u043e\u0440\u043b\u0430 \u0430\u0433\u0430\u0440\u0442\u044b\u043b\u0430\u043c\u0430\u0437.<br \/>\nTambur kurutma yap\u0131lamaz.<br \/>\n\u0412 \u043f\u0440\u043e\u0442\u0438\u0432\u043d\u043e\u043c \u0441\u043b\u0443\u0447\u0430\u0435 \u043d\u0430\u0436\u043c\u0438\u0442\u0435 \u043a\u043d\u043e\u043f\u043a\u0443 \u00ab\u0423\u0434\u0430\u043b\u0438\u0442\u044c\u00bb.<br \/>\nKuru temizleme yap\u0131labilir.<br \/>\nTersten Y\u0131kay\u0131n\u0131z.<br \/>\n\u0411\u0435\u043d\u0437\u0435\u0440 \u043c\u043e\u0436\u0435\u0442 \u0432\u043e\u0441\u043f\u043e\u043b\u044c\u0437\u043e\u0432\u0430\u0442\u044c\u0441\u044f \u0432\u0430\u0448\u0438\u043c\u0438 \u0443\u0441\u043b\u0443\u0433\u0430\u043c\u0438.     <\/p>","protected":false},"excerpt":{"rendered":"<p>Y\u0131kama Talimat\u0131: nEn fazla 30\u00b0 C y\u0131kanabilir. Klorla a\u011fart\u0131lamaz. Tambur kurutma yap\u0131lamaz. Orta s\u0131cakl\u0131kta \u00fct\u00fcleme yap\u0131labilir. Kuru temizleme yap\u0131labilir. Tersten<\/p>","protected":false},"featured_media":18049,"template":"","meta":[],"product_brand":[],"product_cat":[393,395],"product_tag":[],"class_list":{"0":"post-18572","1":"product","2":"type-product","3":"status-publish","4":"has-post-thumbnail","6":"product_cat-gomlek","7":"product_cat-kisa-kollu","9":"first","10":"instock","11":"product-type-simple"},"_links":{"self":[{"href":"https:\/\/www.climberbc.com\/ru\/wp-json\/wp\/v2\/product\/18572","targetHints":{"allow":["GET"]}}],"collection":[{"href":"https:\/\/www.climberbc.com\/ru\/wp-json\/wp\/v2\/product"}],"about":[{"href":"https:\/\/www.climberbc.com\/ru\/wp-json\/wp\/v2\/types\/product"}],"version-history":[{"count":0,"href":"https:\/\/www.climberbc.com\/ru\/wp-json\/wp\/v2\/product\/18572\/revisions"}],"wp:featuredmedia":[{"embeddable":true,"href":"https:\/\/www.climberbc.com\/ru\/wp-json\/wp\/v2\/media\/18049"}],"wp:attachment":[{"href":"https:\/\/www.climberbc.com\/ru\/wp-json\/wp\/v2\/media?parent=18572"}],"wp:term":[{"taxonomy":"product_brand","embeddable":true,"href":"https:\/\/www.climberbc.com\/ru\/wp-json\/wp\/v2\/product_brand?post=18572"},{"taxonomy":"product_cat","embeddable":true,"href":"https:\/\/www.climberbc.com\/ru\/wp-json\/wp\/v2\/product_cat?post=18572"},{"taxonomy":"product_tag","embeddable":true,"href":"https:\/\/www.climberbc.com\/ru\/wp-json\/wp\/v2\/product_tag?post=18572"}],"curies":[{"name":"WP","href":"https:\/\/api.w.org\/{rel}","templated":true}]}}