{"id":18949,"date":"2024-07-19T12:34:26","date_gmt":"2024-07-19T12:34:26","guid":{"rendered":"https:\/\/www.climberbc.com\/web\/product\/%d1%80%d0%b5%d0%ba%d0%b0-%d0%bf%d0%b0%d1%80%d1%84%d1%8e%d0%bc\/"},"modified":"2024-07-19T12:34:26","modified_gmt":"2024-07-19T12:34:26","slug":"%d1%80%d0%b5%d0%ba%d0%b0-%d0%bf%d0%b0%d1%80%d1%84%d1%8e%d0%bc","status":"publish","type":"product","link":"https:\/\/www.climberbc.com\/ru\/product\/%d1%80%d0%b5%d0%ba%d0%b0-%d0%bf%d0%b0%d1%80%d1%84%d1%8e%d0%bc\/","title":{"rendered":"\u0420\u0435\u043a\u0430 \u041f\u0430\u0440\u0444\u044e\u043c"},"content":{"rendered":"<table style=\"height: 189px;\" width=\"419\">  n<\/p>\n<tbody>\n<tr> \u043d \u043d\u042e\u0441\u0442<\/p>\n<td width=\"367\"><strong>\u041f\u0440\u0438\u043c\u0435\u0447\u0430\u043d\u0438\u0435:<\/strong> Misket Limonu, Bergamot nOrta<strong>\u041f\u0440\u0438\u043c\u0435\u0447\u0430\u043d\u0438\u0435:<\/strong> Sak\u0131z A\u011fac\u0131 nAlt<strong>\u041f\u0440\u0438\u043c\u0435\u0447\u0430\u043d\u0438\u0435:<\/strong> Ada\u00e7ay\u0131, K\u0131rm\u0131z\u0131 Biber, G\u00fcl Yapraklar\u0131 nn n100 \u043c\u043b EAU DE PARFUM<\/td>\n<p> n<\/tr>\n<p> n<\/tbody>\n<p> \u043d\u043d<\/table>","protected":false},"excerpt":{"rendered":"<p>nn n\u00dcst \u041f\u0440\u0438\u043c\u0435\u0447\u0430\u043d\u0438\u0435: Misket Limonu, \u0411\u0435\u0440\u0433\u0430\u043c\u043e\u0442 nOrtaNota: Sak\u0131z A\u011fac\u0131 nAltNota: Ada\u00e7ay\u0131, K\u0131rmiz\u0131 Biber, G\u00fcl Yapraklar\u0131 nn n100 \u043c\u043b<\/p>","protected":false},"featured_media":18109,"template":"","meta":[],"product_brand":[],"product_cat":[436,437],"product_tag":[],"class_list":{"0":"post-18949","1":"product","2":"type-product","3":"status-publish","4":"has-post-thumbnail","6":"product_cat-fragrance-collection","7":"product_cat-perfume","9":"first","10":"instock","11":"product-type-simple"},"_links":{"self":[{"href":"https:\/\/www.climberbc.com\/ru\/wp-json\/wp\/v2\/product\/18949","targetHints":{"allow":["GET"]}}],"collection":[{"href":"https:\/\/www.climberbc.com\/ru\/wp-json\/wp\/v2\/product"}],"about":[{"href":"https:\/\/www.climberbc.com\/ru\/wp-json\/wp\/v2\/types\/product"}],"version-history":[{"count":0,"href":"https:\/\/www.climberbc.com\/ru\/wp-json\/wp\/v2\/product\/18949\/revisions"}],"wp:featuredmedia":[{"embeddable":true,"href":"https:\/\/www.climberbc.com\/ru\/wp-json\/wp\/v2\/media\/18109"}],"wp:attachment":[{"href":"https:\/\/www.climberbc.com\/ru\/wp-json\/wp\/v2\/media?parent=18949"}],"wp:term":[{"taxonomy":"product_brand","embeddable":true,"href":"https:\/\/www.climberbc.com\/ru\/wp-json\/wp\/v2\/product_brand?post=18949"},{"taxonomy":"product_cat","embeddable":true,"href":"https:\/\/www.climberbc.com\/ru\/wp-json\/wp\/v2\/product_cat?post=18949"},{"taxonomy":"product_tag","embeddable":true,"href":"https:\/\/www.climberbc.com\/ru\/wp-json\/wp\/v2\/product_tag?post=18949"}],"curies":[{"name":"WP","href":"https:\/\/api.w.org\/{rel}","templated":true}]}}