{"id":18950,"date":"2024-07-19T12:36:45","date_gmt":"2024-07-19T12:36:45","guid":{"rendered":"https:\/\/www.climberbc.com\/web\/product\/beli-bagcikli-seyahat-pantolonu-9\/"},"modified":"2024-08-25T15:53:05","modified_gmt":"2024-08-25T15:53:05","slug":"beli-bagcikli-seyahat-pantolonu-9__trashed","status":"publish","type":"product","link":"https:\/\/www.climberbc.com\/ru\/product\/beli-bagcikli-seyahat-pantolonu-9__trashed\/","title":{"rendered":"\u0411\u0435\u043b\u0438 \u0411\u0430\u0433\u0434\u0436\u0438\u043a\u043b\u044b \u0421\u0435\u044f\u0445\u0430\u0442 \u041f\u0430\u043d\u0442\u043e\u043b\u043e\u043d\u0443"},"content":{"rendered":"<p>\u0419\u044b\u043a\u0430\u043c\u0430 \u0422\u0430\u043b\u0438\u043c\u0430\u0442\u044b: nEn fazla 30\u00b0 C y\u0131kanabilir. \/n \u041a\u043b\u043e\u0440\u043b\u0430 \u0430\u0433\u0430\u0440\u0442\u044b\u043b\u0430\u043c\u0430\u0437.<br \/>\n\/n Tambur kurutma yap\u0131lamaz.<br \/>\n\/n Orta s\u0131cakl\u0131kta \u00fct\u00fcleme yap\u0131labilir.<br \/>\n\/n \u041a\u0443\u0440\u0443 \u0442\u0435\u043c\u0438\u0437\u043b\u0435\u043c\u0435 \u044f\u043f\u044b\u043b\u0430\u0431\u0438\u043b\u0438\u0440.<br \/>\n\/n Tersten Y\u0131kay\u0131n\u0131z.<br \/>\n\/n Benzer renkliler ile birlikte y\u0131kay\u0131n\u0131z.<br \/>\n\/\u043d      <\/p>","protected":false},"excerpt":{"rendered":"<p>Y\u0131kama Talimat\u0131: nEn fazla 30\u00b0 C y\u0131kanabilir. \/n Klorla a\u011fart\u0131lamaz. \/n Tambur kurutma yap\u0131lamaz. \/n Orta s\u0131cakl\u0131kta \u00fct\u00fcleme yap\u0131labilir. \/n<\/p>","protected":false},"featured_media":21664,"template":"","meta":[],"product_brand":[],"product_cat":[408,409],"product_tag":[],"class_list":{"0":"post-18950","1":"product","2":"type-product","3":"status-publish","4":"has-post-thumbnail","6":"product_cat-pantolon","7":"product_cat-seyahat-pantolonu","9":"first","10":"instock","11":"product-type-simple"},"_links":{"self":[{"href":"https:\/\/www.climberbc.com\/ru\/wp-json\/wp\/v2\/product\/18950","targetHints":{"allow":["GET"]}}],"collection":[{"href":"https:\/\/www.climberbc.com\/ru\/wp-json\/wp\/v2\/product"}],"about":[{"href":"https:\/\/www.climberbc.com\/ru\/wp-json\/wp\/v2\/types\/product"}],"version-history":[{"count":0,"href":"https:\/\/www.climberbc.com\/ru\/wp-json\/wp\/v2\/product\/18950\/revisions"}],"wp:featuredmedia":[{"embeddable":true,"href":"https:\/\/www.climberbc.com\/ru\/wp-json\/wp\/v2\/media\/21664"}],"wp:attachment":[{"href":"https:\/\/www.climberbc.com\/ru\/wp-json\/wp\/v2\/media?parent=18950"}],"wp:term":[{"taxonomy":"product_brand","embeddable":true,"href":"https:\/\/www.climberbc.com\/ru\/wp-json\/wp\/v2\/product_brand?post=18950"},{"taxonomy":"product_cat","embeddable":true,"href":"https:\/\/www.climberbc.com\/ru\/wp-json\/wp\/v2\/product_cat?post=18950"},{"taxonomy":"product_tag","embeddable":true,"href":"https:\/\/www.climberbc.com\/ru\/wp-json\/wp\/v2\/product_tag?post=18950"}],"curies":[{"name":"WP","href":"https:\/\/api.w.org\/{rel}","templated":true}]}}