{"id":18959,"date":"2024-07-19T12:39:21","date_gmt":"2024-07-19T12:39:21","guid":{"rendered":"https:\/\/www.climberbc.com\/web\/product\/chino-pantolon-3\/"},"modified":"2024-08-25T15:53:05","modified_gmt":"2024-08-25T15:53:05","slug":"chino-pantolon-3__trashed","status":"publish","type":"product","link":"https:\/\/www.climberbc.com\/ru\/product\/chino-pantolon-3__trashed\/","title":{"rendered":"\u0427\u0438\u043d\u043e \u041f\u0430\u043d\u0442\u043e\u043b\u043e\u043d"},"content":{"rendered":"<p>Y\u0131kama Talimat\u0131: n nEn fazla 30\u00b0 C y\u0131kanabilir. \u043d\u041a\u043b\u043e\u0440\u043b\u0430 \u0430\u0433\u0430\u0440\u0442\u044b\u043b\u0430\u043c\u0430\u0437. \u043d\u0422\u0430\u043c\u0431\u0443\u0440 \u043a\u0443\u0440\u0443\u0442\u043c\u0430 \u044f\u043f\u0438\u043b\u0430\u043c\u0430\u0437. \u0412 \u043f\u0440\u043e\u0442\u0438\u0432\u043d\u043e\u043c \u0441\u043b\u0443\u0447\u0430\u0435 \u0432\u044b \u043c\u043e\u0436\u0435\u0442\u0435 \u043e\u0442\u043a\u043b\u044e\u0447\u0438\u0442\u044c \u0444\u0443\u043d\u043a\u0446\u0438\u044e. nKuru temizleme yap\u0131labilir. \u0422\u0435\u0440\u0441\u0442\u0435\u043d \u0419\u0438\u043a\u0430\u0439\u044b\u043d\u044b\u0437. nBenzer renkliler ile birlikte y\u0131kay\u0131n\u0131z.<\/p>","protected":false},"excerpt":{"rendered":"<p>Y\u0131kama Talimat\u0131: n nEn fazla 30\u00b0 C y\u0131kanabilir. nKlorla a\u011fart\u0131lamaz. nTambur kurutma yap\u0131lamaz. n nOrta s\u0131cakl\u0131kta \u00fct\u00fcleme yap\u0131labilir. nKuru temizleme<\/p>","protected":false},"featured_media":21631,"template":"","meta":[],"product_brand":[],"product_cat":[451,408],"product_tag":[],"class_list":{"0":"post-18959","1":"product","2":"type-product","3":"status-publish","4":"has-post-thumbnail","6":"product_cat-chino-pantolon","7":"product_cat-pantolon","9":"first","10":"instock","11":"product-type-simple"},"_links":{"self":[{"href":"https:\/\/www.climberbc.com\/ru\/wp-json\/wp\/v2\/product\/18959","targetHints":{"allow":["GET"]}}],"collection":[{"href":"https:\/\/www.climberbc.com\/ru\/wp-json\/wp\/v2\/product"}],"about":[{"href":"https:\/\/www.climberbc.com\/ru\/wp-json\/wp\/v2\/types\/product"}],"version-history":[{"count":0,"href":"https:\/\/www.climberbc.com\/ru\/wp-json\/wp\/v2\/product\/18959\/revisions"}],"wp:featuredmedia":[{"embeddable":true,"href":"https:\/\/www.climberbc.com\/ru\/wp-json\/wp\/v2\/media\/21631"}],"wp:attachment":[{"href":"https:\/\/www.climberbc.com\/ru\/wp-json\/wp\/v2\/media?parent=18959"}],"wp:term":[{"taxonomy":"product_brand","embeddable":true,"href":"https:\/\/www.climberbc.com\/ru\/wp-json\/wp\/v2\/product_brand?post=18959"},{"taxonomy":"product_cat","embeddable":true,"href":"https:\/\/www.climberbc.com\/ru\/wp-json\/wp\/v2\/product_cat?post=18959"},{"taxonomy":"product_tag","embeddable":true,"href":"https:\/\/www.climberbc.com\/ru\/wp-json\/wp\/v2\/product_tag?post=18959"}],"curies":[{"name":"WP","href":"https:\/\/api.w.org\/{rel}","templated":true}]}}