{"id":19054,"date":"2024-07-19T12:52:17","date_gmt":"2024-07-19T12:52:17","guid":{"rendered":"https:\/\/www.climberbc.com\/web\/product\/kapusonlu-denim-mont\/"},"modified":"2024-07-19T12:52:17","modified_gmt":"2024-07-19T12:52:17","slug":"kapusonlu-denim-mont","status":"publish","type":"product","link":"https:\/\/www.climberbc.com\/ru\/product\/kapusonlu-denim-mont\/","title":{"rendered":"\u041a\u0430\u043f\u044e\u0448\u043e\u043d\u043b\u0443 \u0414\u0435\u043d\u0438\u043c \u041c\u043e\u043d\u0442"},"content":{"rendered":"<p><strong>Y\u0131kama Talimat\u0131: <\/strong> n nEn fazla 40\u00b0 C y\u0131kanabilir.<br \/>\nn nKlorla a\u011fart\u0131lamaz.<br \/>\nn nTambur kurutma yap\u0131lamaz.<br \/>\nnY\u00fcksek s\u0131cakl\u0131kta \u00fct\u00fcleme yap\u0131labilir.<br \/>\nn nKuru temizleme yap\u0131labilir.<br \/>\nn nTersten Y\u0131kay\u0131n\u0131z.<br \/>\nn nBenzer renkliler ile birlikte y\u0131kay\u0131n\u0131z.      <\/p>","protected":false},"excerpt":{"rendered":"<p>\u0419\u044b\u043a\u0430\u043c\u0430 \u0422\u0430\u043b\u0438\u043c\u0430\u0442\u044b: n nEn fazla 40\u00b0 C y\u0131kanabilir. n nKlorla a\u011fart\u0131lamaz. \u043d \u043d \u0422\u0430\u043c\u0431\u0443\u0440 \u043a\u0443\u0440\u0443\u0442\u043c\u0430 \u044f\u043f\u0438\u043b\u0430\u043c\u0430\u0437. nY\u00fcksek s\u0131cakl\u0131kta \u00fct\u00fcleme yap\u0131labilir.<\/p>","protected":false},"featured_media":21355,"template":"","meta":[],"product_brand":[],"product_cat":[456,414],"product_tag":[],"class_list":{"0":"post-19054","1":"product","2":"type-product","3":"status-publish","4":"has-post-thumbnail","6":"product_cat-denim-jacket","7":"product_cat-denim","9":"first","10":"instock","11":"product-type-simple"},"_links":{"self":[{"href":"https:\/\/www.climberbc.com\/ru\/wp-json\/wp\/v2\/product\/19054","targetHints":{"allow":["GET"]}}],"collection":[{"href":"https:\/\/www.climberbc.com\/ru\/wp-json\/wp\/v2\/product"}],"about":[{"href":"https:\/\/www.climberbc.com\/ru\/wp-json\/wp\/v2\/types\/product"}],"version-history":[{"count":0,"href":"https:\/\/www.climberbc.com\/ru\/wp-json\/wp\/v2\/product\/19054\/revisions"}],"wp:featuredmedia":[{"embeddable":true,"href":"https:\/\/www.climberbc.com\/ru\/wp-json\/wp\/v2\/media\/21355"}],"wp:attachment":[{"href":"https:\/\/www.climberbc.com\/ru\/wp-json\/wp\/v2\/media?parent=19054"}],"wp:term":[{"taxonomy":"product_brand","embeddable":true,"href":"https:\/\/www.climberbc.com\/ru\/wp-json\/wp\/v2\/product_brand?post=19054"},{"taxonomy":"product_cat","embeddable":true,"href":"https:\/\/www.climberbc.com\/ru\/wp-json\/wp\/v2\/product_cat?post=19054"},{"taxonomy":"product_tag","embeddable":true,"href":"https:\/\/www.climberbc.com\/ru\/wp-json\/wp\/v2\/product_tag?post=19054"}],"curies":[{"name":"WP","href":"https:\/\/api.w.org\/{rel}","templated":true}]}}