{"id":19055,"date":"2024-07-19T12:52:17","date_gmt":"2024-07-19T12:52:17","guid":{"rendered":"https:\/\/www.climberbc.com\/web\/product\/iki-dugmeli-gundelikci-ceket-3\/"},"modified":"2024-08-25T15:53:00","modified_gmt":"2024-08-25T15:53:00","slug":"iki-dugmeli-gundelikci-ceket-3__trashed","status":"publish","type":"product","link":"https:\/\/www.climberbc.com\/ru\/product\/iki-dugmeli-gundelikci-ceket-3__trashed\/","title":{"rendered":"\u0418\u043a\u0438 \u0414\u0443\u0433\u043c\u0435\u043b\u0438 \u0413\u044e\u043d\u0434\u0435\u043b\u0438\u043a\u0447\u0438 \u0427\u0435\u043a\u0435\u0442"},"content":{"rendered":"<p><strong>Y\u0131kama Talimat\u0131: <\/strong> nY\u0131kama yap\u0131lmaz.<br \/>\nnKlorla a\u011fart\u0131lamaz.<br \/>\nnTambur kurutma yap\u0131lamaz.<br \/>\nnD\u00fc\u015f\u00fck s\u0131cakl\u0131kta \u00fct\u00fcleme yap\u0131labilir.<br \/>\nnKuru temizleme yap\u0131labilir.    <\/p>","protected":false},"excerpt":{"rendered":"<p>\u0419\u0438\u043a\u0430\u043c\u0430 \u0422\u0430\u043b\u0438\u043c\u0430\u0442\u044b: \u0419\u0438\u043a\u0430\u043c\u0430 \u044f\u043f\u0438\u043b\u043c\u0430\u0437. \u043d\u041a\u043b\u043e\u0440\u043b\u0430 \u0430\u0433\u0430\u0440\u0442\u044b\u043b\u0430\u043c\u0430\u0437. \u043d\u0422\u0430\u043c\u0431\u0443\u0440 \u043a\u0443\u0440\u0443\u0442\u043c\u0430 \u044f\u043f\u0438\u043b\u0430\u043c\u0430\u0437. nD\u00fc\u015f\u00fck s\u0131cakl\u0131kta \u00fct\u00fcleme yap\u0131labilir. nKuru temizleme yap\u0131labilir.<\/p>","protected":false},"featured_media":21409,"template":"","meta":[],"product_brand":[],"product_cat":[416,912],"product_tag":[],"class_list":{"0":"post-19055","1":"product","2":"type-product","3":"status-publish","4":"has-post-thumbnail","6":"product_cat-ceket","7":"product_cat-klasik-ceket","9":"first","10":"instock","11":"product-type-simple"},"_links":{"self":[{"href":"https:\/\/www.climberbc.com\/ru\/wp-json\/wp\/v2\/product\/19055","targetHints":{"allow":["GET"]}}],"collection":[{"href":"https:\/\/www.climberbc.com\/ru\/wp-json\/wp\/v2\/product"}],"about":[{"href":"https:\/\/www.climberbc.com\/ru\/wp-json\/wp\/v2\/types\/product"}],"version-history":[{"count":0,"href":"https:\/\/www.climberbc.com\/ru\/wp-json\/wp\/v2\/product\/19055\/revisions"}],"wp:featuredmedia":[{"embeddable":true,"href":"https:\/\/www.climberbc.com\/ru\/wp-json\/wp\/v2\/media\/21409"}],"wp:attachment":[{"href":"https:\/\/www.climberbc.com\/ru\/wp-json\/wp\/v2\/media?parent=19055"}],"wp:term":[{"taxonomy":"product_brand","embeddable":true,"href":"https:\/\/www.climberbc.com\/ru\/wp-json\/wp\/v2\/product_brand?post=19055"},{"taxonomy":"product_cat","embeddable":true,"href":"https:\/\/www.climberbc.com\/ru\/wp-json\/wp\/v2\/product_cat?post=19055"},{"taxonomy":"product_tag","embeddable":true,"href":"https:\/\/www.climberbc.com\/ru\/wp-json\/wp\/v2\/product_tag?post=19055"}],"curies":[{"name":"WP","href":"https:\/\/api.w.org\/{rel}","templated":true}]}}