{"id":19056,"date":"2024-07-19T12:52:17","date_gmt":"2024-07-19T12:52:17","guid":{"rendered":"https:\/\/www.climberbc.com\/web\/product\/iki-dugmeli-casual-ceket-3\/"},"modified":"2024-07-19T12:52:17","modified_gmt":"2024-07-19T12:52:17","slug":"iki-dugmeli-casual-ceket-3","status":"publish","type":"product","link":"https:\/\/www.climberbc.com\/ru\/product\/iki-dugmeli-casual-ceket-3\/","title":{"rendered":"\u0130ki D\u00fc\u011fmeli Casual Ceket"},"content":{"rendered":"<p><strong>Y\u0131kama Talimat\u0131: <\/strong> n nY\u0131kama yap\u0131lmaz.<br \/>\nn nKlorla a\u011fart\u0131lamaz.<br \/>\nn nTambur kurutma yap\u0131lamaz.<br \/>\nnD\u00fc\u015f\u00fck s\u0131cakl\u0131kta \u00fct\u00fcleme yap\u0131labilir.<br \/>\nn nKuru temizleme yap\u0131labilir.    <\/p>","protected":false},"excerpt":{"rendered":"<p>\u0419\u044b\u043a\u0430\u043c\u0430 \u0422\u0430\u043b\u0438\u043c\u0430\u0442\u044b: \u043d \u0419\u0438\u043a\u0430\u043c\u0430 \u044f\u043f\u0438\u043b\u043c\u0430\u0437. \u043d \u043d\u041a\u043b\u043e\u0440\u043b\u0430 \u0430\u0433\u0430\u0440\u0442\u044b\u043b\u0430\u043c\u0430\u0437. \u043d \u043d \u0422\u0430\u043c\u0431\u0443\u0440 \u043a\u0443\u0440\u0443\u0442\u043c\u0430 \u044f\u043f\u0438\u043b\u0430\u043c\u0430\u0437. nD\u00fc\u015f\u00fck s\u0131cakl\u0131kta \u00fct\u00fcleme yap\u0131labilir. \u043d \u041a\u0443\u0440\u0443 \u0442\u0435\u043c\u0438\u0437\u043b\u0435\u043c\u0435<\/p>","protected":false},"featured_media":21408,"template":"","meta":[],"product_brand":[],"product_cat":[911,417],"product_tag":[],"class_list":{"0":"post-19056","1":"product","2":"type-product","3":"status-publish","4":"has-post-thumbnail","6":"product_cat-classic-jacket","7":"product_cat-jacket","9":"first","10":"instock","11":"product-type-simple"},"_links":{"self":[{"href":"https:\/\/www.climberbc.com\/ru\/wp-json\/wp\/v2\/product\/19056","targetHints":{"allow":["GET"]}}],"collection":[{"href":"https:\/\/www.climberbc.com\/ru\/wp-json\/wp\/v2\/product"}],"about":[{"href":"https:\/\/www.climberbc.com\/ru\/wp-json\/wp\/v2\/types\/product"}],"version-history":[{"count":0,"href":"https:\/\/www.climberbc.com\/ru\/wp-json\/wp\/v2\/product\/19056\/revisions"}],"wp:featuredmedia":[{"embeddable":true,"href":"https:\/\/www.climberbc.com\/ru\/wp-json\/wp\/v2\/media\/21408"}],"wp:attachment":[{"href":"https:\/\/www.climberbc.com\/ru\/wp-json\/wp\/v2\/media?parent=19056"}],"wp:term":[{"taxonomy":"product_brand","embeddable":true,"href":"https:\/\/www.climberbc.com\/ru\/wp-json\/wp\/v2\/product_brand?post=19056"},{"taxonomy":"product_cat","embeddable":true,"href":"https:\/\/www.climberbc.com\/ru\/wp-json\/wp\/v2\/product_cat?post=19056"},{"taxonomy":"product_tag","embeddable":true,"href":"https:\/\/www.climberbc.com\/ru\/wp-json\/wp\/v2\/product_tag?post=19056"}],"curies":[{"name":"WP","href":"https:\/\/api.w.org\/{rel}","templated":true}]}}