{"id":19087,"date":"2024-07-19T12:59:28","date_gmt":"2024-07-19T12:59:28","guid":{"rendered":"https:\/\/www.climberbc.com\/web\/product\/orme-ustu-fermuarli-esofman-takimi-2\/"},"modified":"2024-08-25T15:52:59","modified_gmt":"2024-08-25T15:52:59","slug":"orme-ustu-fermuarli-esofman-takimi-2__trashed","status":"publish","type":"product","link":"https:\/\/www.climberbc.com\/ru\/product\/orme-ustu-fermuarli-esofman-takimi-2__trashed\/","title":{"rendered":"\u041a\u043e\u044e \u041b\u0430\u0446\u0438\u0432\u0435\u0440\u0442 \u0424\u0435\u0440\u043c\u0443\u0430\u0440\u043b\u044b \u042d\u0448\u043e\u0444\u043c\u0430\u043d \u0422\u0430\u043a\u0438\u0435"},"content":{"rendered":"<p><strong>Y\u0131kama Talimatlar\u0131:<\/strong> \u041c\u0430\u043a\u0441\u0438\u043c\u0430\u043b\u044c\u043d\u0430\u044f \u0442\u0435\u043c\u043f\u0435\u0440\u0430\u0442\u0443\u0440\u0430 30\u00b0. \u0422\u0430\u043c\u0431\u0443\u0440\u0434\u0430 \u043a\u0443\u0440\u0443\u0442\u043c\u0430\u0439\u044b\u043d. S\u0131cak \u0131s\u0131da \u00fct\u00fcleme Kuru temizleme yapmay\u0131n Benzer renklerle y\u0131kay\u0131n.<br \/>\nTers \u00e7evirerek \u00fct\u00fcleyin. <\/p>","protected":false},"excerpt":{"rendered":"<p>G\u00fcnl\u00fck kullan\u0131mda hem s\u0131kl\u0131k hem de rahatlik sunan Climber BC koyu lacivert e\u015fofman \u0442\u0430\u043a\u0438\u0435, \u0441\u043e\u0432\u0440\u0435\u043c\u0435\u043d\u043d\u044b\u0435 \u0442\u0430\u0441\u0430\u0440\u044b \u0438 \u043a\u0430\u043b\u0438\u0442\u0435\u043b\u0438 \u043a\u0443\u043c\u0430\u0448\u0438\u0439\u043b\u0430 \u0434\u0438\u043a\u043a\u0430\u0442 \u0447\u0435\u043a\u0438\u0451\u0440.<br \/>\n\u0421\u043f\u043e\u0440 \u043e \u043f\u0430\u0440\u043a\u043e\u0432\u043a\u0435 \u0438 \u043e\u0442\u0434\u044b\u0445\u0435 \u0432 \u043e\u0442\u0435\u043b\u0435 \u0438\u0434\u0435\u0430\u043b\u044c\u043d\u043e \u043f\u043e\u0434\u0445\u043e\u0434\u0438\u0442 \u0434\u043b\u044f \u0441\u043b\u0435\u0434\u0443\u044e\u0449\u0435\u0433\u043e \u043e\u043b\u0430\u043d\u0430, \u043d\u043e \u044d\u0442\u043e \u043c\u043e\u0436\u0435\u0442 \u043f\u0440\u0438\u0432\u0435\u0441\u0442\u0438 \u043a \u0442\u043e\u043c\u0443, \u0447\u0442\u043e \u043e\u043d \u0441\u043d\u043e\u0432\u0430 \u0432\u0435\u0440\u043d\u0435\u0442\u0441\u044f \u0432 \u0433\u043e\u0440\u043e\u0434. <strong>\u0420\u0435\u043d\u043a:<\/strong> \u041a\u043e\u044e \u041b\u0430\u0441\u0438\u0432\u0435\u0440\u0442 <strong>\u041c\u0430\u043b\u044c\u0437\u0435\u043c\u0435:<\/strong> \u042e\u043c\u0443\u0448\u0430\u043a \u0438 \u043d\u0435\u0444\u0435\u0441 \u0430\u043b\u0430\u0431\u0438\u043b\u0435\u043d \u044e\u043a\u0441\u0435\u043a \u043a\u0430\u043b\u0438\u0442\u0435\u043b\u0438 \u043a\u0443\u043c\u0430\u0448 <strong>\u0423\u0441\u0442:<\/strong> Fermuarl\u0131 ceket, iki yan cep \u0432\u0435 \u0441\u043e\u0432\u0440\u0435\u043c\u0435\u043d\u043d\u044b\u0439 \u043a\u0435\u0441\u0438\u043c <strong>\u0410\u043b\u044c\u0442\u0435\u0440\u043d\u0430\u0442\u0438\u0432\u043d\u044b\u0439 \u0432\u0430\u0440\u0438\u0430\u043d\u0442:<\/strong> Ayarlanabilir bel bantl\u0131 pantolon, iki yan cep ve rahat kesim <\/p>","protected":false},"featured_media":21146,"template":"","meta":[],"product_brand":[],"product_cat":[404],"product_tag":[],"class_list":{"0":"post-19087","1":"product","2":"type-product","3":"status-publish","4":"has-post-thumbnail","6":"product_cat-esofman","8":"first","9":"instock","10":"product-type-simple"},"_links":{"self":[{"href":"https:\/\/www.climberbc.com\/ru\/wp-json\/wp\/v2\/product\/19087","targetHints":{"allow":["GET"]}}],"collection":[{"href":"https:\/\/www.climberbc.com\/ru\/wp-json\/wp\/v2\/product"}],"about":[{"href":"https:\/\/www.climberbc.com\/ru\/wp-json\/wp\/v2\/types\/product"}],"version-history":[{"count":0,"href":"https:\/\/www.climberbc.com\/ru\/wp-json\/wp\/v2\/product\/19087\/revisions"}],"wp:featuredmedia":[{"embeddable":true,"href":"https:\/\/www.climberbc.com\/ru\/wp-json\/wp\/v2\/media\/21146"}],"wp:attachment":[{"href":"https:\/\/www.climberbc.com\/ru\/wp-json\/wp\/v2\/media?parent=19087"}],"wp:term":[{"taxonomy":"product_brand","embeddable":true,"href":"https:\/\/www.climberbc.com\/ru\/wp-json\/wp\/v2\/product_brand?post=19087"},{"taxonomy":"product_cat","embeddable":true,"href":"https:\/\/www.climberbc.com\/ru\/wp-json\/wp\/v2\/product_cat?post=19087"},{"taxonomy":"product_tag","embeddable":true,"href":"https:\/\/www.climberbc.com\/ru\/wp-json\/wp\/v2\/product_tag?post=19087"}],"curies":[{"name":"WP","href":"https:\/\/api.w.org\/{rel}","templated":true}]}}