{"id":19096,"date":"2024-07-19T13:02:30","date_gmt":"2024-07-19T13:02:30","guid":{"rendered":"https:\/\/www.climberbc.com\/web\/product\/poplinvual-uzun-kollu-spor-gomlek-3\/"},"modified":"2024-08-25T15:52:58","modified_gmt":"2024-08-25T15:52:58","slug":"poplinvual-uzun-kollu-spor-gomlek-3__trashed","status":"publish","type":"product","link":"https:\/\/www.climberbc.com\/ru\/product\/poplinvual-uzun-kollu-spor-gomlek-3__trashed\/","title":{"rendered":"\u041a\u0430\u0440\u0435\u043b\u0438 \u041f\u0430\u043c\u0443\u043a-\u0412\u0438\u0441\u043a\u043e\u043d \u041a\u0430\u0440\u044b\u0448\u044b\u043c\u043b\u044b \u0423\u0437\u0443\u043d \u041a\u043e\u043b\u043b\u0443 \u0413\u0451\u043c\u043b\u0435\u043a"},"content":{"rendered":"<p><strong>Y\u0131kama Talimatlar\u0131:<\/strong> \u041c\u0430\u043a\u0441\u0438\u043c\u0443\u043c 30\u00b0 C&#039;de y\u0131kay\u0131n\u0131z. \u041a\u043b\u043e\u0440 \u0438\u043b\u0435 \u0430\u0433\u0430\u0440\u0442\u043c\u0430\u0439\u044b\u043d\u0438\u0437. \u0422\u0430\u043c\u0431\u0443\u0440\u0434\u0430 \u043a\u0443\u0440\u0443\u0442\u043c\u0430\u0439\u044b\u043d. Il\u0131k \u0131s\u0131da \u00fct\u00fcleme. \u041a\u0443\u0440\u0443 \u0442\u0435\u043c\u0438\u0437\u043b\u0435\u043c\u0435. \u0419\u0438\u043a\u0430\u043c\u0430\u043a i\u00e7in ters chevirin. Benzer renklerle y\u0131kay\u0131n.<\/p>","protected":false},"excerpt":{"rendered":"<p>\u042e\u043c\u0443\u0448\u0430\u043a \u043f\u0430\u043c\u0443\u043a \u0438 \u0432\u0438\u043a\u043e\u043d \u043a\u0430\u0440\u044b\u0448\u044b\u043c\u044b \u043a\u0443\u043c\u0430\u0448\u0438\u044b\u043b\u0430 \u0433\u0443\u043d \u0431\u043e\u0439\u044e \u043a\u043e\u043d\u0444\u043e\u0440 \u0441\u0443\u043d\u0430\u043d \u0431\u0443 \u044d\u043a\u043e\u0441\u0435 \u0433\u0451\u043c\u043b\u0435\u043a, \u0448\u0438\u043a \u0432\u0435 \u0440\u0430\u0445\u0430\u0442 \u0431\u0438\u0440 \u0441\u0435\u043a\u044d\u043d\u0435\u043a \u0438\u0434\u0435\u0430\u043b\u044c\u043d\u043e \u043f\u043e\u0434\u0445\u043e\u0434\u044f\u0442.<br \/>\n\u0417\u0430\u0440\u0438\u0444 ekose deseni \u0438 \u0441\u043e\u0432\u0440\u0435\u043c\u0435\u043d\u043d\u044b\u0435 kesimiyle dikkat \u00e7eken bu g\u00f6mlek, tarz\u0131n\u0131z\u0131 \u0435\u0435 ortamda yans\u0131tman\u0131za olanak tan\u0131yor. <strong>\u0420\u0435\u043d\u043a:<\/strong> Bej ve pastel tonlarda ekose <strong>\u041a\u0443\u043c\u0430\u0448:<\/strong> Pamuk ve viskon kar\u0131\u015f\u0131m\u0131 <strong>\u042f\u043a\u0430 \u0422\u0438\u043f\u0438:<\/strong> \u041a\u043b\u0430\u0441\u0441\u0438\u043a \u044f\u043a\u0430 <strong>Desen:<\/strong> Orijinal kesim <strong>Desen:<\/strong> Modern ekose tasar\u0131m <strong>Kullan\u0131m:<\/strong> \u0418\u0448\u044c\u0435\u0440\u0438, \u0433\u044e\u043d\u043b\u044e\u043a \u043a\u0443\u043b\u043b\u0430\u043d\u0438\u043c \u0438 \u0441\u043e\u0441\u0438\u0430\u043b \u044d\u0442\u043a\u0438\u043d\u043b\u0438\u043a\u043b\u0435\u0440 \u0432 \u0443\u0439\u0433\u0443\u043d\u0434\u0443\u0440\u0435. <\/p>","protected":false},"featured_media":21083,"template":"","meta":[],"product_brand":[],"product_cat":[393,394,511],"product_tag":[],"class_list":{"0":"post-19096","1":"product","2":"type-product","3":"status-publish","4":"has-post-thumbnail","6":"product_cat-gomlek","7":"product_cat-spor-gomlek","8":"product_cat-uzun-kollu","10":"first","11":"instock","12":"product-type-simple"},"_links":{"self":[{"href":"https:\/\/www.climberbc.com\/ru\/wp-json\/wp\/v2\/product\/19096","targetHints":{"allow":["GET"]}}],"collection":[{"href":"https:\/\/www.climberbc.com\/ru\/wp-json\/wp\/v2\/product"}],"about":[{"href":"https:\/\/www.climberbc.com\/ru\/wp-json\/wp\/v2\/types\/product"}],"version-history":[{"count":0,"href":"https:\/\/www.climberbc.com\/ru\/wp-json\/wp\/v2\/product\/19096\/revisions"}],"wp:featuredmedia":[{"embeddable":true,"href":"https:\/\/www.climberbc.com\/ru\/wp-json\/wp\/v2\/media\/21083"}],"wp:attachment":[{"href":"https:\/\/www.climberbc.com\/ru\/wp-json\/wp\/v2\/media?parent=19096"}],"wp:term":[{"taxonomy":"product_brand","embeddable":true,"href":"https:\/\/www.climberbc.com\/ru\/wp-json\/wp\/v2\/product_brand?post=19096"},{"taxonomy":"product_cat","embeddable":true,"href":"https:\/\/www.climberbc.com\/ru\/wp-json\/wp\/v2\/product_cat?post=19096"},{"taxonomy":"product_tag","embeddable":true,"href":"https:\/\/www.climberbc.com\/ru\/wp-json\/wp\/v2\/product_tag?post=19096"}],"curies":[{"name":"WP","href":"https:\/\/api.w.org\/{rel}","templated":true}]}}