{"id":19098,"date":"2024-07-19T13:05:10","date_gmt":"2024-07-19T13:05:10","guid":{"rendered":"https:\/\/www.climberbc.com\/web\/product\/seyahat-sort\/"},"modified":"2024-08-25T15:52:58","modified_gmt":"2024-08-25T15:52:58","slug":"seyahat-sort__trashed","status":"publish","type":"product","link":"https:\/\/www.climberbc.com\/ru\/product\/seyahat-sort__trashed\/","title":{"rendered":"Gri \u0130pli Seyahat \u015eortu"},"content":{"rendered":"<p><strong>Y\u0131kama Talimatlar\u0131:<\/strong> \u041c\u0430\u043a\u0441\u0438\u043c\u0443\u043c 30\u00b0 C&#039;de y\u0131kay\u0131n\u0131z. \u041a\u043b\u043e\u0440 \u0438\u043b\u0435 \u0430\u0433\u0430\u0440\u0442\u043c\u0430\u0439\u044b\u043d\u0438\u0437. \u0422\u0430\u043c\u0431\u0443\u0440\u0434\u0430 \u043a\u0443\u0440\u0443\u0442\u043c\u0430\u0439\u044b\u043d. Il\u0131k \u0131s\u0131da \u00fct\u00fcleme. \u041a\u0443\u0440\u0443 \u0442\u0435\u043c\u0438\u0437\u043b\u0435\u043c\u0435. \u0419\u0438\u043a\u0430\u043c\u0430\u043a i\u00e7in ters chevirin. Benzer renklerle y\u0131kay\u0131n.<\/p>","protected":false},"excerpt":{"rendered":"<p>\u042f\u0437 aylar\u0131n\u0131n vazge\u00e7ilmez par\u00e7as\u0131 olan bu gri, belden ba\u011flamal\u0131 \u015fort, rahatl\u0131k ve \u015f\u0131kl\u0131\u011f\u0131 bir arada sunuyor.<br \/>\n\u0425\u0430\u0444\u0438\u0444 \u0432\u0435 \u043d\u0435\u0444\u0435\u0441 \u0430\u043b\u044c\u0431\u0438\u043b\u0435\u043d \u043a\u0443\u043c\u0430\u0448\u044b\u0439\u043b\u0430 \u0441\u044b\u0434\u0436\u0430\u043a \u0433\u044e\u043d\u043b\u0435\u0440\u0434\u0435 \u0440\u0430\u0445\u0430\u0442 \u0431\u0438\u0440 \u043a\u0443\u043b\u043b\u0430\u043d\u0438\u043c \u0441\u0430\u0433\u043b\u0430\u044f\u043d, \u043d\u043e \u0432 \u043a\u043e\u043d\u0435\u0447\u043d\u043e\u043c \u0438\u0442\u043e\u0433\u0435 \u0435\u0435 \u044d\u0440\u043a\u0435\u0433\u0438\u043d \u0433\u0430\u0440\u0434\u044b\u0440\u043e\u0431\u0443\u043d\u0434\u0430 \u0431\u0443\u043b\u0443\u043d\u043c\u0430\u0441\u044b \u0433\u0435\u0440\u0435\u043a\u0435\u043d \u0442\u0435\u043c\u0435\u043b\u044c \u0431\u0438\u0440 \u043f\u0430\u0440\u0441\u0430.<br \/>\n\u0415\u0441\u043b\u0438 \u0432\u044b \u0445\u043e\u0442\u0438\u0442\u0435, \u0447\u0442\u043e\u0431\u044b \u044d\u0442\u043e \u0431\u044b\u043b\u043e \u043f\u043e\u043b\u043e, \u0432\u044b \u043c\u043e\u0436\u0435\u0442\u0435 \u0441\u0434\u0435\u043b\u0430\u0442\u044c \u044d\u0442\u043e, \u0438\u0441\u043f\u043e\u043b\u044c\u0437\u0443\u044f \u043a\u043e\u043c\u0431\u0438\u043d\u0430\u0446\u0438\u044e.<br \/>\nG\u00f6r\u00fcn\u00fcm\u00fcn\u00fcze Modern ve rahat bir dokunu\u015f katmak i\u00e7in hem spor ayakkab\u0131larla hem de sandaletlerle kolayca e\u015fle\u015fir. <strong>\u041c\u0430\u043b\u044c\u0437\u0435\u043c\u0435:<\/strong> \u0425\u0430\u0444\u0438\u0444 \u0438 \u0435\u0433\u043e \u0434\u0440\u0443\u0437\u044c\u044f \u043d\u0435 \u043c\u043e\u0433\u0443\u0442 \u043f\u043e\u043b\u0443\u0447\u0438\u0442\u044c \u0436\u0435\u043b\u0430\u0435\u043c\u043e\u0435. <strong>Bel Detay\u0131:<\/strong> \u0415\u0441\u043b\u0438 \u0432\u044b \u0445\u043e\u0442\u0438\u0442\u0435 \u043f\u043e\u043b\u0443\u0447\u0438\u0442\u044c \u0431\u043e\u043b\u044c\u0448\u0435 \u0434\u0435\u043d\u0435\u0433, \u0432\u044b \u0434\u043e\u043b\u0436\u043d\u044b \u0431\u044b\u0442\u044c \u0432 \u043a\u0443\u0440\u0441\u0435 \u0441\u043e\u0431\u044b\u0442\u0438\u0439, \u0430 \u0442\u0430\u043a\u0436\u0435 \u043f\u043e\u043b\u0443\u0447\u0438\u0442\u044c \u0434\u043e\u043f\u043e\u043b\u043d\u0438\u0442\u0435\u043b\u044c\u043d\u0443\u044e \u0438\u043d\u0444\u043e\u0440\u043c\u0430\u0446\u0438\u044e. <strong>\u0426\u0435\u043f\u043b\u0435\u0440:<\/strong> \u042d\u0442\u043e \u0437\u043d\u0430\u0447\u0438\u0442, \u0447\u0442\u043e \u0432\u044b \u043c\u043e\u0436\u0435\u0442\u0435 \u0432\u044b\u0431\u0440\u0430\u0442\u044c \u0444\u043e\u043d\u043a\u0441\u0438\u043e\u043d\u0435\u043b \u0438 \u0438\u0441\u043f\u043e\u043b\u044c\u0437\u043e\u0432\u0430\u0442\u044c \u0435\u0433\u043e. <strong> Kullan\u0131m:<\/strong> G\u00fcnl\u00fck kullan\u0131m, plaj, hafif spor aktiviteleri ve yaz tatilleri i\u00e7in uygundur.   <\/p>","protected":false},"featured_media":21010,"template":"","meta":[],"product_brand":[],"product_cat":[482,539],"product_tag":[],"class_list":{"0":"post-19098","1":"product","2":"type-product","3":"status-publish","4":"has-post-thumbnail","6":"product_cat-sort","7":"product_cat-seyahat-sortlari","9":"first","10":"instock","11":"product-type-simple"},"_links":{"self":[{"href":"https:\/\/www.climberbc.com\/ru\/wp-json\/wp\/v2\/product\/19098","targetHints":{"allow":["GET"]}}],"collection":[{"href":"https:\/\/www.climberbc.com\/ru\/wp-json\/wp\/v2\/product"}],"about":[{"href":"https:\/\/www.climberbc.com\/ru\/wp-json\/wp\/v2\/types\/product"}],"version-history":[{"count":0,"href":"https:\/\/www.climberbc.com\/ru\/wp-json\/wp\/v2\/product\/19098\/revisions"}],"wp:featuredmedia":[{"embeddable":true,"href":"https:\/\/www.climberbc.com\/ru\/wp-json\/wp\/v2\/media\/21010"}],"wp:attachment":[{"href":"https:\/\/www.climberbc.com\/ru\/wp-json\/wp\/v2\/media?parent=19098"}],"wp:term":[{"taxonomy":"product_brand","embeddable":true,"href":"https:\/\/www.climberbc.com\/ru\/wp-json\/wp\/v2\/product_brand?post=19098"},{"taxonomy":"product_cat","embeddable":true,"href":"https:\/\/www.climberbc.com\/ru\/wp-json\/wp\/v2\/product_cat?post=19098"},{"taxonomy":"product_tag","embeddable":true,"href":"https:\/\/www.climberbc.com\/ru\/wp-json\/wp\/v2\/product_tag?post=19098"}],"curies":[{"name":"WP","href":"https:\/\/api.w.org\/{rel}","templated":true}]}}