{"id":19104,"date":"2024-07-19T13:05:10","date_gmt":"2024-07-19T13:05:10","guid":{"rendered":"https:\/\/www.climberbc.com\/web\/product\/tencel-uzun-kollu-klasik-gomlek-2\/"},"modified":"2024-08-25T15:52:58","modified_gmt":"2024-08-25T15:52:58","slug":"tencel-uzun-kollu-klasik-gomlek-2__trashed","status":"publish","type":"product","link":"https:\/\/www.climberbc.com\/ru\/product\/tencel-uzun-kollu-klasik-gomlek-2__trashed\/","title":{"rendered":"\u0423\u0437\u0443\u043d \u041a\u043e\u043b\u043b\u0443 \u0414\u0435\u0441\u0435\u043d\u043b\u0438 \u041a\u043b\u0430\u0441\u0438\u043a \u0422\u0435\u043d\u0441\u0435\u043b \u0413\u0451\u043c\u043b\u0435\u043a"},"content":{"rendered":"<p><strong>Y\u0131kama Talimatlar\u0131:<\/strong> \u041c\u0430\u043a\u0441\u0438\u043c\u0443\u043c 30\u00b0 C&#039;de y\u0131kay\u0131n\u0131z. \u041a\u043b\u043e\u0440 \u0438\u043b\u0435 \u0430\u0433\u0430\u0440\u0442\u043c\u0430\u0439\u044b\u043d\u0438\u0437. \u0422\u0430\u043c\u0431\u0443\u0440\u0434\u0430 \u043a\u0443\u0440\u0443\u0442\u043c\u0430\u0439\u044b\u043d. Il\u0131k \u0131s\u0131da \u00fct\u00fcleme. \u041a\u0443\u0440\u0443 \u0442\u0435\u043c\u0438\u0437\u043b\u0435\u043c\u0435. \u0419\u0438\u043a\u0430\u043c\u0430\u043a i\u00e7in ters chevirin. Benzer renklerle y\u0131kay\u0131n.<\/p>","protected":false},"excerpt":{"rendered":"<p>\u0428\u044b\u043a\u043b\u044b\u0433\u0438\u043d\u044b\u0437\u044b \u0438 \u0442\u0430\u0440\u0437\u0438\u043d\u044b\u0437\u044b \u043d\u0430 \u043f\u043b\u0430\u043d\u0435 \u0446\u0438\u043a\u0430\u0440\u0430\u0434\u0436\u0430\u043a\u0430, \u043d\u043e \u043a\u043b\u0430\u0441\u0441\u0438\u0447\u0435\u0441\u043a\u0438\u0439 \u0443\u0437\u0443\u043d \u043a\u043e\u043b\u043b\u0443 \u0434\u0435\u0441\u0435\u043d\u043b\u0438 \u0433\u0451\u043c\u043b\u0435\u043a, \u0437\u0430\u0440\u0438\u0444 \u0442\u0430\u0441\u0430\u0440\u044b\u043c\u044b \u0438 \u043a\u0430\u043b\u0438\u0442\u0435\u043b\u0438 \u0442\u0435\u043d\u0441\u0435\u043b \u043a\u0443\u043c\u0430\u0448\u0438\u0439\u043b\u0430 \u0433\u0430\u0440\u0434\u044b\u0440\u043e\u0431\u0443\u043d\u0443\u0437\u0443\u043d \u0432\u0430\u0437\u0433\u0435\u0447\u0438\u043b\u043c\u0435\u0437 \u0434\u043b\u044f \u043f\u0430\u0440\u0441\u0430\u0441\u044b \u0445\u0430\u043b\u0438\u043d \u0433\u0435\u043b\u0435\u0447\u0435\u043a.<br \/>\nHem is hem de g\u00fcnl\u00fck kullan\u0131m \u0438\u0434\u0435\u0430\u043b\u044c\u043d\u043e <strong>\u0420\u0435\u043d\u043a:<\/strong> \u0130nce desenli a\u00e7\u0131k mavi <strong>\u042f\u043a\u0430 \u0422\u0438\u043f\u0438:<\/strong> \u041a\u043b\u0430\u0441\u0441\u0438\u043a \u044f\u043a\u0430 <strong>\u041a\u0443\u043c\u0430\u0448:<\/strong> \u042e\u043c\u0443\u0448\u0430\u043a \u0438 \u0434\u0430\u044f\u043d\u0438\u043a\u0438 \u0422\u0435\u043d\u0441\u0435\u043b \u043a\u0443\u043c\u0430\u0448 <strong>\u041a\u0435\u0441\u0438\u043c:<\/strong> \u0414\u0430\u0440 \u043a\u0435\u0441\u0438\u043c<strong>Kullan\u0131m:<\/strong> \u0412 \u044d\u0442\u043e\u043c \u0441\u043b\u0443\u0447\u0430\u0435 \u0432\u044b \u043c\u043e\u0436\u0435\u0442\u0435 \u043f\u043e\u043b\u0443\u0447\u0438\u0442\u044c \u0436\u0435\u043b\u0430\u0435\u043c\u043e\u0435 \u0438 \u043f\u043e\u043b\u0443\u0447\u0438\u0442\u044c \u0436\u0435\u043b\u0430\u0435\u043c\u043e\u0435.   &nbsp;<\/p>","protected":false},"featured_media":21044,"template":"","meta":[],"product_brand":[],"product_cat":[393,533,534],"product_tag":[],"class_list":{"0":"post-19104","1":"product","2":"type-product","3":"status-publish","4":"has-post-thumbnail","6":"product_cat-gomlek","7":"product_cat-klasik-gomlek","8":"product_cat-uzun-kollu-tr","10":"first","11":"instock","12":"product-type-simple"},"_links":{"self":[{"href":"https:\/\/www.climberbc.com\/ru\/wp-json\/wp\/v2\/product\/19104","targetHints":{"allow":["GET"]}}],"collection":[{"href":"https:\/\/www.climberbc.com\/ru\/wp-json\/wp\/v2\/product"}],"about":[{"href":"https:\/\/www.climberbc.com\/ru\/wp-json\/wp\/v2\/types\/product"}],"version-history":[{"count":0,"href":"https:\/\/www.climberbc.com\/ru\/wp-json\/wp\/v2\/product\/19104\/revisions"}],"wp:featuredmedia":[{"embeddable":true,"href":"https:\/\/www.climberbc.com\/ru\/wp-json\/wp\/v2\/media\/21044"}],"wp:attachment":[{"href":"https:\/\/www.climberbc.com\/ru\/wp-json\/wp\/v2\/media?parent=19104"}],"wp:term":[{"taxonomy":"product_brand","embeddable":true,"href":"https:\/\/www.climberbc.com\/ru\/wp-json\/wp\/v2\/product_brand?post=19104"},{"taxonomy":"product_cat","embeddable":true,"href":"https:\/\/www.climberbc.com\/ru\/wp-json\/wp\/v2\/product_cat?post=19104"},{"taxonomy":"product_tag","embeddable":true,"href":"https:\/\/www.climberbc.com\/ru\/wp-json\/wp\/v2\/product_tag?post=19104"}],"curies":[{"name":"WP","href":"https:\/\/api.w.org\/{rel}","templated":true}]}}