{"id":19113,"date":"2024-07-19T13:08:11","date_gmt":"2024-07-19T13:08:11","guid":{"rendered":"https:\/\/www.climberbc.com\/web\/product\/orme-bisiklet-yaka-t-shirt-10\/"},"modified":"2024-08-25T15:52:58","modified_gmt":"2024-08-25T15:52:58","slug":"orme-bisiklet-yaka-t-shirt-10__trashed","status":"publish","type":"product","link":"https:\/\/www.climberbc.com\/ru\/product\/orme-bisiklet-yaka-t-shirt-10__trashed\/","title":{"rendered":"\u0414\u0435\u0441\u0435\u043d\u043b\u0438 \u0411\u0438\u0441\u0438\u043a\u043b\u0435\u0442 \u042f\u043a\u0430 \u0422\u0438\u0448\u043e\u0440\u0442"},"content":{"rendered":"<p><strong>Y\u0131kama Talimatlar\u0131:<\/strong> \u041c\u0430\u043a\u0441\u0438\u043c\u0430\u043b\u044c\u043d\u0430\u044f \u0442\u0435\u043c\u043f\u0435\u0440\u0430\u0442\u0443\u0440\u0430 30\u00b0. \u0422\u0430\u043c\u0431\u0443\u0440\u0434\u0430 \u043a\u0443\u0440\u0443\u0442\u043c\u0430\u0439\u044b\u043d. D\u00fc\u015f\u00fck \u0131s\u0131da \u00fct\u00fcleme Kuru temizleme. \u0419\u0438\u043a\u0430\u043c\u0430\u043a i\u00e7in ters chevirin. Benzer renklerle y\u0131kay\u0131n.<\/p>","protected":false},"excerpt":{"rendered":"<p>\u0415\u0441\u043b\u0438 \u0432\u044b \u0445\u043e\u0442\u0438\u0442\u0435, \u0447\u0442\u043e\u0431\u044b \u044d\u0442\u043e \u0431\u044b\u043b\u043e \u0441\u0434\u0435\u043b\u0430\u043d\u043e, \u0442\u043e \u043f\u0430\u043d\u0442\u043e\u043b\u043e\u043d\u043b\u0430\u0440\u0434\u0430\u043d \u043c\u043e\u0436\u0435\u0442 \u043f\u043e\u043b\u0443\u0447\u0438\u0442\u044c \u0436\u0435\u043b\u0430\u0435\u043c\u044b\u0439 \u0440\u0435\u0437\u0443\u043b\u044c\u0442\u0430\u0442, \u0435\u0441\u043b\u0438 \u0432\u044b \u0445\u043e\u0442\u0438\u0442\u0435, \u0447\u0442\u043e\u0431\u044b \u043e\u043d \u0431\u044b\u043b \u043a\u043e\u043c\u0431\u0438\u043d\u0438\u0440\u043e\u0432\u0430\u043d.<br \/>\nHem spor ayakkab\u0131larla hem de g\u00fcnl\u00fck ayakkab\u0131larla kolayca kombinlenebilir. <strong>\u041c\u0430\u043b\u044c\u0437\u0435\u043c\u0435:<\/strong> \u0415\u0441\u043b\u0438 \u0432\u044b \u0445\u043e\u0442\u0438\u0442\u0435, \u0447\u0442\u043e\u0431\u044b \u0432\u0430\u0448\u0438 \u0440\u0443\u043a\u0438 \u0431\u044b\u043b\u0438 \u0447\u0438\u0441\u0442\u044b\u043c\u0438, \u0432\u044b \u043c\u043e\u0436\u0435\u0442\u0435 \u0441\u0434\u0435\u043b\u0430\u0442\u044c \u044d\u0442\u043e, \u0447\u0442\u043e\u0431\u044b \u043f\u043e\u043b\u0443\u0447\u0438\u0442\u044c \u0431\u043e\u043b\u044c\u0448\u0435 \u0443\u0434\u043e\u0432\u043e\u043b\u044c\u0441\u0442\u0432\u0438\u044f. <strong>\u041a\u0435\u0441\u0438\u043c:<\/strong> \u041e\u0440\u0438\u0433\u0438\u043d\u0430\u043b\u044c\u043d\u043e \u043f\u043e\u0434\u0445\u043e\u0434\u0438\u0442 \u0434\u043b\u044f \u043a\u0430\u0436\u0434\u043e\u0433\u043e \u0441\u043b\u0443\u0447\u0430\u044f, \u0435\u0441\u043b\u0438 \u0432\u044b \u0445\u043e\u0442\u0438\u0442\u0435 \u0438\u0441\u043f\u043e\u043b\u044c\u0437\u043e\u0432\u0430\u0442\u044c \u0435\u0433\u043e, \u0430 \u0442\u0430\u043a\u0436\u0435 \u043f\u043e\u043b\u0443\u0447\u0438\u0442\u044c \u0434\u043e\u0441\u0442\u0443\u043f \u043a \u0432\u0435\u0449\u0430\u043c. <strong>Desen:<\/strong> Modern ve \u015f\u0131k desenleriyle g\u00f6z al\u0131c\u0131 bir g\u00f6r\u00fcn\u00fcm. <strong>\u042f\u043a\u0430 \u0422\u0438\u043f\u0438:<\/strong> \u0411\u0438\u0441\u0438\u043a\u043b\u0435\u0442 \u044f\u043a\u0430, \u0441\u0430\u0434\u0435 \u0438 \u043a\u043b\u0430\u0441\u0441\u0438\u043a \u0431\u0438\u0440 \u0441\u0442\u0438\u043b\u044c \u0441\u0443\u043d\u0430\u0440. <strong>Kullan\u0131m:<\/strong> \u0413\u044e\u043d\u043b\u044e\u043a \u043a\u0443\u043b\u043b\u0430\u043d\u0438\u043c, \u0441\u043e\u0441\u0438\u0430\u043b \u0435\u0442\u043a\u0438\u043d\u043b\u0438\u043a\u043b\u0435\u0440 \u0438 \u0445\u0430\u0444\u0438\u0444 \u0441\u043f\u043e\u0440 \u0430\u043a\u0442\u0438\u0432\u0438\u0442\u0435\u043b\u0435\u0440\u0438 \u0432 \u0443\u0439\u0433\u0443\u043d\u0434\u0443\u0440\u0435. <\/p>","protected":false},"featured_media":20950,"template":"","meta":[],"product_brand":[],"product_cat":[387,378],"product_tag":[],"class_list":{"0":"post-19113","1":"product","2":"type-product","3":"status-publish","4":"has-post-thumbnail","6":"product_cat-murettebat-yaka","7":"product_cat-t-shirt-tr","9":"first","10":"instock","11":"product-type-simple"},"_links":{"self":[{"href":"https:\/\/www.climberbc.com\/ru\/wp-json\/wp\/v2\/product\/19113","targetHints":{"allow":["GET"]}}],"collection":[{"href":"https:\/\/www.climberbc.com\/ru\/wp-json\/wp\/v2\/product"}],"about":[{"href":"https:\/\/www.climberbc.com\/ru\/wp-json\/wp\/v2\/types\/product"}],"version-history":[{"count":0,"href":"https:\/\/www.climberbc.com\/ru\/wp-json\/wp\/v2\/product\/19113\/revisions"}],"wp:featuredmedia":[{"embeddable":true,"href":"https:\/\/www.climberbc.com\/ru\/wp-json\/wp\/v2\/media\/20950"}],"wp:attachment":[{"href":"https:\/\/www.climberbc.com\/ru\/wp-json\/wp\/v2\/media?parent=19113"}],"wp:term":[{"taxonomy":"product_brand","embeddable":true,"href":"https:\/\/www.climberbc.com\/ru\/wp-json\/wp\/v2\/product_brand?post=19113"},{"taxonomy":"product_cat","embeddable":true,"href":"https:\/\/www.climberbc.com\/ru\/wp-json\/wp\/v2\/product_cat?post=19113"},{"taxonomy":"product_tag","embeddable":true,"href":"https:\/\/www.climberbc.com\/ru\/wp-json\/wp\/v2\/product_tag?post=19113"}],"curies":[{"name":"WP","href":"https:\/\/api.w.org\/{rel}","templated":true}]}}