{"id":19117,"date":"2024-07-19T13:08:11","date_gmt":"2024-07-19T13:08:11","guid":{"rendered":"https:\/\/www.climberbc.com\/web\/product\/kisa-kollu-bisiklet-yaka-triko-3\/"},"modified":"2024-08-25T15:52:58","modified_gmt":"2024-08-25T15:52:58","slug":"kisa-kollu-bisiklet-yaka-triko-3__trashed","status":"publish","type":"product","link":"https:\/\/www.climberbc.com\/ru\/product\/kisa-kollu-bisiklet-yaka-triko-3__trashed\/","title":{"rendered":"\u041a\u044b\u0441\u0430 \u041a\u043e\u043b\u043b\u0443 \u0415\u0448\u0438\u043b \u0411\u0438\u0441\u0438\u043a\u043b\u0435\u0442 \u042f\u043a\u0430 \u0422\u0440\u0438\u043a\u043e"},"content":{"rendered":"<p><strong>Y\u0131kama Talimatlar\u0131:<\/strong> \u041c\u0430\u043a\u0441\u0438\u043c\u0430\u043b\u044c\u043d\u0430\u044f \u0442\u0435\u043c\u043f\u0435\u0440\u0430\u0442\u0443\u0440\u0430 30\u00b0. \u0422\u0430\u043c\u0431\u0443\u0440\u0434\u0430 \u043a\u0443\u0440\u0443\u0442\u043c\u0430\u0439\u044b\u043d. D\u00fc\u015f\u00fck \u0131s\u0131da \u00fct\u00fcleme Kuru temizleme. \u0419\u0438\u043a\u0430\u043c\u0430\u043a i\u00e7in ters chevirin. Benzer renklerle y\u0131kay\u0131n.<\/p>","protected":false},"excerpt":{"rendered":"<p>Bu \u015f\u0131k haki ye\u015fili ti\u015f\u00f6rt, kot pantolonlardan rahat kesim \u015fortlara kadar \u00e7e\u015fitli kombinlerle giyilebilir.<br \/>\nHem spor ayakkab\u0131larla hem de g\u00fcnl\u00fck ayakkab\u0131larla kolayca kombinlenebilen bu ti\u015f\u00f6rt, gard\u0131robunuzdaki en kullan\u0131\u015fl\u0131 ve \u015f\u0131k par\u00e7alardan biridir.   &nbsp;<\/p>","protected":false},"featured_media":20986,"template":"","meta":[],"product_brand":[],"product_cat":[519,420],"product_tag":[],"class_list":{"0":"post-19117","1":"product","2":"type-product","3":"status-publish","4":"has-post-thumbnail","6":"product_cat-murettebat-yaka-tr","7":"product_cat-triko","9":"first","10":"instock","11":"product-type-simple"},"_links":{"self":[{"href":"https:\/\/www.climberbc.com\/ru\/wp-json\/wp\/v2\/product\/19117","targetHints":{"allow":["GET"]}}],"collection":[{"href":"https:\/\/www.climberbc.com\/ru\/wp-json\/wp\/v2\/product"}],"about":[{"href":"https:\/\/www.climberbc.com\/ru\/wp-json\/wp\/v2\/types\/product"}],"version-history":[{"count":0,"href":"https:\/\/www.climberbc.com\/ru\/wp-json\/wp\/v2\/product\/19117\/revisions"}],"wp:featuredmedia":[{"embeddable":true,"href":"https:\/\/www.climberbc.com\/ru\/wp-json\/wp\/v2\/media\/20986"}],"wp:attachment":[{"href":"https:\/\/www.climberbc.com\/ru\/wp-json\/wp\/v2\/media?parent=19117"}],"wp:term":[{"taxonomy":"product_brand","embeddable":true,"href":"https:\/\/www.climberbc.com\/ru\/wp-json\/wp\/v2\/product_brand?post=19117"},{"taxonomy":"product_cat","embeddable":true,"href":"https:\/\/www.climberbc.com\/ru\/wp-json\/wp\/v2\/product_cat?post=19117"},{"taxonomy":"product_tag","embeddable":true,"href":"https:\/\/www.climberbc.com\/ru\/wp-json\/wp\/v2\/product_tag?post=19117"}],"curies":[{"name":"WP","href":"https:\/\/api.w.org\/{rel}","templated":true}]}}