{"id":19118,"date":"2024-07-19T13:12:07","date_gmt":"2024-07-19T13:12:07","guid":{"rendered":"https:\/\/www.climberbc.com\/web\/product\/beli-bagcikli-seyahat-pantolonu-13\/"},"modified":"2024-08-25T15:52:57","modified_gmt":"2024-08-25T15:52:57","slug":"beli-bagcikli-seyahat-pantolonu-13__trashed","status":"publish","type":"product","link":"https:\/\/www.climberbc.com\/ru\/product\/beli-bagcikli-seyahat-pantolonu-13__trashed\/","title":{"rendered":"\u0411\u0435\u0439 \u0418\u043f\u043b\u0438 \u0411\u0435\u043b \u0421\u0435\u044f\u0445\u0430\u0442 \u041f\u0430\u043d\u0442\u043e\u043b\u043e\u043d\u0443"},"content":{"rendered":"<p><strong>Y\u0131kama Talimatlar\u0131:<\/strong> \u041c\u0430\u043a\u0441\u0438\u043c\u0443\u043c 30\u00b0 C&#039;de y\u0131kay\u0131n\u0131z. \u041a\u043b\u043e\u0440 \u0438\u043b\u0435 \u0430\u0433\u0430\u0440\u0442\u043c\u0430\u0439\u044b\u043d\u0438\u0437. \u0422\u0430\u043c\u0431\u0443\u0440\u0434\u0430 \u043a\u0443\u0440\u0443\u0442\u043c\u0430\u0439\u044b\u043d. Il\u0131k \u0131s\u0131da \u00fct\u00fcleme. \u041a\u0443\u0440\u0443 \u0442\u0435\u043c\u0438\u0437\u043b\u0435\u043c\u0435. \u0419\u0438\u043a\u0430\u043c\u0430\u043a i\u00e7in ters chevirin. Benzer renklerle y\u0131kay\u0131n.<\/p>","protected":false},"excerpt":{"rendered":"<p>\u0415\u0441\u043b\u0438 \u0443 \u0432\u0430\u0441 \u0435\u0441\u0442\u044c \u043f\u0430\u043d\u0442\u043e\u043b\u043e\u043d, \u043f\u043e\u0434\u043e\u043b \u0441\u043f\u043e\u0440\u0430 \u0430\u044f\u043a\u043a\u0430\u0431\u044b\u043b\u0430\u0440\u043b\u0430 \u043f\u043e\u0434\u043e\u043b \u0434\u0435 \u043a\u043b\u0430\u0441\u0441\u0438\u0447\u0435\u0441\u043a\u043e\u0433\u043e \u0430\u044f\u043a\u043a\u0430\u0431\u044b\u043b\u0430\u0440\u043b\u0430 \u043a\u043e\u043c\u0431\u0438\u043d\u043b\u0435\u0439\u0435\u0440\u0435\u043a \u0444\u0430\u0440\u043a\u043b\u044b \u0441\u0442\u0438\u043b\u043b\u0435\u0440 \u044f\u0440\u0430\u0442\u043c\u0430\u043d\u044b\u0437\u0430 \u043e\u043b\u0430\u043d\u0430\u043a \u0442\u0430\u043d\u0438\u0439\u043e\u0440.<br \/>\n\u0421\u043e\u0432\u0440\u0435\u043c\u0435\u043d\u043d\u044b\u0435 \u043f\u0440\u043e\u0438\u0437\u0432\u0435\u0434\u0435\u043d\u0438\u044f \u0438\u0441\u043a\u0443\u0441\u0441\u0442\u0432\u0430 \u0438 \u0441\u0442\u0438\u043b\u044c\u043d\u044b\u0435 \u0441\u043e\u0444\u0438\u0441\u0442\u0438\u043a\u0438 \u0434\u043b\u044f \u0434\u043e\u043a\u0443\u043c\u0435\u043d\u0442\u0430\u043b\u044c\u043d\u043e\u0433\u043e \u043e\u0444\u043e\u0440\u043c\u043b\u0435\u043d\u0438\u044f. <strong>\u041c\u0430\u043b\u044c\u0437\u0435\u043c\u0435:<\/strong> \u0415\u0441\u043b\u0438 \u0432\u044b \u043d\u0435 \u0445\u043e\u0442\u0438\u0442\u0435, \u0447\u0442\u043e\u0431\u044b \u0443 \u0432\u0430\u0441 \u0431\u044b\u043b\u0438 \u0445\u043e\u0440\u043e\u0448\u0438\u0435 \u043d\u043e\u0432\u043e\u0441\u0442\u0438, \u0432\u044b \u043c\u043e\u0436\u0435\u0442\u0435 \u043f\u043e\u043b\u0443\u0447\u0438\u0442\u044c \u0434\u043e\u043f\u043e\u043b\u043d\u0438\u0442\u0435\u043b\u044c\u043d\u0443\u044e \u0438\u043d\u0444\u043e\u0440\u043c\u0430\u0446\u0438\u044e. <strong>Bel Detay\u0131:<\/strong> \u0414\u043e\u043f\u043e\u043b\u043d\u0438\u0442\u0435\u043b\u044c\u043d\u044b\u0435 \u043c\u0435\u0440\u044b \u043f\u0440\u0435\u0434\u043e\u0441\u0442\u043e\u0440\u043e\u0436\u043d\u043e\u0441\u0442\u0438 \u043c\u043e\u0433\u0443\u0442 \u0431\u044b\u0442\u044c \u0438\u0441\u043f\u043e\u043b\u044c\u0437\u043e\u0432\u0430\u043d\u044b \u0434\u043b\u044f \u043f\u043e\u043b\u0443\u0447\u0435\u043d\u0438\u044f \u0434\u043e\u043f\u043e\u043b\u043d\u0438\u0442\u0435\u043b\u044c\u043d\u044b\u0445 \u0443\u0441\u043b\u0443\u0433 \u0438 \u0434\u043e\u043f\u043e\u043b\u043d\u0438\u0442\u0435\u043b\u044c\u043d\u044b\u0445 \u0443\u0441\u043b\u043e\u0432\u0438\u0439. <strong>\u0426\u0435\u043f\u043b\u0435\u0440:<\/strong> \u0418 \u043e\u043d\u0438 \u0431\u0443\u0434\u0443\u0442 \u0442\u0430\u043a\u0438\u043c\u0438 \u0436\u0435, \u043a\u0430\u043a \u0438 \u0434\u0440\u0443\u0433\u0438\u0435, \u0438 \u0431\u0443\u0434\u0443\u0442 \u0432\u044b\u0433\u043b\u044f\u0434\u0435\u0442\u044c \u043a\u0430\u043a \u0448\u044b\u043a\u043b\u044b\u043a-\u0445\u0435\u043c-\u0434\u0435-\u0438\u0448\u043b\u0438\u0441\u0435\u043b\u043b\u0438\u043a \u0441\u0443\u043d\u0430\u0440. <strong>Kullan\u0131m:<\/strong> G\u00fcnl\u00fck kullan\u0131m, is yeri \u0438 sosyal etkinlikler i\u00e7in uygundur. <\/p>","protected":false},"featured_media":20854,"template":"","meta":[],"product_brand":[],"product_cat":[408,409],"product_tag":[],"class_list":{"0":"post-19118","1":"product","2":"type-product","3":"status-publish","4":"has-post-thumbnail","6":"product_cat-pantolon","7":"product_cat-seyahat-pantolonu","9":"first","10":"instock","11":"product-type-simple"},"_links":{"self":[{"href":"https:\/\/www.climberbc.com\/ru\/wp-json\/wp\/v2\/product\/19118","targetHints":{"allow":["GET"]}}],"collection":[{"href":"https:\/\/www.climberbc.com\/ru\/wp-json\/wp\/v2\/product"}],"about":[{"href":"https:\/\/www.climberbc.com\/ru\/wp-json\/wp\/v2\/types\/product"}],"version-history":[{"count":0,"href":"https:\/\/www.climberbc.com\/ru\/wp-json\/wp\/v2\/product\/19118\/revisions"}],"wp:featuredmedia":[{"embeddable":true,"href":"https:\/\/www.climberbc.com\/ru\/wp-json\/wp\/v2\/media\/20854"}],"wp:attachment":[{"href":"https:\/\/www.climberbc.com\/ru\/wp-json\/wp\/v2\/media?parent=19118"}],"wp:term":[{"taxonomy":"product_brand","embeddable":true,"href":"https:\/\/www.climberbc.com\/ru\/wp-json\/wp\/v2\/product_brand?post=19118"},{"taxonomy":"product_cat","embeddable":true,"href":"https:\/\/www.climberbc.com\/ru\/wp-json\/wp\/v2\/product_cat?post=19118"},{"taxonomy":"product_tag","embeddable":true,"href":"https:\/\/www.climberbc.com\/ru\/wp-json\/wp\/v2\/product_tag?post=19118"}],"curies":[{"name":"WP","href":"https:\/\/api.w.org\/{rel}","templated":true}]}}