{"id":19129,"date":"2024-07-19T13:16:07","date_gmt":"2024-07-19T13:16:07","guid":{"rendered":"https:\/\/www.climberbc.com\/web\/product\/beli-bagcikli-seyahat-pantolonu-16\/"},"modified":"2024-08-25T15:52:57","modified_gmt":"2024-08-25T15:52:57","slug":"beli-bagcikli-seyahat-pantolonu-16__trashed","status":"publish","type":"product","link":"https:\/\/www.climberbc.com\/ru\/product\/beli-bagcikli-seyahat-pantolonu-16__trashed\/","title":{"rendered":"Lacivert \u0130pli Bel Seyahat Pantolonu"},"content":{"rendered":"<p><strong>Y\u0131kama Talimatlar\u0131:<\/strong> \u041c\u0430\u043a\u0441\u0438\u043c\u0443\u043c 30\u00b0 C&#039;de y\u0131kay\u0131n\u0131z. \u041a\u043b\u043e\u0440 \u0438\u043b\u0435 \u0430\u0433\u0430\u0440\u0442\u043c\u0430\u0439\u044b\u043d\u0438\u0437. \u0422\u0430\u043c\u0431\u0443\u0440\u0434\u0430 \u043a\u0443\u0440\u0443\u0442\u043c\u0430\u0439\u044b\u043d. Il\u0131k \u0131s\u0131da \u00fct\u00fcleme. \u041a\u0443\u0440\u0443 \u0442\u0435\u043c\u0438\u0437\u043b\u0435\u043c\u0435. \u0419\u0438\u043a\u0430\u043c\u0430\u043a i\u00e7in ters chevirin. Benzer renklerle y\u0131kay\u0131n.<\/p>","protected":false},"excerpt":{"rendered":"<p>Lacivert renkteki sofistike g\u00f6r\u00fcn\u00fcm\u00fc ve rahat yap\u0131s\u0131yla bu Seyahat Pantolonu gard\u0131robunuzun vazge\u00e7ilmez bir par\u00e7as\u0131 olacak.<br \/>\n\u0421\u043f\u043e\u0440\u0442\u0438\u0432\u043d\u044b\u0439 \u043a\u043e\u043c\u0431\u0438\u043d\u0435\u0437\u043e\u043d \u043c\u043e\u0436\u043d\u043e \u0438\u0441\u043f\u043e\u043b\u044c\u0437\u043e\u0432\u0430\u0442\u044c \u0442\u043e\u043b\u044c\u043a\u043e \u0432 \u043a\u0430\u0447\u0435\u0441\u0442\u0432\u0435 \u043a\u043e\u043c\u0431\u0438\u043d\u0435\u0437\u043e\u043d\u0430. <strong>\u041c\u0430\u043b\u044c\u0437\u0435\u043c\u0435:<\/strong> \u042e\u043a\u0441\u0435\u043a \u043a\u0430\u043b\u0438\u0442\u0435\u043b\u0438 \u0432\u0435 \u044d\u0441\u043d\u0435\u043a \u043a\u0443\u043c\u0430\u0448\u0438 \u0433\u044e\u043d \u0431\u043e\u0439\u044e \u0440\u0430\u0445\u0430\u0442\u043b\u044b\u043a \u0432\u0435 \u0445\u0430\u0440\u0435\u043a\u0435\u0442 \u00f6zg\u00fcrl\u00fc\u011f\u00fc sa\u011flar. <strong>\u0422\u0430\u0441\u0430\u0440\u044b\u043c: \u043c\u0438\u043d\u0438\u043c\u0430\u043b\u0438\u0441\u0442\u0441\u043a\u0438\u0439 \u0438 \u0437\u0430\u0440\u0438\u0444\u043d\u044b\u0439 \u0442\u0430\u0441\u0430\u0440\u044b\u043c:<\/strong> \u041c\u0438\u043d\u0438\u043c\u0430\u043b\u0438\u0441\u0442\u0441\u043a\u0438\u0439 \u0438 \u0437\u0430\u0440\u0438\u0444 \u0442\u0430\u0441\u0430\u0440\u0438\u043c\u044b\u0439 \u0435\u0435 \u0441\u0442\u0430\u043d\u0434\u0430\u0440\u0442\u043d\u044b\u0439 \u0441\u0442\u0438\u043b\u044c\u043d\u044b\u0439 \u0434\u0438\u0437\u0430\u0439\u043d. <strong>\u0414\u0435\u0442\u0435\u0439\u043b\u0430\u0440<\/strong>: Ayarlanabilir ba\u011fc\u0131kl\u0131 bel ki\u015fisel uyum sa\u011flar. <strong>\u041a\u0435\u0441\u0438\u043c:<\/strong> \u041e\u0437\u0435\u043b\u044c kesim v\u00fccuda m\u00fckemmel uyum sa\u011flar \u0432\u0435 \u0441\u043e\u0432\u0440\u0435\u043c\u0435\u043d\u043d\u044b\u0439 \u0431\u0438\u0440-\u0441\u0438\u043b\u0443\u044d\u0442 olu\u015fturur. <\/p>","protected":false},"featured_media":20824,"template":"","meta":[],"product_brand":[],"product_cat":[408,409],"product_tag":[],"class_list":{"0":"post-19129","1":"product","2":"type-product","3":"status-publish","4":"has-post-thumbnail","6":"product_cat-pantolon","7":"product_cat-seyahat-pantolonu","9":"first","10":"instock","11":"product-type-simple"},"_links":{"self":[{"href":"https:\/\/www.climberbc.com\/ru\/wp-json\/wp\/v2\/product\/19129","targetHints":{"allow":["GET"]}}],"collection":[{"href":"https:\/\/www.climberbc.com\/ru\/wp-json\/wp\/v2\/product"}],"about":[{"href":"https:\/\/www.climberbc.com\/ru\/wp-json\/wp\/v2\/types\/product"}],"version-history":[{"count":0,"href":"https:\/\/www.climberbc.com\/ru\/wp-json\/wp\/v2\/product\/19129\/revisions"}],"wp:featuredmedia":[{"embeddable":true,"href":"https:\/\/www.climberbc.com\/ru\/wp-json\/wp\/v2\/media\/20824"}],"wp:attachment":[{"href":"https:\/\/www.climberbc.com\/ru\/wp-json\/wp\/v2\/media?parent=19129"}],"wp:term":[{"taxonomy":"product_brand","embeddable":true,"href":"https:\/\/www.climberbc.com\/ru\/wp-json\/wp\/v2\/product_brand?post=19129"},{"taxonomy":"product_cat","embeddable":true,"href":"https:\/\/www.climberbc.com\/ru\/wp-json\/wp\/v2\/product_cat?post=19129"},{"taxonomy":"product_tag","embeddable":true,"href":"https:\/\/www.climberbc.com\/ru\/wp-json\/wp\/v2\/product_tag?post=19129"}],"curies":[{"name":"WP","href":"https:\/\/api.w.org\/{rel}","templated":true}]}}