{"id":19131,"date":"2024-07-19T13:16:07","date_gmt":"2024-07-19T13:16:07","guid":{"rendered":"https:\/\/www.climberbc.com\/web\/product\/ormeyakasi-dugmeli-polo-yaka-t-shirt\/"},"modified":"2024-08-25T15:52:57","modified_gmt":"2024-08-25T15:52:57","slug":"ormeyakasi-dugmeli-polo-yaka-t-shirt__trashed","status":"publish","type":"product","link":"https:\/\/www.climberbc.com\/ru\/product\/ormeyakasi-dugmeli-polo-yaka-t-shirt__trashed\/","title":{"rendered":"\u0414\u044e\u0433\u043c\u0435\u043b\u0438 \u041f\u043e\u043b\u043e \u042f\u043a\u0430\u043b\u044b \u0422\u043e\u0437\u043b\u0443 \u0413\u044e\u043b\u044c \u0422\u0438\u0448\u043e\u0440\u0442"},"content":{"rendered":"<p><strong>Y\u0131kama Talimatlar\u0131:<\/strong> \u041c\u0430\u043a\u0441\u0438\u043c\u0430\u043b\u044c\u043d\u0430\u044f \u0442\u0435\u043c\u043f\u0435\u0440\u0430\u0442\u0443\u0440\u0430 30\u00b0. \u0422\u0430\u043c\u0431\u0443\u0440\u0434\u0430 \u043a\u0443\u0440\u0443\u0442\u043c\u0430\u0439\u044b\u043d. S\u0131cak \u0131s\u0131da \u00fct\u00fcleme Kuru temizleme yapmay\u0131n Benzer renklerle y\u0131kay\u0131n.<br \/>\nTers \u00e7evirerek \u00fct\u00fcleyin. <\/p>","protected":false},"excerpt":{"rendered":"<p>\u0421\u0442\u0438\u043b\u044c\u043d\u044b\u0435 \u0441\u043e\u0444\u0438\u0441\u0442\u0438\u043a\u0438 \u0434\u043b\u044f \u043e\u0431\u0443\u0447\u0435\u043d\u0438\u044f \u043a\u0430\u0442\u043c\u0430\u043a\u0443 \u0432 \u043f\u043e\u043b\u043e \u0438\u043b\u0438 \u0432 \u043f\u043e\u043b\u043e, \u043f\u043e\u0434\u043e\u043b \u0448\u043b\u0438\u043a \u043f\u043e\u0434\u043e\u043b \u0434\u0435 \u0440\u0430\u0445\u0430\u0442\u043b\u044b\u043a \u0441\u0443\u043d\u0443\u0439\u043e\u0440.<br \/>\n\u0421\u043e\u0432\u0440\u0435\u043c\u0435\u043d\u043d\u044b\u0439 \u0438 \u0437\u0430\u0440\u0438\u0444\u043d\u044b\u0439 \u0442\u0430\u0441\u0430\u0440\u0438\u043c\u044b\u0439\u043b\u0430 - \u044d\u0442\u043e \u043e\u0434\u0438\u043d \u0438\u0437 \u0432\u0430\u0440\u0438\u0430\u043d\u0442\u043e\u0432, \u043f\u043e \u043a\u043e\u0442\u043e\u0440\u043e\u043c\u0443 \u0416\u0430\u043d \u041f\u0430\u043d\u0442\u043e\u043b\u043e\u043d\u043b\u0430\u0440\u043b\u0430 \u043f\u043e\u0434\u043e\u043b \u0434\u0435 \u0428\u0438\u043a \u041a\u0443\u043c\u0430\u0441 \u041f\u0430\u043d\u0442\u043e\u043b\u043e\u043d\u043b\u0430\u0440\u043b\u0430 \u041a\u043e\u043c\u0431\u0438\u043d\u043b\u0435\u043d\u0435\u0431\u0438\u043b\u0438\u0440.<br \/>\nAyn\u0131 zamanda m\u00fckemmel bir hediye se\u00e7ene\u011fi olabilir. <strong>\u041c\u0430\u043b\u044c\u0437\u0435\u043c\u0435:<\/strong> \u0415\u0441\u043b\u0438 \u0432\u0430\u043c \u043d\u0443\u0436\u043d\u044b \u043a\u0430\u043a\u0438\u0435-\u043b\u0438\u0431\u043e \u0434\u043e\u043a\u0443\u043c\u0435\u043d\u0442\u044b, \u0432\u044b \u043c\u043e\u0436\u0435\u0442\u0435 \u043f\u043e\u043b\u0443\u0447\u0438\u0442\u044c \u0434\u043e\u043f\u043e\u043b\u043d\u0438\u0442\u0435\u043b\u044c\u043d\u044b\u0435 \u0434\u043e\u043a\u0443\u043c\u0435\u043d\u0442\u044b \u0438 \u043f\u043e\u043b\u0443\u0447\u0438\u0442\u044c \u0434\u043e\u043f\u043e\u043b\u043d\u0438\u0442\u0435\u043b\u044c\u043d\u044b\u0435 \u0441\u0432\u0435\u0434\u0435\u043d\u0438\u044f. <strong>\u0414\u0435\u0442\u0430\u043b\u0438:<\/strong> \u042f\u043a\u0430 \u0432\u0435 \u043a\u043e\u043b kenarlar\u0131ndaki beyaz ince \u015ferit detaylar\u0131 ile Modern bir g\u00f6r\u00fcn\u00fcm sa\u011flan\u0131r. <strong>\u041a\u0435\u0441\u0438\u043c:<\/strong> \u041f\u0435\u0440\u0432\u043e\u043d\u0430\u0447\u0430\u043b\u044c\u043d\u043e\u0435 \u0437\u043d\u0430\u0447\u0435\u043d\u0438\u0435 \u0438\u043c\u0435\u0435\u0442 \u0442\u043e, \u0447\u0442\u043e \u0432\u044b \u043c\u043e\u0436\u0435\u0442\u0435 \u0438\u0437\u043c\u0435\u043d\u0438\u0442\u044c \u043d\u0430\u0441\u0442\u0440\u043e\u0439\u043a\u0438, \u0447\u0442\u043e\u0431\u044b \u043f\u043e\u043b\u0443\u0447\u0438\u0442\u044c \u0434\u043e\u0441\u0442\u0443\u043f \u043a \u0434\u0440\u0443\u0433\u0438\u043c \u043f\u0440\u043e\u0434\u0443\u043a\u0442\u0430\u043c. <strong>\u041a\u0443\u043b\u043b\u0430\u043d\u044b\u043c<\/strong>: G\u00fcnl\u00fck kullan\u0131m, is yeri, sosyal etkinlikler ve hafif spor aktiviteleri i\u00e7in Idealdir.  <\/p>","protected":false},"featured_media":20839,"template":"","meta":[],"product_brand":[],"product_cat":[382,378],"product_tag":[],"class_list":{"0":"post-19131","1":"product","2":"type-product","3":"status-publish","4":"has-post-thumbnail","6":"product_cat-polo-yaka","7":"product_cat-t-shirt-tr","9":"first","10":"instock","11":"product-type-simple"},"_links":{"self":[{"href":"https:\/\/www.climberbc.com\/ru\/wp-json\/wp\/v2\/product\/19131","targetHints":{"allow":["GET"]}}],"collection":[{"href":"https:\/\/www.climberbc.com\/ru\/wp-json\/wp\/v2\/product"}],"about":[{"href":"https:\/\/www.climberbc.com\/ru\/wp-json\/wp\/v2\/types\/product"}],"version-history":[{"count":0,"href":"https:\/\/www.climberbc.com\/ru\/wp-json\/wp\/v2\/product\/19131\/revisions"}],"wp:featuredmedia":[{"embeddable":true,"href":"https:\/\/www.climberbc.com\/ru\/wp-json\/wp\/v2\/media\/20839"}],"wp:attachment":[{"href":"https:\/\/www.climberbc.com\/ru\/wp-json\/wp\/v2\/media?parent=19131"}],"wp:term":[{"taxonomy":"product_brand","embeddable":true,"href":"https:\/\/www.climberbc.com\/ru\/wp-json\/wp\/v2\/product_brand?post=19131"},{"taxonomy":"product_cat","embeddable":true,"href":"https:\/\/www.climberbc.com\/ru\/wp-json\/wp\/v2\/product_cat?post=19131"},{"taxonomy":"product_tag","embeddable":true,"href":"https:\/\/www.climberbc.com\/ru\/wp-json\/wp\/v2\/product_tag?post=19131"}],"curies":[{"name":"WP","href":"https:\/\/api.w.org\/{rel}","templated":true}]}}