{"id":19140,"date":"2024-07-19T13:20:20","date_gmt":"2024-07-19T13:20:20","guid":{"rendered":"https:\/\/www.climberbc.com\/web\/product\/acik-mavi-seyahat-ceketi\/"},"modified":"2024-08-25T15:52:57","modified_gmt":"2024-08-25T15:52:57","slug":"acik-mavi-seyahat-ceketi__trashed","status":"publish","type":"product","link":"https:\/\/www.climberbc.com\/ru\/product\/acik-mavi-seyahat-ceketi__trashed\/","title":{"rendered":"A\u00e7\u0131k Mavi Seyahat Ceketti"},"content":{"rendered":"<p><strong>Y\u0131kama Talimatlar\u0131:<\/strong> \u0419\u044b\u043a\u0430\u043c\u0430\u0439\u044b\u043d \u041a\u043b\u043e\u0440 \u0438\u043b\u0435 \u0430\u0433\u0430\u0440\u0442\u043c\u0430\u0439\u043d.<br \/>\nTamburlu kurutma yapmay\u0131n.<br \/>\nD\u00fc\u015f\u00fck \u0131s\u0131da \u00fct\u00fcleme Kuru temizleme.  <\/p>","protected":false},"excerpt":{"rendered":"<p><strong>\u041e\u0437\u0435\u043d\u043b\u0435 \u0422\u0430\u0441\u0430\u0440\u043b\u0430\u043d\u043c\u044b\u0448 \u0410\u0447\u0438\u043a \u041c\u0430\u0432\u0438 \u0428\u044b\u043a\u043b\u044b\u043a:<\/strong><strong>Kaliteli Kuma\u015f:<\/strong> \u0425\u0430\u0444\u0438\u0444 \u0432\u0435 \u043d\u0435\u0444\u0435\u0441 \u0430\u043b\u044c\u0431\u0438\u043b\u0435\u043d \u043a\u0443\u043c\u0430\u0448 \u044f\u043f\u044b\u0441\u044b \u0433\u0443\u043d \u0431\u043e\u044e \u043a\u043e\u043d\u0444\u043e\u0440 \u0441\u043e\u043b\u0443\u043d. <strong>\u015e\u0131k Tasar\u0131m:<\/strong> \u0417\u0434\u0435\u0441\u044c \u0432\u044b \u043d\u0430\u0439\u0434\u0435\u0442\u0435 \u0441\u043b\u043e\u0436\u043d\u044b\u0435 \u0434\u0435\u0442\u0430\u043b\u0438, \u043f\u043e\u0441\u0432\u044f\u0449\u0435\u043d\u043d\u044b\u0435 \u0441\u043e\u0432\u0440\u0435\u043c\u0435\u043d\u043d\u043e\u043c\u0443 \u0441\u0442\u0438\u043b\u044e. <strong>\u00c7ok Y\u00f6nl\u00fc Kullan\u0131m:<\/strong> \u041f\u043e\u0441\u043b\u0435 \u044d\u0442\u043e\u0433\u043e \u043d\u0435\u043e\u0431\u0445\u043e\u0434\u0438\u043c\u043e \u043f\u043e\u043b\u0443\u0447\u0438\u0442\u044c \u0434\u043e\u043f\u043e\u043b\u043d\u0438\u0442\u0435\u043b\u044c\u043d\u044b\u0435 \u0441\u0432\u0435\u0434\u0435\u043d\u0438\u044f \u043e \u043e\u0440\u0442\u0430\u043c\u0438\u043d\u0435. <strong>Kolay Kombinlenebilir:<\/strong> \u0412 \u044d\u0442\u043e\u043c \u0441\u043b\u0443\u0447\u0430\u0435 \u0432\u0430\u043c \u043d\u0443\u0436\u043d\u043e \u0431\u0443\u0434\u0435\u0442 \u0438\u0437\u043c\u0435\u043d\u0438\u0442\u044c \u0444\u043e\u0440\u043c\u0443 \u0438 \u0443\u043c\u0435\u043d\u044c\u0448\u0438\u0442\u044c \u043a\u043e\u043b\u0438\u0447\u0435\u0441\u0442\u0432\u043e \u043a\u043e\u043c\u0431\u0438\u043d\u0430\u0446\u0438\u0439.<\/p>","protected":false},"featured_media":20730,"template":"","meta":[],"product_brand":[],"product_cat":[416,569],"product_tag":[],"class_list":{"0":"post-19140","1":"product","2":"type-product","3":"status-publish","4":"has-post-thumbnail","6":"product_cat-ceket","7":"product_cat-seyahat-ceketi","9":"first","10":"instock","11":"product-type-simple"},"_links":{"self":[{"href":"https:\/\/www.climberbc.com\/ru\/wp-json\/wp\/v2\/product\/19140","targetHints":{"allow":["GET"]}}],"collection":[{"href":"https:\/\/www.climberbc.com\/ru\/wp-json\/wp\/v2\/product"}],"about":[{"href":"https:\/\/www.climberbc.com\/ru\/wp-json\/wp\/v2\/types\/product"}],"version-history":[{"count":0,"href":"https:\/\/www.climberbc.com\/ru\/wp-json\/wp\/v2\/product\/19140\/revisions"}],"wp:featuredmedia":[{"embeddable":true,"href":"https:\/\/www.climberbc.com\/ru\/wp-json\/wp\/v2\/media\/20730"}],"wp:attachment":[{"href":"https:\/\/www.climberbc.com\/ru\/wp-json\/wp\/v2\/media?parent=19140"}],"wp:term":[{"taxonomy":"product_brand","embeddable":true,"href":"https:\/\/www.climberbc.com\/ru\/wp-json\/wp\/v2\/product_brand?post=19140"},{"taxonomy":"product_cat","embeddable":true,"href":"https:\/\/www.climberbc.com\/ru\/wp-json\/wp\/v2\/product_cat?post=19140"},{"taxonomy":"product_tag","embeddable":true,"href":"https:\/\/www.climberbc.com\/ru\/wp-json\/wp\/v2\/product_tag?post=19140"}],"curies":[{"name":"WP","href":"https:\/\/api.w.org\/{rel}","templated":true}]}}