{"id":19267,"date":"2024-07-19T11:42:16","date_gmt":"2024-07-19T11:42:16","guid":{"rendered":"https:\/\/www.climberbc.com\/web\/product\/denim-pantolon-13\/"},"modified":"2024-08-25T15:53:11","modified_gmt":"2024-08-25T15:53:11","slug":"denim-pantolon-13__trashed","status":"publish","type":"product","link":"https:\/\/www.climberbc.com\/ru\/product\/denim-pantolon-13__trashed\/","title":{"rendered":"\u0414\u0436\u0438\u043d\u0441\u043e\u0432\u044b\u0439 \u043f\u0430\u043d\u0442\u043e\u043b\u043e\u043d"},"content":{"rendered":"<p><strong>Y\u0131kama Talimat\u0131:<\/strong> nEn fazla 40\u00b0 C y\u0131kanabilir.<br \/>\nnKlorla a\u011fart\u0131lamaz.<br \/>\nnTambur kurutma yap\u0131lamaz.<br \/>\n\u041f\u043e\u0441\u043b\u0435 \u044d\u0442\u043e\u0433\u043e \u043d\u0430\u0436\u043c\u0438\u0442\u0435 \u043a\u043d\u043e\u043f\u043a\u0443 \u00ab\u0423\u0434\u0430\u043b\u0438\u0442\u044c\u00bb.<br \/>\nnKuru temizleme yap\u0131labilir.<br \/>\nnTersten Y\u0131kay\u0131n\u0131z.<br \/>\nnBenzer renkliler ile birlikte y\u0131kay\u0131n\u0131z.      <\/p>","protected":false},"excerpt":{"rendered":"<p>Y\u0131kama Talimat\u0131: nEn fazla 40\u00b0 C y\u0131kanabilir. nKlorla a\u011fart\u0131lamaz. nTambur kurutma yap\u0131lamaz. nY\u00fcksek s\u0131cakl\u0131kta \u00fct\u00fcleme yap\u0131labilir. nKuru temizleme yap\u0131labilir. nTersten<\/p>","protected":false},"featured_media":22579,"template":"","meta":[],"product_brand":[],"product_cat":[415,464],"product_tag":[],"class_list":{"0":"post-19267","1":"product","2":"type-product","3":"status-publish","4":"has-post-thumbnail","6":"product_cat-denim-tr","7":"product_cat-denim-pantolon","9":"first","10":"instock","11":"product-type-simple"},"_links":{"self":[{"href":"https:\/\/www.climberbc.com\/ru\/wp-json\/wp\/v2\/product\/19267","targetHints":{"allow":["GET"]}}],"collection":[{"href":"https:\/\/www.climberbc.com\/ru\/wp-json\/wp\/v2\/product"}],"about":[{"href":"https:\/\/www.climberbc.com\/ru\/wp-json\/wp\/v2\/types\/product"}],"version-history":[{"count":0,"href":"https:\/\/www.climberbc.com\/ru\/wp-json\/wp\/v2\/product\/19267\/revisions"}],"wp:featuredmedia":[{"embeddable":true,"href":"https:\/\/www.climberbc.com\/ru\/wp-json\/wp\/v2\/media\/22579"}],"wp:attachment":[{"href":"https:\/\/www.climberbc.com\/ru\/wp-json\/wp\/v2\/media?parent=19267"}],"wp:term":[{"taxonomy":"product_brand","embeddable":true,"href":"https:\/\/www.climberbc.com\/ru\/wp-json\/wp\/v2\/product_brand?post=19267"},{"taxonomy":"product_cat","embeddable":true,"href":"https:\/\/www.climberbc.com\/ru\/wp-json\/wp\/v2\/product_cat?post=19267"},{"taxonomy":"product_tag","embeddable":true,"href":"https:\/\/www.climberbc.com\/ru\/wp-json\/wp\/v2\/product_tag?post=19267"}],"curies":[{"name":"WP","href":"https:\/\/api.w.org\/{rel}","templated":true}]}}