{"id":19268,"date":"2024-07-19T11:42:16","date_gmt":"2024-07-19T11:42:16","guid":{"rendered":"https:\/\/www.climberbc.com\/web\/product\/%d0%b4%d0%b6%d0%b8%d0%bd%d1%81%d0%be%d0%b2%d1%8b%d0%b9-%d0%bf%d0%b0%d0%bd%d1%82%d0%be%d0%bb%d0%be%d0%bd-13\/"},"modified":"2024-07-19T11:42:16","modified_gmt":"2024-07-19T11:42:16","slug":"%d0%b4%d0%b6%d0%b8%d0%bd%d1%81%d0%be%d0%b2%d1%8b%d0%b9-%d0%bf%d0%b0%d0%bd%d1%82%d0%be%d0%bb%d0%be%d0%bd-13","status":"publish","type":"product","link":"https:\/\/www.climberbc.com\/ru\/product\/%d0%b4%d0%b6%d0%b8%d0%bd%d1%81%d0%be%d0%b2%d1%8b%d0%b9-%d0%bf%d0%b0%d0%bd%d1%82%d0%be%d0%bb%d0%be%d0%bd-13\/","title":{"rendered":"\u0414\u0436\u0438\u043d\u0441\u043e\u0432\u044b\u0439 \u043f\u0430\u043d\u0442\u043e\u043b\u043e\u043d"},"content":{"rendered":"<p><strong>Y\u0131kama Talimat\u0131:<\/strong> nEn fazla 40\u00b0 C y\u0131kanabilir.<br \/>\nn nKlorla a\u011fart\u0131lamaz.<br \/>\nn nTambur kurutma yap\u0131lamaz.<br \/>\nnY\u00fcksek s\u0131cakl\u0131kta \u00fct\u00fcleme yap\u0131labilir.<br \/>\nn nKuru temizleme yap\u0131labilir.<br \/>\nn nTersten Y\u0131kay\u0131n\u0131z.<br \/>\nn nBenzer renkliler ile birlikte y\u0131kay\u0131n\u0131z.      <\/p>","protected":false},"excerpt":{"rendered":"<p>\u0419\u044b\u043a\u0430\u043c\u0430 \u0422\u0430\u043b\u0438\u043c\u0430\u0442\u044b: nEn fazla 40\u00b0 C y\u0131kanabilir. n nKlorla a\u011fart\u0131lamaz. \u043d \u043d \u0422\u0430\u043c\u0431\u0443\u0440 \u043a\u0443\u0440\u0443\u0442\u043c\u0430 \u044f\u043f\u0438\u043b\u0430\u043c\u0430\u0437. nY\u00fcksek s\u0131cakl\u0131kta \u00fct\u00fcleme yap\u0131labilir. \u043d<\/p>","protected":false},"featured_media":22578,"template":"","meta":[],"product_brand":[],"product_cat":[414,467],"product_tag":[],"class_list":{"0":"post-19268","1":"product","2":"type-product","3":"status-publish","4":"has-post-thumbnail","6":"product_cat-denim","7":"product_cat-denim-trousers","9":"first","10":"instock","11":"product-type-simple"},"_links":{"self":[{"href":"https:\/\/www.climberbc.com\/ru\/wp-json\/wp\/v2\/product\/19268","targetHints":{"allow":["GET"]}}],"collection":[{"href":"https:\/\/www.climberbc.com\/ru\/wp-json\/wp\/v2\/product"}],"about":[{"href":"https:\/\/www.climberbc.com\/ru\/wp-json\/wp\/v2\/types\/product"}],"version-history":[{"count":0,"href":"https:\/\/www.climberbc.com\/ru\/wp-json\/wp\/v2\/product\/19268\/revisions"}],"wp:featuredmedia":[{"embeddable":true,"href":"https:\/\/www.climberbc.com\/ru\/wp-json\/wp\/v2\/media\/22578"}],"wp:attachment":[{"href":"https:\/\/www.climberbc.com\/ru\/wp-json\/wp\/v2\/media?parent=19268"}],"wp:term":[{"taxonomy":"product_brand","embeddable":true,"href":"https:\/\/www.climberbc.com\/ru\/wp-json\/wp\/v2\/product_brand?post=19268"},{"taxonomy":"product_cat","embeddable":true,"href":"https:\/\/www.climberbc.com\/ru\/wp-json\/wp\/v2\/product_cat?post=19268"},{"taxonomy":"product_tag","embeddable":true,"href":"https:\/\/www.climberbc.com\/ru\/wp-json\/wp\/v2\/product_tag?post=19268"}],"curies":[{"name":"WP","href":"https:\/\/api.w.org\/{rel}","templated":true}]}}