{"id":19273,"date":"2024-07-19T11:42:16","date_gmt":"2024-07-19T11:42:16","guid":{"rendered":"https:\/\/www.climberbc.com\/web\/product\/beli-bagcikli-seyahat-pantolonu-27\/"},"modified":"2024-08-25T15:53:11","modified_gmt":"2024-08-25T15:53:11","slug":"beli-bagcikli-seyahat-pantolonu-27__trashed","status":"publish","type":"product","link":"https:\/\/www.climberbc.com\/ru\/product\/beli-bagcikli-seyahat-pantolonu-27__trashed\/","title":{"rendered":"\u0411\u0435\u043b\u0438 \u0411\u0430\u0433\u0434\u0436\u0438\u043a\u043b\u044b \u0421\u0435\u044f\u0445\u0430\u0442 \u041f\u0430\u043d\u0442\u043e\u043b\u043e\u043d\u0443"},"content":{"rendered":"<p><strong>Y\u0131kama Talimat\u0131:<\/strong> nEn fazla 30\u00b0 C y\u0131kanabilir.<br \/>\nnKlorla a\u011fart\u0131lamaz.<br \/>\nnTambur kurutma yap\u0131lamaz.<br \/>\n\u0412 \u043f\u0440\u043e\u0442\u0438\u0432\u043d\u043e\u043c \u0441\u043b\u0443\u0447\u0430\u0435 \u0432\u044b \u043c\u043e\u0436\u0435\u0442\u0435 \u043e\u0442\u043a\u043b\u044e\u0447\u0438\u0442\u044c \u0444\u0443\u043d\u043a\u0446\u0438\u044e.<br \/>\nnKuru temizleme yap\u0131labilir.<br \/>\nnTersten Y\u0131kay\u0131n\u0131z.<br \/>\nnBenzer renkliler ile birlikte y\u0131kay\u0131n\u0131z.      <\/p>","protected":false},"excerpt":{"rendered":"<p>Y\u0131kama Talimat\u0131: nEn fazla 30\u00b0 C y\u0131kanabilir. nKlorla a\u011fart\u0131lamaz. nTambur kurutma yap\u0131lamaz. n nOrta s\u0131cakl\u0131kta \u00fct\u00fcleme yap\u0131labilir. nKuru temizleme yap\u0131labilir.<\/p>","protected":false},"featured_media":22539,"template":"","meta":[],"product_brand":[],"product_cat":[408,409],"product_tag":[],"class_list":{"0":"post-19273","1":"product","2":"type-product","3":"status-publish","4":"has-post-thumbnail","6":"product_cat-pantolon","7":"product_cat-seyahat-pantolonu","9":"first","10":"instock","11":"product-type-simple"},"_links":{"self":[{"href":"https:\/\/www.climberbc.com\/ru\/wp-json\/wp\/v2\/product\/19273","targetHints":{"allow":["GET"]}}],"collection":[{"href":"https:\/\/www.climberbc.com\/ru\/wp-json\/wp\/v2\/product"}],"about":[{"href":"https:\/\/www.climberbc.com\/ru\/wp-json\/wp\/v2\/types\/product"}],"version-history":[{"count":0,"href":"https:\/\/www.climberbc.com\/ru\/wp-json\/wp\/v2\/product\/19273\/revisions"}],"wp:featuredmedia":[{"embeddable":true,"href":"https:\/\/www.climberbc.com\/ru\/wp-json\/wp\/v2\/media\/22539"}],"wp:attachment":[{"href":"https:\/\/www.climberbc.com\/ru\/wp-json\/wp\/v2\/media?parent=19273"}],"wp:term":[{"taxonomy":"product_brand","embeddable":true,"href":"https:\/\/www.climberbc.com\/ru\/wp-json\/wp\/v2\/product_brand?post=19273"},{"taxonomy":"product_cat","embeddable":true,"href":"https:\/\/www.climberbc.com\/ru\/wp-json\/wp\/v2\/product_cat?post=19273"},{"taxonomy":"product_tag","embeddable":true,"href":"https:\/\/www.climberbc.com\/ru\/wp-json\/wp\/v2\/product_tag?post=19273"}],"curies":[{"name":"WP","href":"https:\/\/api.w.org\/{rel}","templated":true}]}}