{"id":19284,"date":"2024-07-19T12:02:49","date_gmt":"2024-07-19T12:02:49","guid":{"rendered":"https:\/\/www.climberbc.com\/web\/product\/%d0%bf%d0%b0%d0%bd%d1%82%d0%be%d0%bb%d0%be%d0%bd-%d1%87%d0%b8%d0%bd%d0%be%d1%81-8\/"},"modified":"2024-07-19T12:02:49","modified_gmt":"2024-07-19T12:02:49","slug":"%d0%bf%d0%b0%d0%bd%d1%82%d0%be%d0%bb%d0%be%d0%bd-%d1%87%d0%b8%d0%bd%d0%be%d1%81-8","status":"publish","type":"product","link":"https:\/\/www.climberbc.com\/ru\/product\/%d0%bf%d0%b0%d0%bd%d1%82%d0%be%d0%bb%d0%be%d0%bd-%d1%87%d0%b8%d0%bd%d0%be%d1%81-8\/","title":{"rendered":"\u041f\u0430\u043d\u0442\u043e\u043b\u043e\u043d \u0447\u0438\u043d\u043e\u0441"},"content":{"rendered":"<p><strong>Y\u0131kama Talimat\u0131:<\/strong> nEn fazla 30\u00b0 C y\u0131kanabilir.<br \/>\nn nKlorla a\u011fart\u0131lamaz.<br \/>\nn nTambur kurutma yap\u0131lamaz.<br \/>\n\u0412 \u043f\u0440\u043e\u0442\u0438\u0432\u043d\u043e\u043c \u0441\u043b\u0443\u0447\u0430\u0435 \u0432\u044b \u043c\u043e\u0436\u0435\u0442\u0435 \u043e\u0442\u043a\u043b\u044e\u0447\u0438\u0442\u044c \u0444\u0443\u043d\u043a\u0446\u0438\u044e.<br \/>\nn nKuru temizleme yap\u0131labilir.<br \/>\nn nTersten Y\u0131kay\u0131n\u0131z.<br \/>\nn nBenzer renkliler ile birlikte y\u0131kay\u0131n\u0131z.      <\/p>","protected":false},"excerpt":{"rendered":"<p>\u0419\u044b\u043a\u0430\u043c\u0430 \u0422\u0430\u043b\u0438\u043c\u0430\u0442\u044b: nEn fazla 30\u00b0 C y\u0131kanabilir. \u043d \u043d\u041a\u043b\u043e\u0440\u043b\u0430 \u0430\u0433\u0430\u0440\u0442\u044b\u043b\u0430\u043c\u0430\u0437. \u043d \u043d \u0422\u0430\u043c\u0431\u0443\u0440 \u043a\u0443\u0440\u0443\u0442\u043c\u0430 \u044f\u043f\u0438\u043b\u0430\u043c\u0430\u0437. \u0412 \u043f\u0440\u043e\u0442\u0438\u0432\u043d\u043e\u043c \u0441\u043b\u0443\u0447\u0430\u0435 \u0432\u044b \u043c\u043e\u0436\u0435\u0442\u0435 \u043e\u0442\u043a\u043b\u044e\u0447\u0438\u0442\u044c \u0444\u0443\u043d\u043a\u0446\u0438\u044e. \u043d<\/p>","protected":false},"featured_media":22847,"template":"","meta":[],"product_brand":[],"product_cat":[412,449],"product_tag":[],"class_list":{"0":"post-19284","1":"product","2":"type-product","3":"status-publish","4":"has-post-thumbnail","6":"product_cat-trousers","7":"product_cat-chinos-trousers","9":"first","10":"instock","11":"product-type-simple"},"_links":{"self":[{"href":"https:\/\/www.climberbc.com\/ru\/wp-json\/wp\/v2\/product\/19284","targetHints":{"allow":["GET"]}}],"collection":[{"href":"https:\/\/www.climberbc.com\/ru\/wp-json\/wp\/v2\/product"}],"about":[{"href":"https:\/\/www.climberbc.com\/ru\/wp-json\/wp\/v2\/types\/product"}],"version-history":[{"count":0,"href":"https:\/\/www.climberbc.com\/ru\/wp-json\/wp\/v2\/product\/19284\/revisions"}],"wp:featuredmedia":[{"embeddable":true,"href":"https:\/\/www.climberbc.com\/ru\/wp-json\/wp\/v2\/media\/22847"}],"wp:attachment":[{"href":"https:\/\/www.climberbc.com\/ru\/wp-json\/wp\/v2\/media?parent=19284"}],"wp:term":[{"taxonomy":"product_brand","embeddable":true,"href":"https:\/\/www.climberbc.com\/ru\/wp-json\/wp\/v2\/product_brand?post=19284"},{"taxonomy":"product_cat","embeddable":true,"href":"https:\/\/www.climberbc.com\/ru\/wp-json\/wp\/v2\/product_cat?post=19284"},{"taxonomy":"product_tag","embeddable":true,"href":"https:\/\/www.climberbc.com\/ru\/wp-json\/wp\/v2\/product_tag?post=19284"}],"curies":[{"name":"WP","href":"https:\/\/api.w.org\/{rel}","templated":true}]}}