{"id":26586,"date":"2024-08-12T08:40:36","date_gmt":"2024-08-12T08:40:36","guid":{"rendered":"https:\/\/www.climberbc.com\/product\/siyah-deri-omuz-askisi-detayli-is-cantasi\/"},"modified":"2024-08-25T15:52:56","modified_gmt":"2024-08-25T15:52:56","slug":"siyah-deri-omuz-askisi-detayli-is-cantasi__trashed","status":"publish","type":"product","link":"https:\/\/www.climberbc.com\/ru\/product\/siyah-deri-omuz-askisi-detayli-is-cantasi__trashed\/","title":{"rendered":"\u0421\u0438\u044f \u0414\u0435\u0440\u0438 \u041e\u043c\u0443\u0437 Ask\u0131s\u0131 Detayl\u0131 \u0130\u015f \u00c7antas\u0131"},"content":{"rendered":"","protected":false},"excerpt":{"rendered":"<p>\u041f\u0440\u043e\u0444\u0435\u0441\u0441\u0438\u043e\u043d\u0430\u043b\u044b, \u0440\u0430\u0431\u043e\u0442\u0430\u044e\u0449\u0438\u0435 \u0432 \u0441\u0444\u0435\u0440\u0435 \u043f\u0440\u043e\u0444\u0435\u0441\u0441\u0438\u043e\u043d\u0430\u043b\u044c\u043d\u043e\u0433\u043e \u043c\u0430\u0441\u0442\u0435\u0440\u0441\u0442\u0432\u0430, \u0433\u043e\u0432\u043e\u0440\u044f\u0442, \u0447\u0442\u043e \u044d\u0442\u043e \u0438\u0445 \u043f\u0435\u0441\u043d\u0438, \u0441\u0442\u0438\u043b\u044c \u0438 \u0444\u043e\u043d\u043a\u0441\u0438\u043e\u043d\u0435\u043b\u043b\u0438\u0433\u0438, \u0440\u0430\u0431\u043e\u0442\u0430\u044e\u0449\u0438\u0435 \u0432 \u043e\u0431\u044b\u0447\u043d\u043e\u043c \u0440\u0435\u0436\u0438\u043c\u0435.<br \/>\n\u0415\u0441\u043b\u0438 \u0432\u044b \u0445\u043e\u0442\u0438\u0442\u0435, \u0447\u0442\u043e\u0431\u044b \u0432\u0430\u0448\u0438 \u043f\u0435\u0441\u043d\u0438 \u0431\u044b\u043b\u0438 \u043f\u043b\u043e\u0445\u0438\u043c\u0438, \u0437\u0430\u0440\u0438\u0444 \u0442\u0430\u0441\u0430\u0440\u044b\u043c\u0438 \u0438 \u0432\u044b \u0441\u043a\u0430\u0437\u0430\u043b\u0438, \u0447\u0442\u043e \u0432\u0430\u043c \u043d\u0443\u0436\u043d\u043e.<br \/>\n\u0425\u0435\u043c - \u044d\u0442\u043e \u043f\u043b\u0430\u043d\u0442\u0430\u0446\u0438\u044f \u043f\u043e\u0434\u043e\u043b \u043a\u0443\u043b\u0430\u043d\u0430\u043c\u0438 \u0432 \u0442\u0430\u0440\u0437\u0438\u043d\u044b\u0437\u044b \u0442\u0430\u043c\u0430\u043c\u043b\u0430\u043c\u0430\u043a \u0438 \u0438\u0445\u0442\u0438\u0430\u0447\u043b\u0430\u0440\u044b\u043d\u0438\u0437\u044b \u043a\u0430\u0440\u0448\u044b\u043b\u0430\u043c\u0430\u043a \u0432 \u0422\u0430\u0441\u0430\u0440\u043b\u0430\u043d\u0434\u0435.<br \/>\n\u0415\u0441\u043b\u0438 \u0432\u044b \u0445\u043e\u0442\u0438\u0442\u0435, \u0447\u0442\u043e\u0431\u044b \u0432\u0430\u0448\u0438 \u0434\u0435\u043d\u044c\u0433\u0438 \u0431\u044b\u043b\u0438 \u043f\u0440\u043e\u0434\u0430\u043d\u044b, \u0432\u044b \u043c\u043e\u0436\u0435\u0442\u0435 \u043f\u043e\u043b\u0443\u0447\u0438\u0442\u044c \u0431\u043e\u043b\u044c\u0448\u0435 \u0434\u0435\u043d\u0435\u0433 \u0438 \u043f\u043e\u043b\u0443\u0447\u0438\u0442\u044c \u0431\u043e\u043b\u044c\u0448\u0435 \u0434\u0435\u043d\u0435\u0433, \u0447\u0435\u043c \u043d\u0443\u0436\u043d\u043e, \u0447\u0442\u043e\u0431\u044b \u043f\u043e\u043b\u0443\u0447\u0438\u0442\u044c \u0431\u043e\u043b\u044c\u0448\u0435 \u0438\u043d\u0444\u043e\u0440\u043c\u0430\u0446\u0438\u0438.<br \/>\n\u0415\u0441\u043b\u0438 \u0432\u044b \u0445\u043e\u0442\u0438\u0442\u0435, \u0447\u0442\u043e\u0431\u044b \u044d\u0442\u043e \u043f\u0440\u043e\u0438\u0437\u043e\u0448\u043b\u043e, \u0432\u044b \u043c\u043e\u0436\u0435\u0442\u0435 \u0441\u0434\u0435\u043b\u0430\u0442\u044c \u044d\u0442\u043e, \u043a\u043e\u0433\u0434\u0430 \u0431\u0443\u0434\u0435\u0442\u0435 \u0437\u043d\u0430\u0442\u044c, \u0447\u0442\u043e \u044d\u0442\u043e \u0442\u0430\u043a\u043e\u0435.<br \/>\nAyarlanabilir \u0438 \u00e7\u0131kar\u0131labilir omuz Ask\u0131s\u0131 Sayesinde \u00e7antay\u0131 Hem Elde Hem de omuzda Rahatl\u0131kla Ta\u015f\u0131yabilirsiniz.<br \/>\n\u0421\u0438\u044f \u0432\u043a\u043b\u044e\u0447\u0430\u0435\u0442 \u0432 \u0441\u0435\u0431\u044f \u043c\u0438\u043d\u0438\u043c\u0430\u043b\u044c\u043d\u044b\u0435 \u0434\u0435\u0442\u0430\u043b\u0438, \u043a\u043b\u0430\u0441\u0441\u0438\u0447\u0435\u0441\u043a\u0438\u0435 \u0438 \u0441\u043e\u0432\u0440\u0435\u043c\u0435\u043d\u043d\u044b\u0435 \u0442\u0430\u0440\u0437\u0438\u043d\u044b, \u043a\u043e\u0442\u043e\u0440\u044b\u0435 \u043f\u0440\u0435\u0434\u0441\u0442\u0430\u0432\u043b\u044f\u044e\u0442 \u0441\u043e\u0431\u043e\u0439 \u043a\u043e\u043c\u0431\u0438\u043d\u0430\u0446\u0438\u044e \u044f\u0441\u0435\u043d.<br \/>\n\u0415\u0441\u043b\u0438 \u0432\u044b \u0445\u043e\u0442\u0438\u0442\u0435, \u0447\u0442\u043e\u0431\u044b \u0432\u044b \u0431\u044b\u043b\u0438 \u0443\u0432\u0435\u0440\u0435\u043d\u044b, \u0447\u0442\u043e \u044d\u0442\u043e \u0438\u0434\u0435\u0430\u043b\u044c\u043d\u044b\u0439 \u0432\u0430\u0440\u0438\u0430\u043d\u0442, \u0435\u0441\u043b\u0438 \u0432\u044b \u0445\u043e\u0442\u0438\u0442\u0435, \u0447\u0442\u043e\u0431\u044b \u0432\u044b \u0431\u044b\u043b\u0438 \u043f\u0440\u043e\u0444\u0435\u0441\u0441\u0438\u043e\u043d\u0430\u043b\u043e\u043c, \u0440\u0430\u0431\u043e\u0442\u0430\u044e\u0449\u0438\u043c \u0442\u0430\u043c\u0430\u043c\u043b\u0430\u0439\u044f\u0447\u0430\u043a\u043e\u043c.       <\/p>","protected":false},"featured_media":26254,"template":"","meta":[],"product_brand":[],"product_cat":[720,721],"product_tag":[],"class_list":{"0":"post-26586","1":"product","2":"type-product","3":"status-publish","4":"has-post-thumbnail","6":"product_cat-canta","7":"product_cat-canta-ve-cuzdanlar","9":"first","10":"instock","11":"product-type-simple"},"_links":{"self":[{"href":"https:\/\/www.climberbc.com\/ru\/wp-json\/wp\/v2\/product\/26586","targetHints":{"allow":["GET"]}}],"collection":[{"href":"https:\/\/www.climberbc.com\/ru\/wp-json\/wp\/v2\/product"}],"about":[{"href":"https:\/\/www.climberbc.com\/ru\/wp-json\/wp\/v2\/types\/product"}],"version-history":[{"count":0,"href":"https:\/\/www.climberbc.com\/ru\/wp-json\/wp\/v2\/product\/26586\/revisions"}],"wp:featuredmedia":[{"embeddable":true,"href":"https:\/\/www.climberbc.com\/ru\/wp-json\/wp\/v2\/media\/26254"}],"wp:attachment":[{"href":"https:\/\/www.climberbc.com\/ru\/wp-json\/wp\/v2\/media?parent=26586"}],"wp:term":[{"taxonomy":"product_brand","embeddable":true,"href":"https:\/\/www.climberbc.com\/ru\/wp-json\/wp\/v2\/product_brand?post=26586"},{"taxonomy":"product_cat","embeddable":true,"href":"https:\/\/www.climberbc.com\/ru\/wp-json\/wp\/v2\/product_cat?post=26586"},{"taxonomy":"product_tag","embeddable":true,"href":"https:\/\/www.climberbc.com\/ru\/wp-json\/wp\/v2\/product_tag?post=26586"}],"curies":[{"name":"WP","href":"https:\/\/api.w.org\/{rel}","templated":true}]}}