{"id":26604,"date":"2024-08-12T08:40:36","date_gmt":"2024-08-12T08:40:36","guid":{"rendered":"https:\/\/www.climberbc.com\/product\/bilek-kayisi-detayli-siyah-deri-canta\/"},"modified":"2024-08-25T15:52:57","modified_gmt":"2024-08-25T15:52:57","slug":"bilek-kayisi-detayli-siyah-deri-canta__trashed","status":"publish","type":"product","link":"https:\/\/www.climberbc.com\/ru\/product\/bilek-kayisi-detayli-siyah-deri-canta__trashed\/","title":{"rendered":"\u0411\u0438\u043b\u0435\u043a \u041a\u0430\u0439\u044b\u0448\u0438 \u0414\u0435\u0442\u0430\u0439\u043b\u044b \u0421\u0438\u044f \u0414\u0435\u0440\u0438 \u0427\u0430\u043d\u0442\u0430"},"content":{"rendered":"","protected":false},"excerpt":{"rendered":"<p>\u042d\u0440\u043a\u0435\u043a\u043b\u0435\u0440\u0438\u043d \u0448\u044b\u043a\u043b\u044b\u043a \u0432\u0435 \u043f\u0440\u0430\u0442\u0438\u043a\u043b\u0438\u043a \u0430\u0440\u0430\u0439\u044b\u0448\u0438\u043d\u0430 \u043c\u044e\u043a\u0435\u043c\u043c\u0435\u043b\u044c \u0431\u0438\u0440 \u0447\u0435\u0432\u0430\u043f \u043e\u043b\u0430\u043d \u0431\u0443 \u0441\u0438\u044f \u0434\u0435\u0440\u0438 \u043a\u0430\u043d\u0442\u0430, \u0437\u0430\u043c\u0430\u043d\u0441\u044b\u0437 \u0431\u0438\u0440 \u0430\u043a\u0441\u0435\u0441\u0443\u0430\u0440.<br \/>\n\u042e\u043a\u0441\u0435\u043a \u043a\u0430\u043b\u0438\u0442\u0435\u043b\u0438, \u043a\u043e\u0442\u043e\u0440\u044b\u0435 \u043d\u0435 \u0441\u043f\u0440\u0430\u0432\u043b\u044f\u044e\u0442\u0441\u044f \u0441\u043e \u0441\u0432\u043e\u0438\u043c\u0438 \u043e\u0431\u044f\u0437\u0430\u043d\u043d\u043e\u0441\u0442\u044f\u043c\u0438, \u043c\u043e\u0433\u0443\u0442 \u043f\u043e\u043b\u0443\u0447\u0438\u0442\u044c \u0434\u043e\u043a\u0443\u043c\u0435\u043d\u0442\u044b \u0438 \u0437\u0430\u0440\u0438\u0444 \u0442\u0430\u0441\u0430\u0440\u044b\u043c\u044b\u043b\u0430 \u0434\u0438\u043a\u043a\u0430\u0442 \u0447\u0435\u043a\u0438\u0451\u0440.<br \/>\n\u0413\u044e\u043d\u043b\u044e\u043a \u043a\u0443\u043b\u043b\u0430\u043d\u0438\u043c \u0438\u0434\u0435\u0430\u043b\u044c\u043d\u043e \u043f\u043e\u0434\u0445\u043e\u0434\u0438\u0442 \u0434\u043b\u044f \u044d\u0442\u043e\u0433\u043e, \u043f\u043e\u0434\u043e\u043b - \u044d\u0442\u043e \u043f\u043e\u0434\u043e\u043b \u0441\u043e\u0446\u0438\u0430\u043b\u044c\u043d\u043e\u0433\u043e \u0438\u043b\u0438 \u0442\u0430\u043c\u0430\u043c\u043b\u0430\u0440\u0434\u0430 \u0448\u044b\u043a\u043b\u044b\u0433\u0438\u043d\u044b\u0437\u044b \u0442\u0430\u043c\u0430\u043c\u043b\u0430\u0439\u0430\u0447\u0430\u043a.<br \/>\n\u0428\u0430\u043d\u0442\u0430\u043d\u044b \u0438 \u043a\u0430\u0440\u0442\u044b \u043f\u0430\u043c\u044f\u0442\u0438, \u043f\u0430\u0440\u0430\u043b\u0438\u0437\u043e\u0432\u0430\u043d\u043d\u044b\u0435 \u0438 \u043d\u0435\u043a\u043e\u0442\u043e\u0440\u044b\u0435 \u0431\u0435\u043b\u0433\u0435\u043b\u0435\u0440\u0438\u043d\u0438\u0437\u0438 \u0434\u044e\u0437\u0435\u043d\u043b\u0438 \u0431\u0438\u0440 \u0448\u0435\u043a\u0438\u043b\u0434\u0435 \u0441\u0430\u043a\u043b\u0430\u043c\u0430\u043d\u044b\u0437\u044b \u0441\u0430\u0433\u043b\u0430\u0439\u0430\u0447\u0430\u043a \u043a\u0430\u043a \u043f\u043e\u0436\u0435\u0440\u0442\u0432\u043e\u0432\u0430\u043d\u0438\u0435.<br \/>\nAyr\u0131ca c\u00fczdan\u0131n bilek Ask\u0131s\u0131 ta\u015f\u0131ma kolayl\u0131\u011f\u0131 sa\u011flayarak kullan\u0131c\u0131ya ekstra g\u00fcvenlik ve konfor sunar.<br \/>\n\u041a\u0443\u0437\u0434\u0430\u043d\u0430\u043c \u0444\u0435\u0440\u043c\u0443\u0430\u0440\u043b\u044b \u043a\u0430\u043f\u0430\u0433\u0438 \u044d\u0448\u044c\u044f\u043b\u0430\u0440\u044b\u043d\u0438\u0437\u044b \u0433\u044e\u0432\u0435\u043d\u0434\u0435 \u0442\u0443\u0442\u043c\u0430\u043d\u044b\u0437\u044b \u0421\u0430\u0433\u043b\u0430\u0440.     <\/p>","protected":false},"featured_media":26292,"template":"","meta":[],"product_brand":[],"product_cat":[720,721],"product_tag":[],"class_list":{"0":"post-26604","1":"product","2":"type-product","3":"status-publish","4":"has-post-thumbnail","6":"product_cat-canta","7":"product_cat-canta-ve-cuzdanlar","9":"first","10":"instock","11":"product-type-simple"},"_links":{"self":[{"href":"https:\/\/www.climberbc.com\/ru\/wp-json\/wp\/v2\/product\/26604","targetHints":{"allow":["GET"]}}],"collection":[{"href":"https:\/\/www.climberbc.com\/ru\/wp-json\/wp\/v2\/product"}],"about":[{"href":"https:\/\/www.climberbc.com\/ru\/wp-json\/wp\/v2\/types\/product"}],"version-history":[{"count":0,"href":"https:\/\/www.climberbc.com\/ru\/wp-json\/wp\/v2\/product\/26604\/revisions"}],"wp:featuredmedia":[{"embeddable":true,"href":"https:\/\/www.climberbc.com\/ru\/wp-json\/wp\/v2\/media\/26292"}],"wp:attachment":[{"href":"https:\/\/www.climberbc.com\/ru\/wp-json\/wp\/v2\/media?parent=26604"}],"wp:term":[{"taxonomy":"product_brand","embeddable":true,"href":"https:\/\/www.climberbc.com\/ru\/wp-json\/wp\/v2\/product_brand?post=26604"},{"taxonomy":"product_cat","embeddable":true,"href":"https:\/\/www.climberbc.com\/ru\/wp-json\/wp\/v2\/product_cat?post=26604"},{"taxonomy":"product_tag","embeddable":true,"href":"https:\/\/www.climberbc.com\/ru\/wp-json\/wp\/v2\/product_tag?post=26604"}],"curies":[{"name":"WP","href":"https:\/\/api.w.org\/{rel}","templated":true}]}}