{"id":26606,"date":"2024-08-12T08:40:36","date_gmt":"2024-08-12T08:40:36","guid":{"rendered":"https:\/\/www.climberbc.com\/product\/siyah-deri-kemer-3\/"},"modified":"2024-08-25T15:52:57","modified_gmt":"2024-08-25T15:52:57","slug":"siyah-deri-kemer-3__trashed","status":"publish","type":"product","link":"https:\/\/www.climberbc.com\/ru\/product\/siyah-deri-kemer-3__trashed\/","title":{"rendered":"\u0421\u0438\u044f\u0445 \u0414\u0435\u0440\u0438 \u041a\u0435\u043c\u0435\u0440"},"content":{"rendered":"","protected":false},"excerpt":{"rendered":"<p>\u0428\u044b\u043a\u043b\u044b\u0433\u0438\u043d \u0438 \u043a\u0430\u043b\u0438\u0442\u0435\u043d\u0438\u043d \u0431\u0443\u043b\u0443\u0448\u0442\u0443\u0433\u0443 \u0431\u0443 \u0441\u0438\u044f\u0445 \u0434\u043e\u043a\u0443\u043b\u0443 \u0432 \u041a\u0435\u043c\u0435\u0440\u0435, \u043a\u043b\u0430\u0441\u0441\u0438\u0447\u0435\u0441\u043a\u0438\u0439 \u0438 \u0441\u043e\u0432\u0440\u0435\u043c\u0435\u043d\u043d\u044b\u0439 \u0442\u0430\u0440\u0437\u0438\u043d \u043c\u0443\u043a\u0435\u043c\u043c\u0435\u043b\u044c \u0431\u0438\u0440\u043b\u0435\u0448\u0438\u043c\u0438\u043d\u0438 \u0441\u0443\u043d\u0443\u0439\u043e\u0440.<br \/>\n\u0415\u0441\u043b\u0438 \u0432\u044b \u0445\u043e\u0442\u0438\u0442\u0435, \u0447\u0442\u043e\u0431\u044b \u0432\u044b \u0431\u044b\u043b\u0438 \u0443\u0432\u0435\u0440\u0435\u043d\u044b \u0432 \u0442\u043e\u043c, \u0447\u0442\u043e \u0432 \u041a\u0435\u043c\u0435\u0440\u0435 \u0432\u044b \u043d\u0430\u0439\u0434\u0435\u0442\u0435 \u0438\u0434\u0435\u0430\u043b\u044c\u043d\u043e\u0435 \u043c\u0435\u0441\u0442\u043e \u0434\u043b\u044f \u0443\u0437\u0443\u043d\u0430, \u0442\u043e \u044d\u0442\u043e \u0438\u0434\u0435\u0430\u043b\u044c\u043d\u044b\u0439 \u0432\u0430\u0440\u0438\u0430\u043d\u0442.<br \/>\n\u0414\u043e\u043a\u0443\u043b\u0443 \u044e\u0437\u0435\u0439\u0438 \u043a\u0435\u043c\u0435\u0440\u0435 \u0431\u0435\u043d\u0437\u0435\u0440\u0441\u0438\u0437 \u0431\u0438\u0440 \u0445\u0430\u0440\u0430\u043a\u0442\u0435\u0440 \u043a\u0430\u0442\u0430\u0440\u043a\u0435\u043d, \u0441\u0430\u0434\u0435 \u0438 \u0437\u0430\u0440\u0438\u0444 \u0442\u0430\u0441\u0430\u0440\u0438\u043c\u044b \u0435\u0435 \u043a\u0438\u044f\u0444\u0435\u0442 \u043a\u043e\u043c\u0431\u0438\u043d\u0438\u043d\u0435 \u043a\u043e\u043b\u0430\u0439\u043a\u0430 \u0443\u044e\u043c \u0441\u0430\u0433\u043b\u044b\u0439\u043e\u0440.<br \/>\n\u041c\u0435\u0442\u0430\u043b\u043b\u0438\u0447\u0435\u0441\u043a\u0438\u0439 \u0442\u043e\u043a\u0430\u0441\u044b \u043c\u043e\u0433\u0443\u0442 \u0431\u044b\u0442\u044c \u043f\u043e\u0432\u0440\u0435\u0436\u0434\u0435\u043d\u044b \u043f\u043e \u043a\u0440\u0430\u044f\u043c.<br \/>\nG\u00fcnl\u00fck giyimden is hayat\u0131na kadar geni\u015f bir kullan\u0131m alan\u0131 sunan bu kemer, tarz\u0131na \u00f6nem veren erkekler i\u00e7in vazge\u00e7ilmez bir aksesuard\u0131r.<br \/>\n\u0425\u0435\u043c \u0416\u0430\u043d \u041f\u0430\u043d\u0442\u043e\u043b\u043e\u043d\u043b\u0430\u0440\u043b\u0430 \u0425\u0435\u043c \u0434\u0435 \u041a\u043b\u0430\u0441\u0441\u0438\u043a \u041a\u0443\u043c\u0430\u0448 \u041f\u0430\u043d\u0442\u043e\u043b\u043e\u043d\u043b\u0430\u0440\u043b\u0430 \u041c\u044e\u043a\u0435\u043c\u043c\u0435\u043b\u044c \u0423\u0439\u0443\u043c \u0421\u0430\u0433\u043b\u0430\u0439\u0430\u0440\u0430\u043a \u0413\u0430\u0440\u0434\u044b\u0440\u043e\u0431\u0443\u043d\u0443\u0437\u0443\u043d \u0438 \u041a\u0443\u043b\u043b\u0430\u043d\u0438\u0448\u043b\u044b \u041f\u0430\u0440\u0441\u0430\u043b\u0430\u0440\u0438\u043d\u0434\u0430\u043d \u0411\u0438\u0440\u0438 \u041e\u043b\u0430\u0447\u0430\u043a.<br \/>\n\u0415\u0441\u043b\u0438 \u0432\u044b \u043d\u0430\u0445\u043e\u0434\u0438\u0442\u0435\u0441\u044c \u0432 \u041a\u0435\u043c\u0435\u0440\u0435, \u0442\u043e \u0432\u044b \u043c\u043e\u0436\u0435\u0442\u0435 \u0441\u0434\u0435\u043b\u0430\u0442\u044c \u0432\u0441\u0435 \u0432\u043e\u0437\u043c\u043e\u0436\u043d\u043e\u0435, \u0447\u0442\u043e\u0431\u044b \u044d\u0442\u043e \u0431\u044b\u043b\u043e \u0438\u0434\u0435\u0430\u043b\u044c\u043d\u043e, \u0435\u0441\u043b\u0438 \u0432\u044b \u0445\u043e\u0442\u0438\u0442\u0435, \u0447\u0442\u043e\u0431\u044b \u0432\u044b \u0431\u044b\u043b\u0438 \u0433\u043e\u0442\u043e\u0432\u044b \u043a \u0440\u0430\u0431\u043e\u0442\u0435.<br \/>\n\u041f\u0443\u0441\u0442\u044c \u0432\u0441\u0435 \u0431\u0443\u0434\u0435\u0442 \u0445\u043e\u0440\u043e\u0448\u043e, \u0435\u0441\u043b\u0438 \u0432\u044b \u0437\u0430\u0445\u043e\u0442\u0438\u0442\u0435 \u0441\u043d\u043e\u0432\u0430!       <\/p>","protected":false},"featured_media":26192,"template":"","meta":[],"product_brand":[],"product_cat":[487],"product_tag":[],"class_list":{"0":"post-26606","1":"product","2":"type-product","3":"status-publish","4":"has-post-thumbnail","6":"product_cat-kemer","8":"first","9":"instock","10":"product-type-simple"},"_links":{"self":[{"href":"https:\/\/www.climberbc.com\/ru\/wp-json\/wp\/v2\/product\/26606","targetHints":{"allow":["GET"]}}],"collection":[{"href":"https:\/\/www.climberbc.com\/ru\/wp-json\/wp\/v2\/product"}],"about":[{"href":"https:\/\/www.climberbc.com\/ru\/wp-json\/wp\/v2\/types\/product"}],"version-history":[{"count":0,"href":"https:\/\/www.climberbc.com\/ru\/wp-json\/wp\/v2\/product\/26606\/revisions"}],"wp:featuredmedia":[{"embeddable":true,"href":"https:\/\/www.climberbc.com\/ru\/wp-json\/wp\/v2\/media\/26192"}],"wp:attachment":[{"href":"https:\/\/www.climberbc.com\/ru\/wp-json\/wp\/v2\/media?parent=26606"}],"wp:term":[{"taxonomy":"product_brand","embeddable":true,"href":"https:\/\/www.climberbc.com\/ru\/wp-json\/wp\/v2\/product_brand?post=26606"},{"taxonomy":"product_cat","embeddable":true,"href":"https:\/\/www.climberbc.com\/ru\/wp-json\/wp\/v2\/product_cat?post=26606"},{"taxonomy":"product_tag","embeddable":true,"href":"https:\/\/www.climberbc.com\/ru\/wp-json\/wp\/v2\/product_tag?post=26606"}],"curies":[{"name":"WP","href":"https:\/\/api.w.org\/{rel}","templated":true}]}}