{"id":26608,"date":"2024-08-12T08:40:36","date_gmt":"2024-08-12T08:40:36","guid":{"rendered":"https:\/\/www.climberbc.com\/product\/kahverengi-deri-detayli-siyah-deri-sirt-cantasi\/"},"modified":"2024-08-25T15:52:57","modified_gmt":"2024-08-25T15:52:57","slug":"kahverengi-deri-detayli-siyah-deri-sirt-cantasi__trashed","status":"publish","type":"product","link":"https:\/\/www.climberbc.com\/ru\/product\/kahverengi-deri-detayli-siyah-deri-sirt-cantasi__trashed\/","title":{"rendered":"Kahverengi Deri Detayl\u0131 Siyah Deri S\u0131rt \u00c7antas\u0131"},"content":{"rendered":"","protected":false},"excerpt":{"rendered":"<p>\u0412\u0441\u0435 \u0435\u0449\u0435 \u043c\u043e\u0436\u043d\u043e \u0441\u043a\u0430\u0437\u0430\u0442\u044c, \u0447\u0442\u043e \u044d\u0442\u043e \u043d\u0435 \u0442\u0430\u043a, \u0438 \u0432 \u044d\u0442\u043e\u043c \u0441\u043b\u0443\u0447\u0430\u0435 \u0435\u0441\u0442\u044c \u0434\u0435\u0442\u0430\u043b\u0438, \u043a\u043e\u0442\u043e\u0440\u044b\u0435 \u043c\u043e\u0433\u0443\u0442 \u043f\u0440\u0438\u0432\u0435\u0441\u0442\u0438 \u043a \u0442\u043e\u043c\u0443, \u0447\u0442\u043e \u0432\u044b \u043f\u043e\u0447\u0443\u0432\u0441\u0442\u0432\u0443\u0435\u0442\u0435 \u0441\u0435\u0431\u044f \u043d\u0435 \u0432 \u0441\u0432\u043e\u0435\u0439 \u0442\u0430\u0440\u0435\u043b\u043a\u0435.<br \/>\n\u042e\u043a\u0441\u0435\u043a \u043a\u0430\u043b\u0438\u0442\u0435\u043b\u0438 \u0441 \u043f\u043b\u043e\u0445\u0438\u043c\u0438 \u0443\u0441\u043b\u043e\u0432\u0438\u044f\u043c\u0438 \u043f\u0440\u043e\u0436\u0438\u0432\u0430\u043d\u0438\u044f, \u0434\u0430\u044f\u043d\u0438\u043a\u0438\u043a\u043b\u044b\u043b\u044b\u0433\u0438 \u0438 \u0437\u0430\u0440\u0438\u0444 \u0442\u0430\u0441\u0430\u0440\u044b\u043c\u0438\u0439\u043b\u0430 \u0433\u044e\u043d\u043b\u044e\u043a \u043a\u0443\u043b\u043b\u0430\u043d\u044b\u043c\u0430 \u043c\u044e\u043a\u0435\u043c\u043c\u0435\u043b\u044c \u0443\u044e\u043c \u0441\u0430\u0433\u043b\u044b\u0439\u043e\u0440.<br \/>\n\u0420\u0430\u0437\u043c\u0435\u0440 \u043e\u0434\u0435\u0436\u0434\u044b, \u043a\u043e\u0442\u043e\u0440\u044b\u0439 \u0432\u044b \u0445\u043e\u0442\u0438\u0442\u0435 \u043f\u043e\u043b\u0443\u0447\u0438\u0442\u044c, \u043c\u043e\u0436\u0435\u0442 \u0431\u044b\u0442\u044c \u0443\u0432\u0435\u043b\u0438\u0447\u0435\u043d, \u0435\u0441\u043b\u0438 \u0432\u044b \u0445\u043e\u0442\u0438\u0442\u0435, \u0447\u0442\u043e\u0431\u044b \u0432\u0430\u0448 \u0440\u0430\u0437\u043c\u0435\u0440 \u0431\u044b\u043b \u0442\u0430\u043a\u0438\u043c \u0436\u0435, \u043a\u0430\u043a \u0438 \u0443 \u0432\u0430\u0441.<br \/>\n\u0428\u0430\u043d\u0442\u0430\u043d\u044b \u043d\u0430 \u043a\u0438\u0441\u043c\u0438\u043d\u0434\u0430 \u0438 \u0410\u043b\u0430\u043d \u0424\u0435\u0440\u043c\u0443\u0430\u0440\u043b\u044b \u0421\u0435\u043f\u043b\u0435\u0440, \u0441\u044b\u043a \u043a\u0443\u043b\u043b\u0430\u043d\u0434\u044b\u0433\u0438\u043d\u044b\u0437 \u044d\u0448\u044c\u044f\u043b\u0430\u0440\u0438\u043d\u0438\u0437\u044b \u0445\u044b\u0437\u043b\u044b\u043a\u0430 \u044d\u0440\u0438\u0448\u0435\u0431\u0438\u043b\u0435\u0446\u0435\u0433\u0438\u043d\u0438\u0437 \u0448\u0435\u043a\u0438\u043b\u0434\u0435 \u0441\u0430\u043a\u043b\u0430\u043c\u0430\u043d\u044b\u0437\u0430 \u043e\u043b\u0430\u043d\u0430\u043a \u0442\u0430\u043d\u0438\u0439\u043e\u0440.<br \/>\n\u0410\u043d\u0430 \u043c\u043e\u0436\u0435\u0442 \u043a\u0443\u043f\u0438\u0442\u044c \u0431\u0438\u043b\u0435\u0442\u044b, \u0431\u0435\u043b\u044c\u0433\u0438\u0439\u0441\u043a\u0438\u0435 \u0438 \u0434\u0440\u0443\u0433\u0438\u0435 \u043a\u0438\u0448\u0438\u0441\u0435\u043b\u044b, \u043a\u043e\u0442\u043e\u0440\u044b\u0435 \u0438\u0434\u0435\u0430\u043b\u044c\u043d\u043e \u043f\u043e\u0434\u0445\u043e\u0434\u044f\u0442 \u0434\u043b\u044f \u0410\u043b\u0430\u043d\u0430.<br \/>\n\u0415\u0441\u043b\u0438 \u0432\u044b \u0445\u043e\u0442\u0438\u0442\u0435, \u0447\u0442\u043e\u0431\u044b \u0434\u0435\u0442\u0430\u043b\u044c\u043d\u0430\u044f \u0441\u043e\u0444\u0438\u0441\u0442\u0438\u043a\u0430 \u0431\u044b\u043b\u0430 \u043a\u0430\u0442\u0430\u0440\u043a\u043e\u0439, \u043c\u0435\u0442\u0430\u043b\u043b\u0438\u0447\u0435\u0441\u043a\u0438\u043c\u0438 \u0444\u0435\u0440\u043c\u0443\u0430\u0440\u0430\u043c\u0438 \u0438 sa\u011flam diki\u015fler uzun \u00f6m\u00fcrl\u00fc kullan\u0131m vadediyor.<br \/>\n\u042d\u0440\u0433\u043e\u043d\u043e\u043c\u0438\u0447\u043d\u044b\u0439 \u043e\u043c\u0443\u0437 \u0437\u0430\u0434\u0430\u0435\u0442\u0441\u044f \u0432\u043e\u043f\u0440\u043e\u0441\u043e\u043c, \u0447\u0442\u043e \u043d\u0443\u0436\u043d\u043e \u0441\u0434\u0435\u043b\u0430\u0442\u044c, \u0447\u0442\u043e\u0431\u044b \u0443\u043b\u0443\u0447\u0448\u0438\u0442\u044c \u043f\u043e\u043b\u043e\u0436\u0435\u043d\u0438\u0435, \u0430 \u0442\u0430\u043a\u0436\u0435 \u043e\u0431\u0435\u0441\u043f\u0435\u0447\u0438\u0442\u044c \u0443\u0434\u043e\u0431\u0441\u0442\u0432\u043e \u0438 \u0443\u0434\u043e\u0431\u0441\u0442\u0432\u043e \u0432 \u0438\u0441\u043f\u043e\u043b\u044c\u0437\u043e\u0432\u0430\u043d\u0438\u0438.<br \/>\n\u0130ster is toplant\u0131lar\u0131n\u0131zda ister hafta sonu ka\u00e7amaklar\u0131n\u0131zda; \u043d\u043e \u044d\u0442\u043e \u0431\u044b\u043b\u0438 \u0441\u043e\u0432\u0440\u0435\u043c\u0435\u043d\u043d\u044b\u0435 \u0444\u0430\u043d\u0442\u0430\u0437\u0438\u0438 \u0438 \u0437\u0430\u0440\u0438\u0444 \u0431\u0438\u0440 \u0434\u043e\u043a\u0443\u043c\u0435\u043d\u0442\u0430\u043b\u044c\u043d\u044b\u0445 \u043a\u0430\u0442\u0430\u0447\u0430\u043a\u043e\u0432.       <\/p>","protected":false},"featured_media":26179,"template":"","meta":[],"product_brand":[],"product_cat":[720,721],"product_tag":[],"class_list":{"0":"post-26608","1":"product","2":"type-product","3":"status-publish","4":"has-post-thumbnail","6":"product_cat-canta","7":"product_cat-canta-ve-cuzdanlar","9":"first","10":"instock","11":"product-type-simple"},"_links":{"self":[{"href":"https:\/\/www.climberbc.com\/ru\/wp-json\/wp\/v2\/product\/26608","targetHints":{"allow":["GET"]}}],"collection":[{"href":"https:\/\/www.climberbc.com\/ru\/wp-json\/wp\/v2\/product"}],"about":[{"href":"https:\/\/www.climberbc.com\/ru\/wp-json\/wp\/v2\/types\/product"}],"version-history":[{"count":0,"href":"https:\/\/www.climberbc.com\/ru\/wp-json\/wp\/v2\/product\/26608\/revisions"}],"wp:featuredmedia":[{"embeddable":true,"href":"https:\/\/www.climberbc.com\/ru\/wp-json\/wp\/v2\/media\/26179"}],"wp:attachment":[{"href":"https:\/\/www.climberbc.com\/ru\/wp-json\/wp\/v2\/media?parent=26608"}],"wp:term":[{"taxonomy":"product_brand","embeddable":true,"href":"https:\/\/www.climberbc.com\/ru\/wp-json\/wp\/v2\/product_brand?post=26608"},{"taxonomy":"product_cat","embeddable":true,"href":"https:\/\/www.climberbc.com\/ru\/wp-json\/wp\/v2\/product_cat?post=26608"},{"taxonomy":"product_tag","embeddable":true,"href":"https:\/\/www.climberbc.com\/ru\/wp-json\/wp\/v2\/product_tag?post=26608"}],"curies":[{"name":"WP","href":"https:\/\/api.w.org\/{rel}","templated":true}]}}