{"id":26622,"date":"2024-08-12T08:51:38","date_gmt":"2024-08-12T08:51:38","guid":{"rendered":"https:\/\/www.climberbc.com\/product\/gri-suet-bagcikli-bot\/"},"modified":"2024-08-25T15:52:56","modified_gmt":"2024-08-25T15:52:56","slug":"gri-suet-bagcikli-bot__trashed","status":"publish","type":"product","link":"https:\/\/www.climberbc.com\/ru\/product\/gri-suet-bagcikli-bot__trashed\/","title":{"rendered":"Gri S\u00fcet Ba\u011fc\u0131kl\u0131 Bot"},"content":{"rendered":"","protected":false},"excerpt":{"rendered":"<p>\u0415\u0441\u043b\u0438 \u0443 \u0432\u0430\u0441 \u0435\u0441\u0442\u044c \u0432\u043e\u0437\u043c\u043e\u0436\u043d\u043e\u0441\u0442\u044c \u0438\u0441\u043f\u043e\u043b\u044c\u0437\u043e\u0432\u0430\u0442\u044c \u0431\u043e\u0442-\u0431\u043e\u0442, \u043e\u043d \u0432\u0441\u0435 \u0440\u0430\u0432\u043d\u043e \u0431\u0443\u0434\u0435\u0442 \u0440\u0430\u0431\u043e\u0442\u0430\u0442\u044c \u0432 \u0432\u0430\u0448\u0435\u0439 \u0441\u0442\u0440\u0430\u043d\u0435.<br \/>\n\u0415\u0441\u043b\u0438 \u0432\u044b \u0445\u043e\u0442\u0438\u0442\u0435, \u0447\u0442\u043e\u0431\u044b \u0432\u0430\u0448 \u0431\u043e\u0442 \u0431\u044b\u043b \u0431\u0435\u0437\u043e\u043f\u0430\u0441\u0435\u043d, \u0432\u044b \u043c\u043e\u0436\u0435\u0442\u0435 \u043f\u043e\u043b\u0443\u0447\u0438\u0442\u044c \u0434\u043e\u043a\u0443\u043c\u0435\u043d\u0442\u044b \u0438 \u0437\u0430\u0440\u0438\u0444 tasar\u0131m\u0131yla dikkat cekiyor.<br \/>\n\u0415\u0441\u043b\u0438 \u0432\u044b \u0445\u043e\u0442\u0438\u0442\u0435, \u0447\u0442\u043e\u0431\u044b \u0434\u0438\u043d\u0430\u043c\u0438\u043a\u0430 \u0442\u0435\u043c\u043f\u0430 \u0431\u044b\u043b\u0430 \u0434\u043e\u0441\u0442\u0430\u0442\u043e\u0447\u043d\u043e\u0439, \u0447\u0442\u043e\u0431\u044b \u0432\u044b\u0431\u0440\u0430\u0442\u044c \u043c\u043e\u0434\u0435\u043b\u044c, \u0432\u044b \u043c\u043e\u0436\u0435\u0442\u0435 \u0432\u044b\u0431\u0440\u0430\u0442\u044c \u043d\u0443\u0436\u043d\u0443\u044e \u043c\u043e\u0434\u0435\u043b\u044c, \u0447\u0442\u043e\u0431\u044b \u0430\u043a\u0442\u0438\u0432\u0438\u0440\u043e\u0432\u0430\u0442\u044c \u0435\u0435, \u0435\u0441\u043b\u0438 \u0445\u043e\u0442\u0438\u0442\u0435, \u0447\u0442\u043e\u0431\u044b \u043e\u043d\u0430 \u0431\u044b\u043b\u0430 \u0438\u0437\u043c\u0435\u043d\u0435\u043d\u0430.<br \/>\n\u0415\u0441\u043b\u0438 \u0432\u044b \u0445\u043e\u0442\u0438\u0442\u0435 \u043e\u0442\u043a\u043b\u044e\u0447\u0438\u0442\u044c \u0431\u043e\u0442, \u0432\u044b \u043c\u043e\u0436\u0435\u0442\u0435 \u043f\u043e\u043b\u0443\u0447\u0438\u0442\u044c \u0434\u043e\u043f\u043e\u043b\u043d\u0438\u0442\u0435\u043b\u044c\u043d\u0443\u044e \u0438\u043d\u0444\u043e\u0440\u043c\u0430\u0446\u0438\u044e \u043e \u043d\u0435\u043c.<br \/>\n\u0414\u0435\u0442\u0430\u043b\u0438 \u0438 \u043c\u0435\u0442\u0430\u043b\u043b\u0438\u0447\u0435\u0441\u043a\u0438\u0435 \u0434\u0435\u0442\u0430\u043b\u0438 \u0432 \u0441\u043e\u0432\u0440\u0435\u043c\u0435\u043d\u043d\u043e\u043c \u0441\u0442\u0438\u043b\u0435.<br \/>\n\u0415\u0441\u043b\u0438 \u0432\u044b \u043d\u0435 \u0445\u043e\u0442\u0438\u0442\u0435, \u0447\u0442\u043e\u0431\u044b \u0432\u044b \u0433\u043e\u0432\u043e\u0440\u0438\u043b\u0438, \u0447\u0442\u043e \u0432\u0430\u043c \u043d\u0443\u0436\u043d\u043e \u0441\u0434\u0435\u043b\u0430\u0442\u044c \u044d\u0442\u043e, \u0432\u044b \u043c\u043e\u0436\u0435\u0442\u0435 \u043f\u043e\u043b\u0443\u0447\u0438\u0442\u044c \u0434\u043e\u043f\u043e\u043b\u043d\u0438\u0442\u0435\u043b\u044c\u043d\u0443\u044e \u0438\u043d\u0444\u043e\u0440\u043c\u0430\u0446\u0438\u044e \u0438 \u043f\u043e\u043b\u0443\u0447\u0438\u0442\u044c \u0441\u043e\u043e\u0442\u0432\u0435\u0442\u0441\u0442\u0432\u0443\u044e\u0449\u0443\u044e \u0438\u043d\u0444\u043e\u0440\u043c\u0430\u0446\u0438\u044e.<br \/>\n\u041a\u043e\u0433\u0434\u0430 \u0432\u044b \u0432\u043a\u043b\u044e\u0447\u0438\u0442\u0435 \u0435\u0435, \u043a\u043e\u043c\u0431\u0438\u043d\u0438\u0440\u0443\u0439\u0442\u0435 \u043a\u043e\u043b\u0430\u0439\u043a\u0443 \u0438 \u044e\u043c \u0441\u0430\u0433\u043b\u0430\u0439\u0430\u0447\u0430\u043a, \u043d\u043e \u0431\u043e\u0442, \u043f\u043e\u0434\u043e\u043b \u0442\u0430\u0440\u0437\u0438\u043d\u0438\u0437\u044b \u0442\u0430\u043c\u0430\u043c\u043b\u0430\u0439\u0430\u0447\u0430\u043a \u043f\u043e\u0434\u043e\u043b \u0437\u043e\u0440\u043b\u0443 \u0445\u0430\u0432\u0430 \u043a\u043e\u0448\u0443\u043b\u043b\u0430\u0440\u044b\u043d\u0434\u0430 \u0441\u0438\u0437\u0438 \u043a\u043e\u0440\u0443\u044f\u0447\u0430\u043a.<br \/>\nGard\u0131robunuza ekleyece\u011finiz bu \u015f\u0131k bot, so\u011fuk k\u0131\u015f aylar\u0131nda and yak\u0131n arkada\u015f\u0131n\u0131z olacak.       <\/p>","protected":false},"featured_media":26163,"template":"","meta":[],"product_brand":[],"product_cat":[428,737],"product_tag":[],"class_list":{"0":"post-26622","1":"product","2":"type-product","3":"status-publish","4":"has-post-thumbnail","6":"product_cat-ayakkabilar","7":"product_cat-cizmeler","9":"first","10":"instock","11":"product-type-simple"},"_links":{"self":[{"href":"https:\/\/www.climberbc.com\/ru\/wp-json\/wp\/v2\/product\/26622","targetHints":{"allow":["GET"]}}],"collection":[{"href":"https:\/\/www.climberbc.com\/ru\/wp-json\/wp\/v2\/product"}],"about":[{"href":"https:\/\/www.climberbc.com\/ru\/wp-json\/wp\/v2\/types\/product"}],"version-history":[{"count":0,"href":"https:\/\/www.climberbc.com\/ru\/wp-json\/wp\/v2\/product\/26622\/revisions"}],"wp:featuredmedia":[{"embeddable":true,"href":"https:\/\/www.climberbc.com\/ru\/wp-json\/wp\/v2\/media\/26163"}],"wp:attachment":[{"href":"https:\/\/www.climberbc.com\/ru\/wp-json\/wp\/v2\/media?parent=26622"}],"wp:term":[{"taxonomy":"product_brand","embeddable":true,"href":"https:\/\/www.climberbc.com\/ru\/wp-json\/wp\/v2\/product_brand?post=26622"},{"taxonomy":"product_cat","embeddable":true,"href":"https:\/\/www.climberbc.com\/ru\/wp-json\/wp\/v2\/product_cat?post=26622"},{"taxonomy":"product_tag","embeddable":true,"href":"https:\/\/www.climberbc.com\/ru\/wp-json\/wp\/v2\/product_tag?post=26622"}],"curies":[{"name":"WP","href":"https:\/\/api.w.org\/{rel}","templated":true}]}}