{"id":26629,"date":"2024-08-12T08:51:40","date_gmt":"2024-08-12T08:51:40","guid":{"rendered":"https:\/\/www.climberbc.com\/product\/kahverengi-deri-bagcikli-klasik-ayakkabi\/"},"modified":"2024-08-25T15:52:56","modified_gmt":"2024-08-25T15:52:56","slug":"kahverengi-deri-bagcikli-klasik-ayakkabi__trashed","status":"publish","type":"product","link":"https:\/\/www.climberbc.com\/ru\/product\/kahverengi-deri-bagcikli-klasik-ayakkabi__trashed\/","title":{"rendered":"\u041a\u0430\u0445\u0432\u0435\u0440\u0435\u043d\u0433\u0438 \u0414\u0435\u0440\u0438 \u0411\u0430\u0433\u0434\u0436\u0438\u043a\u043b\u044b \u041a\u043b\u0430\u0441\u0438\u043a \u0410\u044f\u043a\u043a\u0430\u0431\u044b"},"content":{"rendered":"","protected":false},"excerpt":{"rendered":"<p>\u0417\u0430\u0440\u0438\u0444 \u0434\u0443\u0440\u0430\u0448\u0443 \u0438 \u043a\u043b\u0430\u0441\u0441\u0438\u0447\u0435\u0441\u043a\u0438\u0435 \u0437\u0430\u043d\u044f\u0442\u0438\u044f \u0432 \u041e\u043a\u0441\u0444\u043e\u0440\u0434\u0435, \u043d\u043e \u0432\u0441\u0435 \u0436\u0435 \u0432\u0441\u0435\u0433\u0434\u0430 \u0431\u044b\u043b \u044d\u0440\u043a\u0435\u043a\u043b\u0435\u0440\u0438\u043d\u043e\u043c \u0433\u0430\u0440\u0434\u044b\u0440\u043e\u0431\u0443\u043d\u0434\u0430, \u043d\u043e \u043d\u0435 \u0432\u0441\u0435\u0433\u0434\u0430 \u0431\u044b\u043b \u0432 \u0431\u0435\u0437\u043e\u043f\u0430\u0441\u043d\u043e\u0441\u0442\u0438.<br \/>\n\u042e\u043a\u0441\u0435\u043a \u043a\u0430\u043b\u0438\u0442\u0435\u043b\u0438 \u0445\u0430\u043a\u0438\u043a\u0438 \u0434\u0435\u0440\u0438\u0434\u0435\u043d \u044e\u0440\u0435\u0442\u0438\u043b\u0435\u043d, \u043d\u043e \u0430\u044f\u043a\u043a\u0430\u0431\u044b \u043f\u043e\u0434\u043e\u043b \u0448\u043b\u0438\u043a\u043b\u044b\u043a \u043f\u043e\u0434\u043e\u043b \u0434\u0435 \u0434\u0430\u044f\u043d\u044b\u043a\u043b\u044b\u043b\u0438\u043a \u0441\u0443\u043d\u0443\u0439\u043e\u0440.<br \/>\n\u041f\u043e\u0441\u043b\u0435 \u0442\u043e\u0433\u043e, \u043a\u0430\u043a \u0431\u044b\u043b\u0430 \u043f\u0440\u043e\u0438\u0437\u0432\u0435\u0434\u0435\u043d\u0430 \u0443\u0441\u0442\u0430\u043d\u043e\u0432\u043a\u0430 \u043a\u0443\u043b\u043b\u0430\u043d\u0430\u0431\u0438\u043b\u0435\u0446\u0435\u0433\u0438\u043d\u0438\u0437 \u043c\u043e\u0434\u0435\u043b\u0438, \u0437\u0430\u043c\u0430\u043d\u0441\u044b\u0437 tasar\u0131m\u0131yla \u0435\u0435 \u043a\u043e\u043c\u0431\u0438\u043d\u0438 m\u00fckemmel \u0431\u0438\u0440 \u015fekilde tamaml\u0131yor.<br \/>\n\u0415\u0441\u043b\u0438 \u0432\u044b \u0445\u043e\u0442\u0438\u0442\u0435 \u043f\u043e\u043b\u0443\u0447\u0438\u0442\u044c \u0438\u043d\u0444\u043e\u0440\u043c\u0430\u0446\u0438\u044e \u043e \u0442\u043e\u043c, \u0447\u0442\u043e \u043f\u0440\u043e\u0438\u0441\u0445\u043e\u0434\u0438\u0442, \u0432\u044b \u043c\u043e\u0436\u0435\u0442\u0435 \u043e\u0442\u043a\u0440\u044b\u0442\u044c \u0434\u043e\u0441\u0442\u0443\u043f \u043a \u0442\u0430\u0431\u0430\u0447\u043d\u044b\u043c \u0438\u0437\u0434\u0435\u043b\u0438\u044f\u043c, \u043a\u043e\u0442\u043e\u0440\u044b\u0435 \u0432\u044b \u0445\u043e\u0442\u0438\u0442\u0435 \u0438\u0441\u043f\u043e\u043b\u044c\u0437\u043e\u0432\u0430\u0442\u044c.<br \/>\n\u0428\u044b\u043a \u0411\u0430\u0433\u0434\u0436\u0438\u043a \u043f\u043e\u0434\u0440\u043e\u0431\u043d\u043e\u0441\u0442\u0435\u0439 \u0438 \u043e\u0431\u0443\u0447\u0435\u043d\u0438\u044f \u0438\u0448\u0447\u0438\u043b\u0438\u043a \u0430\u044f\u043a\u043a\u0430\u0431\u0438\u044f \u0441\u043e\u0432\u0440\u0435\u043c\u0435\u043d\u043d\u044b\u0439 \u0431\u0438\u0440 \u0434\u043e\u043a\u0443\u043d\u0443\u0448 \u043a\u0430\u0442\u044b\u0451\u0440.<br \/>\nAyr\u0131ca hafif ve esnek yap\u0131s\u0131sayesinde uzun sureli kullan\u0131mlarda bile rahatl\u0131\u011f\u0131n\u0131zdan \u00f6d\u00fcn vermeyeceksiniz.     <\/p>","protected":false},"featured_media":26058,"template":"","meta":[],"product_brand":[],"product_cat":[428,429],"product_tag":[],"class_list":{"0":"post-26629","1":"product","2":"type-product","3":"status-publish","4":"has-post-thumbnail","6":"product_cat-ayakkabilar","7":"product_cat-klasik-ayakkabilar","9":"first","10":"instock","11":"product-type-simple"},"_links":{"self":[{"href":"https:\/\/www.climberbc.com\/ru\/wp-json\/wp\/v2\/product\/26629","targetHints":{"allow":["GET"]}}],"collection":[{"href":"https:\/\/www.climberbc.com\/ru\/wp-json\/wp\/v2\/product"}],"about":[{"href":"https:\/\/www.climberbc.com\/ru\/wp-json\/wp\/v2\/types\/product"}],"version-history":[{"count":0,"href":"https:\/\/www.climberbc.com\/ru\/wp-json\/wp\/v2\/product\/26629\/revisions"}],"wp:featuredmedia":[{"embeddable":true,"href":"https:\/\/www.climberbc.com\/ru\/wp-json\/wp\/v2\/media\/26058"}],"wp:attachment":[{"href":"https:\/\/www.climberbc.com\/ru\/wp-json\/wp\/v2\/media?parent=26629"}],"wp:term":[{"taxonomy":"product_brand","embeddable":true,"href":"https:\/\/www.climberbc.com\/ru\/wp-json\/wp\/v2\/product_brand?post=26629"},{"taxonomy":"product_cat","embeddable":true,"href":"https:\/\/www.climberbc.com\/ru\/wp-json\/wp\/v2\/product_cat?post=26629"},{"taxonomy":"product_tag","embeddable":true,"href":"https:\/\/www.climberbc.com\/ru\/wp-json\/wp\/v2\/product_tag?post=26629"}],"curies":[{"name":"WP","href":"https:\/\/api.w.org\/{rel}","templated":true}]}}