{"id":26635,"date":"2024-08-12T08:52:15","date_gmt":"2024-08-12T08:52:15","guid":{"rendered":"https:\/\/www.climberbc.com\/product\/siyah-deri-kucuk-cuzdan\/"},"modified":"2024-08-25T15:52:56","modified_gmt":"2024-08-25T15:52:56","slug":"siyah-deri-kucuk-cuzdan__trashed","status":"publish","type":"product","link":"https:\/\/www.climberbc.com\/ru\/product\/siyah-deri-kucuk-cuzdan__trashed\/","title":{"rendered":"Siyah Deri K\u00fc\u00e7\u00fck C\u00fczdan"},"content":{"rendered":"","protected":false},"excerpt":{"rendered":"<p>\u042d\u0440\u043a\u0435\u043a\u043b\u0435\u0440, \u0432 \u0441\u0432\u043e\u044e \u043e\u0447\u0435\u0440\u0435\u0434\u044c, \u043f\u0440\u0435\u0434\u0441\u0442\u0430\u0432\u043b\u044f\u0435\u0442 \u0441\u043e\u0431\u043e\u0439 \u043a\u0430\u0440\u0442\u0443, \u043c\u0438\u043d\u0438\u043c\u0430\u043b\u0438\u0437\u043c, \u043a\u043e\u0442\u043e\u0440\u044b\u0439 \u043c\u043e\u0436\u043d\u043e \u0438\u0441\u043f\u043e\u043b\u044c\u0437\u043e\u0432\u0430\u0442\u044c \u0434\u043b\u044f \u0430\u043a\u0441\u0435\u0441\u0441\u0443\u0430\u0440\u043e\u0432.<br \/>\n\u042e\u043a\u0441\u0435\u043a \u043a\u0430\u043b\u0438\u0442\u0435\u043b\u0438 \u0445\u0430\u043a\u0438\u043a\u0438 \u0432\u044b\u0434\u0435\u0440\u0433\u0438\u0432\u0430\u044e\u0442 \u0443\u0440\u0435\u0442\u0438\u043b\u0435\u043d \u043a\u0430\u0440\u0442\u043b\u044b\u043a, \u0434\u0430\u044f\u043d\u044b\u043a\u043b\u044b\u043b\u044b\u0433\u044b \u0438 \u0443\u0437\u0443\u043d \u043e\u043c\u044e\u0440\u043b\u044e \u043a\u0443\u043b\u043b\u0430\u043d\u0438\u043c\u0438\u0439\u043b\u0430 \u043e\u043d\u0435 \u0447\u0438\u043a\u044b\u0439\u043e\u0440.<br \/>\n\u041a\u043e\u043c\u043f\u0430\u043a\u0442\u043d\u044b\u0435 \u0442\u0430\u0441\u0430\u0440\u044b \u0433\u043e\u0432\u043e\u0440\u044f\u0442, \u0447\u0442\u043e \u0432 \u043d\u0438\u0445 \u0435\u0441\u0442\u044c \u0432\u0441\u0435 \u043d\u0435\u043e\u0431\u0445\u043e\u0434\u0438\u043c\u043e\u0435, \u0430 \u0442\u0430\u043a\u0436\u0435 \u0435\u0441\u0442\u044c \u0432\u043e\u0437\u043c\u043e\u0436\u043d\u043e\u0441\u0442\u044c \u0438\u0445 \u0438\u0441\u043f\u043e\u043b\u044c\u0437\u043e\u0432\u0430\u043d\u0438\u044f, \u0447\u0442\u043e\u0431\u044b \u043f\u043e\u043b\u0443\u0447\u0438\u0442\u044c \u043a\u0430\u0440\u0442\u0443 \u0441 \u0434\u0432\u0443\u043c\u044f \u0434\u0435\u0441\u044f\u0442\u043a\u0430\u043c\u0438 \u043c\u0435\u0441\u0442.<br \/>\n\u041a\u0430\u0440\u0442\u043e\u0447\u043d\u044b\u0435 \u043a\u0430\u0440\u0442\u044b \u0438 \u043a\u0440\u0435\u0434\u0438\u0442\u043d\u044b\u0435 \u043a\u0430\u0440\u0442\u044b, \u043a\u0440\u0435\u0434\u0438\u0442\u043d\u044b\u0435 \u043a\u0430\u0440\u0442\u044b, \u043a\u0438\u043c\u043b\u0438\u043a\u043b\u0435\u0440\u043d\u044b\u0435 \u043a\u0430\u0440\u0442\u044b \u0438 \u0440\u0430\u0437\u043b\u0438\u0447\u043d\u044b\u0435 \u043a\u0430\u0440\u0442\u044b \u0438\u0434\u0435\u0430\u043b\u044c\u043d\u043e \u043f\u043e\u0434\u0445\u043e\u0434\u044f\u0442 \u0434\u043b\u044f \u044d\u0442\u043e\u0433\u043e.<br \/>\n\u0415\u0441\u043b\u0438 \u0432\u044b \u0445\u043e\u0442\u0438\u0442\u0435, \u0447\u0442\u043e\u0431\u044b \u0434\u0435\u0442\u0430\u043b\u0438 \u0431\u044b\u043b\u0438 \u0443\u043a\u0430\u0437\u0430\u043d\u044b \u0438 \u0431\u044b\u043b\u0438 \u043e\u0442\u043c\u0435\u0447\u0435\u043d\u044b \u043b\u043e\u0433\u043e\u0442\u0438\u043f\u043e\u043c, \u0432\u044b \u043c\u043e\u0436\u0435\u0442\u0435 \u0432\u044b\u0431\u0440\u0430\u0442\u044c \u043f\u043e\u0434\u0445\u043e\u0434\u044f\u0449\u0438\u0439 \u0432\u0430\u0440\u0438\u0430\u043d\u0442.<br \/>\n\u041f\u043e \u043c\u0435\u0440\u0435 \u0442\u043e\u0433\u043e, \u043a\u0430\u043a \u0432\u044b \u0431\u0443\u0434\u0435\u0442\u0435 \u0447\u0443\u0432\u0441\u0442\u0432\u043e\u0432\u0430\u0442\u044c \u0441\u0435\u0431\u044f \u0432 \u0431\u0435\u0437\u043e\u043f\u0430\u0441\u043d\u043e\u0441\u0442\u0438, \u0432\u044b \u0432\u0441\u0435\u0433\u0434\u0430 \u0431\u0443\u0434\u0435\u0442\u0435 \u0443\u0432\u0435\u0440\u0435\u043d\u044b \u0432 \u0442\u043e\u043c, \u0447\u0442\u043e \u0443 \u0432\u0430\u0441 \u0435\u0441\u0442\u044c \u043a\u0430\u0440\u0442\u0430, \u0438 \u0432\u044b \u0434\u043e\u043b\u0436\u043d\u044b \u0431\u044b\u0442\u044c \u0432 \u0431\u0435\u0437\u043e\u043f\u0430\u0441\u043d\u043e\u0441\u0442\u0438.     <\/p>","protected":false},"featured_media":25995,"template":"","meta":[],"product_brand":[],"product_cat":[721,732],"product_tag":[],"class_list":{"0":"post-26635","1":"product","2":"type-product","3":"status-publish","4":"has-post-thumbnail","6":"product_cat-canta-ve-cuzdanlar","7":"product_cat-cuzdan","9":"first","10":"instock","11":"product-type-simple"},"_links":{"self":[{"href":"https:\/\/www.climberbc.com\/ru\/wp-json\/wp\/v2\/product\/26635","targetHints":{"allow":["GET"]}}],"collection":[{"href":"https:\/\/www.climberbc.com\/ru\/wp-json\/wp\/v2\/product"}],"about":[{"href":"https:\/\/www.climberbc.com\/ru\/wp-json\/wp\/v2\/types\/product"}],"version-history":[{"count":0,"href":"https:\/\/www.climberbc.com\/ru\/wp-json\/wp\/v2\/product\/26635\/revisions"}],"wp:featuredmedia":[{"embeddable":true,"href":"https:\/\/www.climberbc.com\/ru\/wp-json\/wp\/v2\/media\/25995"}],"wp:attachment":[{"href":"https:\/\/www.climberbc.com\/ru\/wp-json\/wp\/v2\/media?parent=26635"}],"wp:term":[{"taxonomy":"product_brand","embeddable":true,"href":"https:\/\/www.climberbc.com\/ru\/wp-json\/wp\/v2\/product_brand?post=26635"},{"taxonomy":"product_cat","embeddable":true,"href":"https:\/\/www.climberbc.com\/ru\/wp-json\/wp\/v2\/product_cat?post=26635"},{"taxonomy":"product_tag","embeddable":true,"href":"https:\/\/www.climberbc.com\/ru\/wp-json\/wp\/v2\/product_tag?post=26635"}],"curies":[{"name":"WP","href":"https:\/\/api.w.org\/{rel}","templated":true}]}}