{"id":33580,"date":"2024-08-14T22:27:17","date_gmt":"2024-08-14T22:27:17","guid":{"rendered":"https:\/\/www.climberbc.com\/product\/kirmizi-ekose-flanel-gomlek\/"},"modified":"2024-08-14T22:27:17","modified_gmt":"2024-08-14T22:27:17","slug":"kirmizi-ekose-flanel-gomlek","status":"publish","type":"product","link":"https:\/\/www.climberbc.com\/ru\/product\/kirmizi-ekose-flanel-gomlek\/","title":{"rendered":"\u041a\u044b\u0440\u043c\u044b\u0437\u044b \u042d\u043a\u043e\u0441\u0435 \u0424\u043b\u0430\u043d\u0435\u043b\u044c \u0413\u0451\u043c\u043b\u0435\u043a"},"content":{"rendered":"<p><strong>Y\u0131kama Talimatlar\u0131:<\/strong> \u041c\u0430\u043a\u0441\u0438\u043c\u0443\u043c 30\u00b0 C&#039;de y\u0131kay\u0131n\u0131z. \u041a\u043b\u043e\u0440 \u0438\u043b\u0435 \u0430\u0433\u0430\u0440\u0442\u043c\u0430\u0439\u044b\u043d\u0438\u0437. \u0422\u0430\u043c\u0431\u0443\u0440\u0434\u0430 \u043a\u0443\u0440\u0443\u0442\u043c\u0430\u0439\u044b\u043d. Il\u0131k \u0131s\u0131da \u00fct\u00fcleme. \u041a\u0443\u0440\u0443 \u0442\u0435\u043c\u0438\u0437\u043b\u0435\u043c\u0435. \u0419\u0438\u043a\u0430\u043c\u0430\u043a i\u00e7in ters chevirin. Benzer renklerle y\u0131kay\u0131n.<\/p>","protected":false},"excerpt":{"rendered":"<p>\u0415\u0441\u043b\u0438 \u0433\u043e\u0432\u043e\u0440\u0438\u0442\u044c \u043e \u0442\u043e\u043d\u0430\u0445 \u0438 \u0441\u043e\u0432\u0440\u0435\u043c\u0435\u043d\u043d\u044b\u0445 \u0433\u0430\u0440\u0434\u044b\u0440\u043e\u0431\u0443\u043d\u0443\u0437\u0443\u043d\u0430\u0445, \u043a\u043e\u0442\u043e\u0440\u044b\u0435 \u0438\u0441\u043f\u043e\u043b\u044c\u0437\u0443\u044e\u0442\u0441\u044f \u0432 \u043a\u0430\u0447\u0435\u0441\u0442\u0432\u0435 \u043f\u0440\u0435\u0434\u043c\u0435\u0442\u043e\u0432, \u0442\u043e \u043e\u043d\u0438 \u0434\u043e\u043b\u0436\u043d\u044b \u0431\u044b\u0442\u044c \u0441\u0442\u0438\u043b\u044c\u043d\u044b\u043c\u0438.<br \/>\nYumu\u015fak dokususayesinde hem rahatl\u0131k hem de s\u0131kl\u0131k sunan bu gomlek, hem g\u00fcnl\u00fck kombinlerinizde hem de daha \u015f\u0131k ortamlarda rahatlykla tercih edilebilecek \u00e7ok y\u00f6nl\u00fc bir par\u00e7a.<br \/>\n\u041c\u043e\u0436\u0435\u0442 \u0431\u044b\u0442\u044c, \u0435\u0441\u043b\u0438 \u0432\u044b \u0445\u043e\u0442\u0438\u0442\u0435, \u0447\u0442\u043e\u0431\u044b \u0432\u0430\u0448\u0430 \u0440\u0430\u0431\u043e\u0442\u0430 \u0431\u044b\u043b\u0430 \u043e\u0447\u0435\u043d\u044c \u0434\u0438\u043d\u0430\u043c\u0438\u0447\u043d\u043e\u0439, \u0435\u0441\u043b\u0438 \u0432\u044b \u0445\u043e\u0442\u0438\u0442\u0435, \u0447\u0442\u043e\u0431\u044b \u043e\u043d\u0430 \u0431\u044b\u043b\u0430 \u0434\u043b\u0438\u043d\u043d\u0435\u0435, \u0447\u0435\u043c \u043a\u043e\u0433\u0434\u0430-\u043b\u0438\u0431\u043e.  <\/p>","protected":false},"featured_media":30079,"template":"","meta":[],"product_brand":[],"product_cat":[393,394,511],"product_tag":[],"class_list":{"0":"post-33580","1":"product","2":"type-product","3":"status-publish","4":"has-post-thumbnail","6":"product_cat-gomlek","7":"product_cat-spor-gomlek","8":"product_cat-uzun-kollu","10":"first","11":"instock","12":"product-type-simple"},"_links":{"self":[{"href":"https:\/\/www.climberbc.com\/ru\/wp-json\/wp\/v2\/product\/33580","targetHints":{"allow":["GET"]}}],"collection":[{"href":"https:\/\/www.climberbc.com\/ru\/wp-json\/wp\/v2\/product"}],"about":[{"href":"https:\/\/www.climberbc.com\/ru\/wp-json\/wp\/v2\/types\/product"}],"version-history":[{"count":0,"href":"https:\/\/www.climberbc.com\/ru\/wp-json\/wp\/v2\/product\/33580\/revisions"}],"wp:featuredmedia":[{"embeddable":true,"href":"https:\/\/www.climberbc.com\/ru\/wp-json\/wp\/v2\/media\/30079"}],"wp:attachment":[{"href":"https:\/\/www.climberbc.com\/ru\/wp-json\/wp\/v2\/media?parent=33580"}],"wp:term":[{"taxonomy":"product_brand","embeddable":true,"href":"https:\/\/www.climberbc.com\/ru\/wp-json\/wp\/v2\/product_brand?post=33580"},{"taxonomy":"product_cat","embeddable":true,"href":"https:\/\/www.climberbc.com\/ru\/wp-json\/wp\/v2\/product_cat?post=33580"},{"taxonomy":"product_tag","embeddable":true,"href":"https:\/\/www.climberbc.com\/ru\/wp-json\/wp\/v2\/product_tag?post=33580"}],"curies":[{"name":"WP","href":"https:\/\/api.w.org\/{rel}","templated":true}]}}