{"id":33582,"date":"2024-08-14T22:27:17","date_gmt":"2024-08-14T22:27:17","guid":{"rendered":"https:\/\/www.climberbc.com\/product\/yesil-ekose-flanel-gomlek\/"},"modified":"2024-08-14T22:27:17","modified_gmt":"2024-08-14T22:27:17","slug":"yesil-ekose-flanel-gomlek","status":"publish","type":"product","link":"https:\/\/www.climberbc.com\/ru\/product\/yesil-ekose-flanel-gomlek\/","title":{"rendered":"Ye\u015fil Ekose Flanel G\u00f6mlek"},"content":{"rendered":"<p><strong>Y\u0131kama Talimatlar\u0131:<\/strong> \u041c\u0430\u043a\u0441\u0438\u043c\u0443\u043c 30\u00b0 C&#039;de y\u0131kay\u0131n\u0131z. \u041a\u043b\u043e\u0440 \u0438\u043b\u0435 \u0430\u0433\u0430\u0440\u0442\u043c\u0430\u0439\u044b\u043d\u0438\u0437. \u0422\u0430\u043c\u0431\u0443\u0440\u0434\u0430 \u043a\u0443\u0440\u0443\u0442\u043c\u0430\u0439\u044b\u043d. Il\u0131k \u0131s\u0131da \u00fct\u00fcleme. \u041a\u0443\u0440\u0443 \u0442\u0435\u043c\u0438\u0437\u043b\u0435\u043c\u0435. \u0419\u0438\u043a\u0430\u043c\u0430\u043a i\u00e7in ters chevirin. Benzer renklerle y\u0131kay\u0131n.<\/p>","protected":false},"excerpt":{"rendered":"<p>\u0415\u0435 \u044d\u0440\u043a\u0435\u0433\u0438\u043d \u0433\u0430\u0440\u0434\u044b\u0440\u043e\u0431\u0443\u043d\u0434\u0430 \u0431\u0443\u043b\u0443\u043d\u043c\u0430\u0441\u044b \u0433\u0435\u0440\u0435\u043a\u0435\u043d \u043a\u043b\u0430\u0441\u0441\u0438\u043a \u044d\u043a\u043e\u0441\u0435 \u0433\u043e\u043c\u043b\u0435\u043a, \u043f\u043e\u0432\u0441\u0435\u0434\u043d\u0435\u0432\u043d\u044b\u0439 \u0438 \u0444\u043e\u0440\u043c\u0430\u043b\u044c\u043d\u044b\u0439 \u043e\u0440\u0442\u0430\u043c\u043b\u0430\u0440\u0434\u0430 \u0448\u044b\u043a\u043b\u044b\u0433\u0438\u043d\u044b\u0437\u044b \u043d\u0430 \u043f\u043b\u0430\u043d\u0435 \u0447\u0438\u043a\u0430\u0440\u0438\u0451\u0440.<br \/>\n\u042e\u043c\u0443\u0448\u0430\u043a \u0438 \u0445\u0430\u0444\u0438\u0444 \u043a\u0443\u043c\u0430\u0448\u0438 \u0438\u043b\u0435 \u0433\u0443\u043d \u0431\u043e\u0439\u0443 \u0440\u0430\u0445\u0430\u0442 \u0445\u0438\u0441\u0441\u0435\u0442\u043c\u0435\u043d\u0438\u0437\u0438 \u0441\u0430\u0433\u043b\u0430\u044f\u043d \u0431\u0443 \u0433\u0451\u043c\u043b\u0435\u043a, \u044d\u043a\u043e\u0441\u0435 \u0434\u0435\u0441\u0435\u043d\u0438 \u0438\u043b\u0435 \u0434\u0438\u043a\u043a\u0430\u0442 \u0447\u0435\u043a\u0438\u0451\u0440.<br \/>\n\u0421\u043e\u0432\u0440\u0435\u043c\u0435\u043d\u043d\u044b\u0435 kesimisayesinde hem dar hem de bol kesim pantolonlarla kolayl\u0131kla kombinlenebiliyor.<br \/>\n\u041f\u043e \u043c\u0435\u0440\u0435 \u0442\u043e\u0433\u043e, \u043a\u0430\u043a \u0432\u044b \u0431\u0443\u0434\u0435\u0442\u0435 \u0438\u043c\u0435\u0442\u044c \u0432\u043e\u0437\u043c\u043e\u0436\u043d\u043e\u0441\u0442\u044c \u043f\u043e\u043b\u044c\u0437\u043e\u0432\u0430\u0442\u044c\u0441\u044f \u0442\u0440\u0435\u0442\u044c\u0438\u043c\u0438 \u043c\u0435\u0441\u0442\u0430\u043c\u0438 \u0434\u043b\u044f \u043f\u0440\u043e\u0436\u0438\u0432\u0430\u043d\u0438\u044f, \u0432\u044b \u043c\u043e\u0436\u0435\u0442\u0435 \u043f\u043e\u043b\u0443\u0447\u0438\u0442\u044c \u0434\u043e\u0441\u0442\u0443\u043f \u043a \u043d\u0438\u043c \u0432 \u043b\u044e\u0431\u043e\u0435 \u0432\u0440\u0435\u043c\u044f.   <\/p>","protected":false},"featured_media":30093,"template":"","meta":[],"product_brand":[],"product_cat":[393,394,511],"product_tag":[],"class_list":{"0":"post-33582","1":"product","2":"type-product","3":"status-publish","4":"has-post-thumbnail","6":"product_cat-gomlek","7":"product_cat-spor-gomlek","8":"product_cat-uzun-kollu","10":"first","11":"instock","12":"product-type-simple"},"_links":{"self":[{"href":"https:\/\/www.climberbc.com\/ru\/wp-json\/wp\/v2\/product\/33582","targetHints":{"allow":["GET"]}}],"collection":[{"href":"https:\/\/www.climberbc.com\/ru\/wp-json\/wp\/v2\/product"}],"about":[{"href":"https:\/\/www.climberbc.com\/ru\/wp-json\/wp\/v2\/types\/product"}],"version-history":[{"count":0,"href":"https:\/\/www.climberbc.com\/ru\/wp-json\/wp\/v2\/product\/33582\/revisions"}],"wp:featuredmedia":[{"embeddable":true,"href":"https:\/\/www.climberbc.com\/ru\/wp-json\/wp\/v2\/media\/30093"}],"wp:attachment":[{"href":"https:\/\/www.climberbc.com\/ru\/wp-json\/wp\/v2\/media?parent=33582"}],"wp:term":[{"taxonomy":"product_brand","embeddable":true,"href":"https:\/\/www.climberbc.com\/ru\/wp-json\/wp\/v2\/product_brand?post=33582"},{"taxonomy":"product_cat","embeddable":true,"href":"https:\/\/www.climberbc.com\/ru\/wp-json\/wp\/v2\/product_cat?post=33582"},{"taxonomy":"product_tag","embeddable":true,"href":"https:\/\/www.climberbc.com\/ru\/wp-json\/wp\/v2\/product_tag?post=33582"}],"curies":[{"name":"WP","href":"https:\/\/api.w.org\/{rel}","templated":true}]}}