{"id":33608,"date":"2024-08-14T22:43:17","date_gmt":"2024-08-14T22:43:17","guid":{"rendered":"https:\/\/www.climberbc.com\/product\/acik-mavi-mikro-desenli-gomlek\/"},"modified":"2024-08-14T22:43:17","modified_gmt":"2024-08-14T22:43:17","slug":"acik-mavi-mikro-desenli-gomlek","status":"publish","type":"product","link":"https:\/\/www.climberbc.com\/ru\/product\/acik-mavi-mikro-desenli-gomlek\/","title":{"rendered":"\u0410\u0447\u0438\u043a \u041c\u0430\u0432\u0438 \u041c\u0438\u043a\u0440\u043e \u0414\u0435\u0441\u0435\u043d\u043b\u0438 \u0413\u0451\u043c\u043b\u0435\u043a"},"content":{"rendered":"<p><strong>Y\u0131kama Talimatlar\u0131:<\/strong> \u041c\u0430\u043a\u0441\u0438\u043c\u0443\u043c 30\u00b0 C&#039;de y\u0131kay\u0131n\u0131z. \u041a\u043b\u043e\u0440 \u0438\u043b\u0435 \u0430\u0433\u0430\u0440\u0442\u043c\u0430\u0439\u044b\u043d\u0438\u0437. \u0422\u0430\u043c\u0431\u0443\u0440\u0434\u0430 \u043a\u0443\u0440\u0443\u0442\u043c\u0430\u0439\u044b\u043d. Il\u0131k \u0131s\u0131da \u00fct\u00fcleme. \u041a\u0443\u0440\u0443 \u0442\u0435\u043c\u0438\u0437\u043b\u0435\u043c\u0435. \u0419\u0438\u043a\u0430\u043c\u0430\u043a i\u00e7in ters chevirin. Benzer renklerle y\u0131kay\u0131n.<\/p>","protected":false},"excerpt":{"rendered":"<p>\u041a\u043b\u0430\u0441\u0441\u0438\u0447\u0435\u0441\u043a\u0430\u044f \u0441\u043e\u0432\u0440\u0435\u043c\u0435\u043d\u043d\u0430\u044f \u0434\u043e\u043a\u0443\u043c\u0435\u043d\u0442\u0430\u0446\u0438\u044f, \u0441\u0432\u044f\u0437\u0430\u043d\u043d\u0430\u044f \u0441 \u0442\u0435\u043c, \u0447\u0442\u043e \u0443 \u0432\u0430\u0441 \u0435\u0441\u0442\u044c \u0445\u043e\u0440\u043e\u0448\u0438\u0435 \u0437\u043d\u0430\u043d\u0438\u044f, \u043c\u043e\u0436\u0435\u0442 \u043f\u0440\u0438\u0432\u0435\u0441\u0442\u0438 \u043a \u0442\u043e\u043c\u0443, \u0447\u0442\u043e \u0435\u0435 \u043e\u0440\u0442\u0430\u043c\u0434\u0430 \u0440\u0430\u0445\u0430\u0442\u043b\u044b\u043a\u043b\u0430 \u0441\u0442\u0430\u043d\u0435\u0442 \u0442\u0440\u0435\u0442\u044c\u0438\u043c edilebilecek Bir Par\u00e7a.<br \/>\n\u0415\u0441\u043b\u0438 \u0432\u044b \u0445\u043e\u0442\u0438\u0442\u0435, \u0447\u0442\u043e\u0431\u044b \u0432\u0430\u0448 \u0440\u0435\u0431\u0435\u043d\u043e\u043a \u0431\u044b\u043b \u0432 \u0432\u043e\u0441\u0442\u043e\u0440\u0433\u0435 \u043e\u0442 \u044d\u0442\u043e\u0433\u043e, \u0442\u043e \u044d\u0442\u043e \u043c\u043e\u0436\u0435\u0442 \u043f\u0440\u0438\u0432\u0435\u0441\u0442\u0438 \u043a \u0442\u043e\u043c\u0443, \u0447\u0442\u043e \u0432\u044b \u0441\u0442\u0430\u043d\u0435\u0442\u0435 \u0441\u0442\u0438\u043b\u044c\u043d\u044b\u043c \u0437\u0430\u0440\u0438\u0444\u043e\u043c \u0431\u0438\u0440 \u0445\u0430\u0432\u0430 \u043a\u0430\u0442\u044b\u0451\u0440.<br \/>\nHem spor hem de klasik pantolonlarla kolayl\u0131kla kombinlenebilir.<br \/>\nGard\u0131robunuzun \u0435\u0435 mevsiminde kullanabilece\u011finiz zamans\u0131z bir par\u00e7a olan bu g\u00f6mlek, Sade ama \u015f\u0131k g\u00f6r\u00fcn\u00fcm\u00fcyle \u00f6ne \u00e7\u0131k\u0131yor.   <\/p>","protected":false},"featured_media":30356,"template":"","meta":[],"product_brand":[],"product_cat":[393,533,534],"product_tag":[],"class_list":{"0":"post-33608","1":"product","2":"type-product","3":"status-publish","4":"has-post-thumbnail","6":"product_cat-gomlek","7":"product_cat-klasik-gomlek","8":"product_cat-uzun-kollu-tr","10":"first","11":"instock","12":"product-type-simple"},"_links":{"self":[{"href":"https:\/\/www.climberbc.com\/ru\/wp-json\/wp\/v2\/product\/33608","targetHints":{"allow":["GET"]}}],"collection":[{"href":"https:\/\/www.climberbc.com\/ru\/wp-json\/wp\/v2\/product"}],"about":[{"href":"https:\/\/www.climberbc.com\/ru\/wp-json\/wp\/v2\/types\/product"}],"version-history":[{"count":0,"href":"https:\/\/www.climberbc.com\/ru\/wp-json\/wp\/v2\/product\/33608\/revisions"}],"wp:featuredmedia":[{"embeddable":true,"href":"https:\/\/www.climberbc.com\/ru\/wp-json\/wp\/v2\/media\/30356"}],"wp:attachment":[{"href":"https:\/\/www.climberbc.com\/ru\/wp-json\/wp\/v2\/media?parent=33608"}],"wp:term":[{"taxonomy":"product_brand","embeddable":true,"href":"https:\/\/www.climberbc.com\/ru\/wp-json\/wp\/v2\/product_brand?post=33608"},{"taxonomy":"product_cat","embeddable":true,"href":"https:\/\/www.climberbc.com\/ru\/wp-json\/wp\/v2\/product_cat?post=33608"},{"taxonomy":"product_tag","embeddable":true,"href":"https:\/\/www.climberbc.com\/ru\/wp-json\/wp\/v2\/product_tag?post=33608"}],"curies":[{"name":"WP","href":"https:\/\/api.w.org\/{rel}","templated":true}]}}