{"id":33610,"date":"2024-08-14T22:43:17","date_gmt":"2024-08-14T22:43:17","guid":{"rendered":"https:\/\/www.climberbc.com\/product\/kahverengi-kareli-klasik-gomlek\/"},"modified":"2024-08-14T22:43:17","modified_gmt":"2024-08-14T22:43:17","slug":"kahverengi-kareli-klasik-gomlek","status":"publish","type":"product","link":"https:\/\/www.climberbc.com\/ru\/product\/kahverengi-kareli-klasik-gomlek\/","title":{"rendered":"\u041a\u0430\u0445\u0432\u0435\u0440\u0435\u043d\u0433\u0438 \u041a\u0430\u0440\u0435\u043b\u0438 \u041a\u043b\u0430\u0441\u0438\u043a \u0413\u0451\u043c\u043b\u0435\u043a"},"content":{"rendered":"<p><strong>Y\u0131kama Talimatlar\u0131:<\/strong> \u041c\u0430\u043a\u0441\u0438\u043c\u0443\u043c 30\u00b0 C&#039;de y\u0131kay\u0131n\u0131z. \u041a\u043b\u043e\u0440 \u0438\u043b\u0435 \u0430\u0433\u0430\u0440\u0442\u043c\u0430\u0439\u044b\u043d\u0438\u0437. \u0422\u0430\u043c\u0431\u0443\u0440\u0434\u0430 \u043a\u0443\u0440\u0443\u0442\u043c\u0430\u0439\u044b\u043d. Il\u0131k \u0131s\u0131da \u00fct\u00fcleme. \u041a\u0443\u0440\u0443 \u0442\u0435\u043c\u0438\u0437\u043b\u0435\u043c\u0435. \u0419\u0438\u043a\u0430\u043c\u0430\u043a i\u00e7in ters chevirin. Benzer renklerle y\u0131kay\u0131n.<\/p>","protected":false},"excerpt":{"rendered":"<p>\u0420\u0430\u0445\u0430\u0442 \u0432\u0435 \u0448\u044b\u043a \u0431\u0438\u0440 \u0441\u0442\u0438\u043b\u044c \u0432\u0430\u0437\u0433\u0435\u0447\u0438\u043b\u043c\u0435\u0437 \u043f\u0430\u0440\u0441\u0430\u0441\u0438 \u043e\u043b\u0430\u043d \u0431\u0443 \u043a\u0430\u0445\u0432\u0435\u0440\u0435\u043d\u0433\u0438 \u044d\u043a\u043e\u0441\u0435 \u0433\u0451\u043c\u043b\u0435\u043a, \u043a\u043e\u043c\u0431\u0438\u043d\u0435\u0440\u0438\u043d\u0433 \u0444\u0430\u0440\u043a \u044f\u0440\u0430\u0442\u0430\u0447\u0430\u043a.<br \/>\nYumu\u015fak dokusu ve kaliteli kuma\u015f\u0131sayesinde g\u00fcn boyu rahatl\u0131k sunarken, ekose deseniyle \u0441\u0442\u0438\u043b\u0438\u0437\u043e\u0432\u0430\u0442\u044c \u0441\u043e\u0432\u0440\u0435\u043c\u0435\u043d\u043d\u044b\u0439 \u0431\u0438\u0440 dokunu\u015f kat\u0131yor.<br \/>\n\u0422\u043e\u043d\u043a\u0430\u044f \u043f\u043e\u0441\u0430\u0434\u043a\u0430 \u043f\u043e\u0437\u0432\u043e\u043b\u044f\u0435\u0442 \u043b\u0435\u0433\u043a\u043e \u043d\u043e\u0441\u0438\u0442\u044c \u0441\u043f\u043e\u0440\u0442\u0438\u0432\u043d\u044b\u0435 \u043a\u043e\u0441\u0442\u044e\u043c\u044b \u0438 \u043d\u043e\u0441\u0438\u0442\u044c \u0434\u043b\u0438\u043d\u043d\u044b\u0435 \u0448\u043e\u0440\u0442\u044b.<br \/>\n\u0415\u0441\u043b\u0438 \u0432\u044b \u0445\u043e\u0442\u0438\u0442\u0435, \u0447\u0442\u043e\u0431\u044b \u0432\u0430\u0448\u0430 \u043a\u043b\u0430\u0441\u0441\u0438\u0447\u0435\u0441\u043a\u0430\u044f \u043a\u043e\u043c\u0431\u0438\u043d\u0430\u0446\u0438\u044f \u0431\u044b\u043b\u0430 \u043a\u043b\u0430\u0441\u0441\u0438\u0447\u0435\u0441\u043a\u043e\u0439, \u043e\u043d\u0430 \u0434\u043e\u043b\u0436\u043d\u0430 \u043f\u043e\u043b\u0443\u0447\u0438\u0442\u044c \u0434\u043e\u043f\u043e\u043b\u043d\u0438\u0442\u0435\u043b\u044c\u043d\u044b\u0435 \u0441\u0432\u0435\u0434\u0435\u043d\u0438\u044f \u043e \u0442\u043e\u043c, \u0447\u0442\u043e \u0432\u044b \u0445\u043e\u0442\u0438\u0442\u0435, \u0438 \u0441\u0434\u0435\u043b\u0430\u0442\u044c \u044d\u0442\u043e \u0432 \u0438\u0437\u0431\u0440\u0430\u043d\u043d\u043e\u043c \u043c\u0435\u0441\u0442\u0435.   <\/p>","protected":false},"featured_media":30373,"template":"","meta":[],"product_brand":[],"product_cat":[393,394,511],"product_tag":[],"class_list":{"0":"post-33610","1":"product","2":"type-product","3":"status-publish","4":"has-post-thumbnail","6":"product_cat-gomlek","7":"product_cat-spor-gomlek","8":"product_cat-uzun-kollu","10":"first","11":"instock","12":"product-type-simple"},"_links":{"self":[{"href":"https:\/\/www.climberbc.com\/ru\/wp-json\/wp\/v2\/product\/33610","targetHints":{"allow":["GET"]}}],"collection":[{"href":"https:\/\/www.climberbc.com\/ru\/wp-json\/wp\/v2\/product"}],"about":[{"href":"https:\/\/www.climberbc.com\/ru\/wp-json\/wp\/v2\/types\/product"}],"version-history":[{"count":0,"href":"https:\/\/www.climberbc.com\/ru\/wp-json\/wp\/v2\/product\/33610\/revisions"}],"wp:featuredmedia":[{"embeddable":true,"href":"https:\/\/www.climberbc.com\/ru\/wp-json\/wp\/v2\/media\/30373"}],"wp:attachment":[{"href":"https:\/\/www.climberbc.com\/ru\/wp-json\/wp\/v2\/media?parent=33610"}],"wp:term":[{"taxonomy":"product_brand","embeddable":true,"href":"https:\/\/www.climberbc.com\/ru\/wp-json\/wp\/v2\/product_brand?post=33610"},{"taxonomy":"product_cat","embeddable":true,"href":"https:\/\/www.climberbc.com\/ru\/wp-json\/wp\/v2\/product_cat?post=33610"},{"taxonomy":"product_tag","embeddable":true,"href":"https:\/\/www.climberbc.com\/ru\/wp-json\/wp\/v2\/product_tag?post=33610"}],"curies":[{"name":"WP","href":"https:\/\/api.w.org\/{rel}","templated":true}]}}