{"id":33622,"date":"2024-08-14T22:49:47","date_gmt":"2024-08-14T22:49:47","guid":{"rendered":"https:\/\/www.climberbc.com\/product\/siyah-yarim-fermuarli-sweatshirt\/"},"modified":"2024-08-14T22:49:47","modified_gmt":"2024-08-14T22:49:47","slug":"siyah-yarim-fermuarli-sweatshirt","status":"publish","type":"product","link":"https:\/\/www.climberbc.com\/ru\/product\/siyah-yarim-fermuarli-sweatshirt\/","title":{"rendered":"\u0422\u043e\u043b\u0441\u0442\u043e\u0432\u043a\u0430 Siyah Yar\u0131m Fermuarl\u0131"},"content":{"rendered":"<p><strong>Y\u0131kama Talimatlar\u0131:<\/strong> \u041c\u0430\u043a\u0441\u0438\u043c\u0430\u043b\u044c\u043d\u0430\u044f \u0442\u0435\u043c\u043f\u0435\u0440\u0430\u0442\u0443\u0440\u0430 30\u00b0. \u0422\u0430\u043c\u0431\u0443\u0440\u0434\u0430 \u043a\u0443\u0440\u0443\u0442\u043c\u0430\u0439\u044b\u043d. S\u0131cak \u0131s\u0131da \u00fct\u00fcleme Kuru temizleme yapmay\u0131n Benzer renklerle y\u0131kay\u0131n.<br \/>\nTers \u00e7evirerek \u00fct\u00fcleyin. <\/p>","protected":false},"excerpt":{"rendered":"<p>Minimalist tasar\u0131m\u0131 ve modern g\u00f6r\u00fcn\u00fcm\u00fcyle dikkat \u00e7eken bu siyah fermuarl\u0131 sweatshirt, g\u00fcnl\u00fck stilinize \u015f\u0131kl\u0131k kat\u0131yor.<br \/>\nYumu\u015fak ve kaliteli kuma\u015f\u0131 ile g\u00fcn boyu konfor sa\u011flarken, yar\u0131m fermuar detay\u0131 ile fonksiyonellik sunuyor.<br \/>\nSo\u011fuk havalarda da rahatl\u0131kla kullan\u0131labilen bu sweatshirt, hem sportif kombinlerinize hem de daha klasik par\u00e7alara uyum sa\u011fl\u0131yor.<br \/>\n\u015e\u0131k g\u00f6r\u00fcn\u00fcm\u00fc ve rahat kesimi ile gard\u0131robunuzda bulunmas\u0131 gereken zamans\u0131z bir par\u00e7a.   <\/p>","protected":false},"featured_media":30487,"template":"","meta":[],"product_brand":[],"product_cat":[851],"product_tag":[],"class_list":{"0":"post-33622","1":"product","2":"type-product","3":"status-publish","4":"has-post-thumbnail","6":"product_cat-sweatshirt-tr","8":"first","9":"instock","10":"product-type-simple"},"_links":{"self":[{"href":"https:\/\/www.climberbc.com\/ru\/wp-json\/wp\/v2\/product\/33622","targetHints":{"allow":["GET"]}}],"collection":[{"href":"https:\/\/www.climberbc.com\/ru\/wp-json\/wp\/v2\/product"}],"about":[{"href":"https:\/\/www.climberbc.com\/ru\/wp-json\/wp\/v2\/types\/product"}],"version-history":[{"count":0,"href":"https:\/\/www.climberbc.com\/ru\/wp-json\/wp\/v2\/product\/33622\/revisions"}],"wp:featuredmedia":[{"embeddable":true,"href":"https:\/\/www.climberbc.com\/ru\/wp-json\/wp\/v2\/media\/30487"}],"wp:attachment":[{"href":"https:\/\/www.climberbc.com\/ru\/wp-json\/wp\/v2\/media?parent=33622"}],"wp:term":[{"taxonomy":"product_brand","embeddable":true,"href":"https:\/\/www.climberbc.com\/ru\/wp-json\/wp\/v2\/product_brand?post=33622"},{"taxonomy":"product_cat","embeddable":true,"href":"https:\/\/www.climberbc.com\/ru\/wp-json\/wp\/v2\/product_cat?post=33622"},{"taxonomy":"product_tag","embeddable":true,"href":"https:\/\/www.climberbc.com\/ru\/wp-json\/wp\/v2\/product_tag?post=33622"}],"curies":[{"name":"WP","href":"https:\/\/api.w.org\/{rel}","templated":true}]}}