{"id":33624,"date":"2024-08-14T22:52:06","date_gmt":"2024-08-14T22:52:06","guid":{"rendered":"https:\/\/www.climberbc.com\/product\/onu-islemeli-lacivert-kapusonlu-sweatshirt\/"},"modified":"2024-08-14T22:52:06","modified_gmt":"2024-08-14T22:52:06","slug":"onu-islemeli-lacivert-kapusonlu-sweatshirt","status":"publish","type":"product","link":"https:\/\/www.climberbc.com\/ru\/product\/onu-islemeli-lacivert-kapusonlu-sweatshirt\/","title":{"rendered":"\u0422\u043e\u043b\u0441\u0442\u043e\u0432\u043a\u0430 \u00d6n\u00fc \u0130\u015flemeli Lacivert Kap\u00fc\u015fonlu"},"content":{"rendered":"<p><strong>Y\u0131kama Talimatlar\u0131:<\/strong> \u041c\u0430\u043a\u0441\u0438\u043c\u0430\u043b\u044c\u043d\u0430\u044f \u0442\u0435\u043c\u043f\u0435\u0440\u0430\u0442\u0443\u0440\u0430 30\u00b0. \u0422\u0430\u043c\u0431\u0443\u0440\u0434\u0430 \u043a\u0443\u0440\u0443\u0442\u043c\u0430\u0439\u044b\u043d. S\u0131cak \u0131s\u0131da \u00fct\u00fcleme Kuru temizleme yapmay\u0131n Benzer renklerle y\u0131kay\u0131n.<br \/>\nTers \u00e7evirerek \u00fct\u00fcleyin. <\/p>","protected":false},"excerpt":{"rendered":"<p>Sade ve modern bir tasar\u0131ma sahip bu lacivert kap\u00fc\u015fonlu sweatshirt, g\u00fcnl\u00fck stilinizde rahatl\u0131k ve \u015f\u0131kl\u0131\u011f\u0131 bir araya getiriyor.<br \/>\nYumu\u015fak dokusu ve nefes alabilen kuma\u015f\u0131 sayesinde g\u00fcn boyu rahatl\u0131k sunarken \u00f6n k\u0131sm\u0131ndaki geometrik desen detay\u0131 ile minimalist bir \u015f\u0131kl\u0131k yarat\u0131yor.<br \/>\nGeni\u015f \u00f6n cepleri ve ayarlanabilir kap\u00fc\u015fon detay\u0131 ile hem fonksiyonel hem de \u015f\u0131k bir kullan\u0131m sa\u011fl\u0131yor.<br \/>\nJean ya da e\u015fofman alt\u0131 ile kolayca kombinlenebilen bu sweatshirt, hem spor hem de g\u00fcnl\u00fck kullan\u0131ma uygun bir se\u00e7enek olarak gard\u0131robunuzun favori par\u00e7alar\u0131ndan biri olacak.   <\/p>","protected":false},"featured_media":30530,"template":"","meta":[],"product_brand":[],"product_cat":[851],"product_tag":[],"class_list":{"0":"post-33624","1":"product","2":"type-product","3":"status-publish","4":"has-post-thumbnail","6":"product_cat-sweatshirt-tr","8":"first","9":"instock","10":"product-type-simple"},"_links":{"self":[{"href":"https:\/\/www.climberbc.com\/ru\/wp-json\/wp\/v2\/product\/33624","targetHints":{"allow":["GET"]}}],"collection":[{"href":"https:\/\/www.climberbc.com\/ru\/wp-json\/wp\/v2\/product"}],"about":[{"href":"https:\/\/www.climberbc.com\/ru\/wp-json\/wp\/v2\/types\/product"}],"version-history":[{"count":0,"href":"https:\/\/www.climberbc.com\/ru\/wp-json\/wp\/v2\/product\/33624\/revisions"}],"wp:featuredmedia":[{"embeddable":true,"href":"https:\/\/www.climberbc.com\/ru\/wp-json\/wp\/v2\/media\/30530"}],"wp:attachment":[{"href":"https:\/\/www.climberbc.com\/ru\/wp-json\/wp\/v2\/media?parent=33624"}],"wp:term":[{"taxonomy":"product_brand","embeddable":true,"href":"https:\/\/www.climberbc.com\/ru\/wp-json\/wp\/v2\/product_brand?post=33624"},{"taxonomy":"product_cat","embeddable":true,"href":"https:\/\/www.climberbc.com\/ru\/wp-json\/wp\/v2\/product_cat?post=33624"},{"taxonomy":"product_tag","embeddable":true,"href":"https:\/\/www.climberbc.com\/ru\/wp-json\/wp\/v2\/product_tag?post=33624"}],"curies":[{"name":"WP","href":"https:\/\/api.w.org\/{rel}","templated":true}]}}