{"id":33630,"date":"2024-08-14T22:54:06","date_gmt":"2024-08-14T22:54:06","guid":{"rendered":"https:\/\/www.climberbc.com\/product\/onu-islemeli-siyah-kapusonlu-sweatshirt\/"},"modified":"2024-08-14T22:54:06","modified_gmt":"2024-08-14T22:54:06","slug":"onu-islemeli-siyah-kapusonlu-sweatshirt","status":"publish","type":"product","link":"https:\/\/www.climberbc.com\/ru\/product\/onu-islemeli-siyah-kapusonlu-sweatshirt\/","title":{"rendered":"\u0422\u043e\u043b\u0441\u0442\u043e\u0432\u043a\u0430 \u00d6n\u00fc \u0130\u015flemeli Siyah Kap\u00fc\u015fonlu"},"content":{"rendered":"<p><strong>Y\u0131kama Talimatlar\u0131:<\/strong> \u041c\u0430\u043a\u0441\u0438\u043c\u0430\u043b\u044c\u043d\u0430\u044f \u0442\u0435\u043c\u043f\u0435\u0440\u0430\u0442\u0443\u0440\u0430 30\u00b0. \u0422\u0430\u043c\u0431\u0443\u0440\u0434\u0430 \u043a\u0443\u0440\u0443\u0442\u043c\u0430\u0439\u044b\u043d. S\u0131cak \u0131s\u0131da \u00fct\u00fcleme Kuru temizleme yapmay\u0131n Benzer renklerle y\u0131kay\u0131n.<br \/>\nTers \u00e7evirerek \u00fct\u00fcleyin. <\/p>","protected":false},"excerpt":{"rendered":"<p>\u0422\u043e\u043b\u0441\u0442\u043e\u0432\u043a\u0430 \u0441 \u043a\u0430\u043f\u044e\u0448\u043e\u043d\u043e\u043c \u0438\u043b\u0438 \u0442\u043e\u043b\u0441\u0442\u043e\u0432\u043a\u0430 \u0441 \u043a\u0430\u043f\u044e\u0448\u043e\u043d\u043e\u043c \u043c\u043e\u0433\u0443\u0442 \u0431\u044b\u0442\u044c \u0438\u0441\u043f\u043e\u043b\u044c\u0437\u043e\u0432\u0430\u043d\u044b \u0432 \u043a\u0430\u0447\u0435\u0441\u0442\u0432\u0435 \u043a\u043e\u043c\u0431\u0438\u043d\u0435\u0437\u043e\u043d\u043d\u043e\u0433\u043e \u043f\u043e\u043a\u0440\u044b\u0442\u0438\u044f.<br \/>\n\u041c\u0438\u043d\u0438\u043c\u0430\u043b\u0438\u0441\u0442\u0441\u043a\u0438\u0435 \u0440\u0438\u0441\u0443\u043d\u043a\u0438 \u0438 \u0433\u0435\u043e\u043c\u0435\u0442\u0440\u0438\u0447\u0435\u0441\u043a\u0438\u0435 \u0434\u0435\u0442\u0430\u043b\u0438 \u0432 \u0441\u043e\u0432\u0440\u0435\u043c\u0435\u043d\u043d\u043e\u043c \u0441\u0442\u0438\u043b\u0435, \u043a\u043e\u0442\u043e\u0440\u044b\u0435 \u043c\u043e\u0436\u043d\u043e \u0438\u0441\u043f\u043e\u043b\u044c\u0437\u043e\u0432\u0430\u0442\u044c \u0432 \u043a\u0430\u0447\u0435\u0441\u0442\u0432\u0435 \u0433\u0435\u043e\u043c\u0435\u0442\u0440\u0438\u0447\u0435\u0441\u043a\u0438\u0445 \u0444\u0438\u0433\u0443\u0440.<br \/>\n\u0420\u0430\u0445\u0430\u0442-\u043a\u0435\u0441\u0438\u043c\u0438 \u0438 \u0444\u043e\u043d\u043a\u0441\u0438\u0439\u043e\u043d\u0435\u043b-\u043a\u0430\u043f\u0443\u0448\u043e\u043d\u0443 \u0438\u043b\u0435-\u0445\u0435\u043c-\u0441\u043f\u043e\u0440-\u0430\u043a\u0442\u0438\u0432\u0438\u0442\u0435\u043b\u0438 \u043f\u043e\u0434\u043e\u043b-\u0434\u0435-\u0433\u0443\u043d\u043b\u0443\u043a \u043a\u0443\u043b\u043b\u0430\u043d\u0438\u043c \u0432 \u0438\u0434\u0435\u0430\u043b\u044c\u043d\u043e\u043c \u043c\u0435\u0441\u0442\u0435.<br \/>\n\u041a\u043e\u0442 \u043f\u0430\u043d\u0442\u043e\u043b\u043e\u043d \u044f \u0434\u0430 \u0434\u0430 \u044d\u0448\u043e\u0444\u043c\u0430\u043d \u0430\u043b\u044c\u0442\u044b \u0438\u043b\u0435 \u043a\u043e\u043c\u0431\u0438\u043d\u043b\u0435\u0439\u0435\u0440\u0435\u043a \u0435\u0435 \u043e\u0440\u0442\u0430\u043c\u0434\u0430 \u0448\u044b\u043a \u0432\u0435 \u0440\u0430\u0445\u0430\u0442 \u0431\u0438\u0440 \u0441\u0442\u0438\u043b\u044c \u044f\u0440\u0430\u0442\u0430\u0431\u0438\u043b\u0438\u0440\u0441\u0438\u043d\u0438\u0437.<br \/>\n\u0415\u0441\u043b\u0438 \u0432\u0430\u043c \u043d\u0443\u0436\u043d\u0430 \u0442\u043e\u043b\u0441\u0442\u043e\u0432\u043a\u0430, \u0432\u044b \u043c\u043e\u0436\u0435\u0442\u0435 \u0438\u0441\u043f\u043e\u043b\u044c\u0437\u043e\u0432\u0430\u0442\u044c \u0435\u0435 \u0432 \u043a\u0430\u0447\u0435\u0441\u0442\u0432\u0435 \u043b\u044e\u0431\u0438\u043c\u043e\u0433\u043e \u043f\u0440\u0435\u0434\u043c\u0435\u0442\u0430 \u043e\u0434\u0435\u0436\u0434\u044b.    <\/p>","protected":false},"featured_media":30573,"template":"","meta":[],"product_brand":[],"product_cat":[851],"product_tag":[],"class_list":{"0":"post-33630","1":"product","2":"type-product","3":"status-publish","4":"has-post-thumbnail","6":"product_cat-sweatshirt-tr","8":"first","9":"instock","10":"product-type-simple"},"_links":{"self":[{"href":"https:\/\/www.climberbc.com\/ru\/wp-json\/wp\/v2\/product\/33630","targetHints":{"allow":["GET"]}}],"collection":[{"href":"https:\/\/www.climberbc.com\/ru\/wp-json\/wp\/v2\/product"}],"about":[{"href":"https:\/\/www.climberbc.com\/ru\/wp-json\/wp\/v2\/types\/product"}],"version-history":[{"count":0,"href":"https:\/\/www.climberbc.com\/ru\/wp-json\/wp\/v2\/product\/33630\/revisions"}],"wp:featuredmedia":[{"embeddable":true,"href":"https:\/\/www.climberbc.com\/ru\/wp-json\/wp\/v2\/media\/30573"}],"wp:attachment":[{"href":"https:\/\/www.climberbc.com\/ru\/wp-json\/wp\/v2\/media?parent=33630"}],"wp:term":[{"taxonomy":"product_brand","embeddable":true,"href":"https:\/\/www.climberbc.com\/ru\/wp-json\/wp\/v2\/product_brand?post=33630"},{"taxonomy":"product_cat","embeddable":true,"href":"https:\/\/www.climberbc.com\/ru\/wp-json\/wp\/v2\/product_cat?post=33630"},{"taxonomy":"product_tag","embeddable":true,"href":"https:\/\/www.climberbc.com\/ru\/wp-json\/wp\/v2\/product_tag?post=33630"}],"curies":[{"name":"WP","href":"https:\/\/api.w.org\/{rel}","templated":true}]}}