{"id":33636,"date":"2024-08-14T22:59:39","date_gmt":"2024-08-14T22:59:39","guid":{"rendered":"https:\/\/www.climberbc.com\/product\/bisiklet-yaka-desenli-lacivert-orme-kazak\/"},"modified":"2024-08-14T22:59:39","modified_gmt":"2024-08-14T22:59:39","slug":"bisiklet-yaka-desenli-lacivert-orme-kazak","status":"publish","type":"product","link":"https:\/\/www.climberbc.com\/ru\/product\/bisiklet-yaka-desenli-lacivert-orme-kazak\/","title":{"rendered":"\u0411\u0438\u0441\u0438\u043a\u043b\u0435\u0442 \u042f\u043a\u0430 \u0414\u0435\u0441\u0435\u043d\u043b\u0438 \u041b\u0430\u0446\u0438\u0432\u0435\u0440\u0442 \u041e\u0440\u043c\u0435 \u041a\u0430\u0437\u0430\u043a"},"content":{"rendered":"<p><strong>Y\u0131kama Talimatlar\u0131:<\/strong> \u041c\u0430\u043a\u0441\u0438\u043c\u0430\u043b\u044c\u043d\u0430\u044f \u0442\u0435\u043c\u043f\u0435\u0440\u0430\u0442\u0443\u0440\u0430 30\u00b0. \u0422\u0430\u043c\u0431\u0443\u0440\u0434\u0430 \u043a\u0443\u0440\u0443\u0442\u043c\u0430\u0439\u044b\u043d. D\u00fc\u015f\u00fck \u0131s\u0131da \u00fct\u00fcleme Sadece hassas kuru temizleme Y\u0131kama i\u00e7in ters chevirin. Benzer renklerle y\u0131kay\u0131n. \u041a\u0443\u0440\u0443 \u0434\u0443\u0437.<\/p>","protected":false},"excerpt":{"rendered":"<p>\u0415\u0441\u043b\u0438 \u0432\u044b \u043d\u0435 \u0445\u043e\u0442\u0438\u0442\u0435, \u0447\u0442\u043e\u0431\u044b \u044d\u0442\u043e \u0431\u044b\u043b\u043e \u0442\u0430\u043a, \u0432\u044b \u043c\u043e\u0436\u0435\u0442\u0435 \u0441\u0434\u0435\u043b\u0430\u0442\u044c \u044d\u0442\u043e \u0438 \u043f\u043e\u043b\u0443\u0447\u0438\u0442\u044c \u0436\u0435\u043b\u0430\u0435\u043c\u043e\u0435.<br \/>\n\u0421\u043e\u0432\u0440\u0435\u043c\u0435\u043d\u043d\u044b\u0435 \u0434\u043e\u043a\u0443\u043c\u0435\u043d\u0442\u0430\u043b\u044c\u043d\u044b\u0435 \u0438 \u043f\u043e\u0434\u0440\u043e\u0431\u043d\u044b\u0435 \u043e\u043f\u0438\u0441\u0430\u043d\u0438\u044f \u044f\u0432\u043b\u044f\u044e\u0442\u0441\u044f \u043a\u0430\u0437\u0430\u0445\u0441\u043a\u0438\u043c\u0438, \u0441\u0442\u0438\u043b\u044c\u043d\u044b\u043c\u0438 \u0441\u043e\u0444\u0438\u0441\u0442\u0438\u043a\u0430\u043c\u0438 \u0434\u043b\u044f \u0434\u043e\u043a\u0443\u043c\u0435\u043d\u0442\u0430\u043b\u044c\u043d\u043e\u0433\u043e \u043e\u0444\u043e\u0440\u043c\u043b\u0435\u043d\u0438\u044f.<br \/>\n\u0415\u0441\u043b\u0438 \u0432\u044b \u0445\u043e\u0442\u0438\u0442\u0435, \u0447\u0442\u043e\u0431\u044b \u0432\u0441\u0435 \u0431\u044b\u043b\u043e \u0432 \u043f\u043e\u0440\u044f\u0434\u043a\u0435, \u0438 \u0432\u044b \u0443\u0432\u0438\u0434\u0438\u0442\u0435 \u0434\u0435\u0442\u0430\u043b\u0438, \u0432\u044b \u043f\u043e\u043b\u0443\u0447\u0438\u0442\u0435 \u0434\u0438\u043d\u0430\u043c\u0438\u0447\u0435\u0441\u043a\u0443\u044e \u0434\u0438\u043d\u0430\u043c\u0438\u043a\u0443, \u043a\u043e\u0442\u043e\u0440\u0430\u044f \u043f\u0440\u0438\u0432\u0435\u0434\u0435\u0442 \u043a \u0443\u0432\u0435\u043b\u0438\u0447\u0435\u043d\u0438\u044e \u0441\u043a\u043e\u0440\u043e\u0441\u0442\u0438.<br \/>\n\u042e\u043c\u0443\u0448\u0430\u043a \u0438 \u043d\u0435\u0441\u0447\u0430\u0441\u0442\u043b\u0438\u0432\u044b\u0435 \u0443\u0431\u0438\u0439\u0446\u044b \u0433\u043e\u0432\u043e\u0440\u044f\u0442, \u0447\u0442\u043e \u0445\u0435\u043c \u0433\u0443\u043d\u043b\u044e\u043a \u0445\u0430\u044f\u0442\u0442\u0430 \u0445\u0435\u043c \u0434\u0435 \u0438\u0448 \u0435\u0440\u0438\u043d\u0434\u0435 \u0440\u0430\u0445\u0430\u0442\u043b\u0438\u043a\u043b\u0430 \u0433\u0438\u0439\u0435\u0431\u0438\u043b\u0435\u0446\u0435\u0433\u0438\u043d\u0438\u0437 \u0431\u0443 \u043a\u0430\u0437\u0430\u0445\u0441\u0442\u0430\u043d, \u0416\u0430\u043d \u041f\u0430\u043d\u0442\u043e\u043b\u043e\u043d\u043b\u0430\u0440 \u0432\u0435\u044f \u043a\u043b\u0430\u0441\u0441\u0438\u0447\u0435\u0441\u043a\u0438\u0439 \u043f\u0430\u043d\u0442\u043e\u043b\u043e\u043d\u043b\u0430\u0440\u043b\u0430 \u043c\u0443\u043a\u0435\u043c\u043c\u0435\u043b\u044c \u0443\u044e\u043c \u0421\u0430\u0433\u043b\u0430\u0440.<br \/>\n\u0415\u0435 \u044d\u0440\u043a\u0435\u0433\u0438\u043d \u0433\u0430\u0440\u0434\u044b\u0440\u043e\u0431\u0443\u043d\u0434\u0430 \u0431\u0443\u043b\u0443\u043d\u043c\u0430\u0441\u044b \u0433\u0435\u0440\u0435\u043a\u0435\u043d \u0437\u0430\u043c\u0430\u043d\u0441\u044b\u0437 \u0438 \u0448\u0438\u043a \u0431\u0438\u0440 \u043f\u0430\u0440\u0441\u0430.    <\/p>","protected":false},"featured_media":30677,"template":"","meta":[],"product_brand":[],"product_cat":[519,420],"product_tag":[],"class_list":{"0":"post-33636","1":"product","2":"type-product","3":"status-publish","4":"has-post-thumbnail","6":"product_cat-murettebat-yaka-tr","7":"product_cat-triko","9":"first","10":"instock","11":"product-type-simple"},"_links":{"self":[{"href":"https:\/\/www.climberbc.com\/ru\/wp-json\/wp\/v2\/product\/33636","targetHints":{"allow":["GET"]}}],"collection":[{"href":"https:\/\/www.climberbc.com\/ru\/wp-json\/wp\/v2\/product"}],"about":[{"href":"https:\/\/www.climberbc.com\/ru\/wp-json\/wp\/v2\/types\/product"}],"version-history":[{"count":0,"href":"https:\/\/www.climberbc.com\/ru\/wp-json\/wp\/v2\/product\/33636\/revisions"}],"wp:featuredmedia":[{"embeddable":true,"href":"https:\/\/www.climberbc.com\/ru\/wp-json\/wp\/v2\/media\/30677"}],"wp:attachment":[{"href":"https:\/\/www.climberbc.com\/ru\/wp-json\/wp\/v2\/media?parent=33636"}],"wp:term":[{"taxonomy":"product_brand","embeddable":true,"href":"https:\/\/www.climberbc.com\/ru\/wp-json\/wp\/v2\/product_brand?post=33636"},{"taxonomy":"product_cat","embeddable":true,"href":"https:\/\/www.climberbc.com\/ru\/wp-json\/wp\/v2\/product_cat?post=33636"},{"taxonomy":"product_tag","embeddable":true,"href":"https:\/\/www.climberbc.com\/ru\/wp-json\/wp\/v2\/product_tag?post=33636"}],"curies":[{"name":"WP","href":"https:\/\/api.w.org\/{rel}","templated":true}]}}