{"id":33639,"date":"2024-08-14T23:03:33","date_gmt":"2024-08-14T23:03:33","guid":{"rendered":"https:\/\/www.climberbc.com\/product\/bisiklet-yaka-zikzak-desenli-bej-kazak\/"},"modified":"2024-08-14T23:03:33","modified_gmt":"2024-08-14T23:03:33","slug":"bisiklet-yaka-zikzak-desenli-bej-kazak","status":"publish","type":"product","link":"https:\/\/www.climberbc.com\/ru\/product\/bisiklet-yaka-zikzak-desenli-bej-kazak\/","title":{"rendered":"\u0411\u0438\u0441\u0438\u043a\u043b\u0435\u0442 \u042f\u043a\u0430 \u0417\u0438\u043a\u0437\u0430\u043a \u0414\u0435\u0441\u0435\u043d\u043b\u0438 \u0411\u0435\u0439 \u041a\u0430\u0437\u0430\u043a"},"content":{"rendered":"","protected":false},"excerpt":{"rendered":"<p>Zarif desen detaylar\u0131 ve yumu\u015fak dokusuyla dikkat \u00e7eken bu kahverengi \u00f6rg\u00fc kazak, k\u0131\u015f aylar\u0131nda stil ve konforu bir araya getiriyor.<br \/>\nG\u00f6\u011f\u00fcs k\u0131sm\u0131ndaki zigzag deseniyle sade \u015f\u0131kl\u0131\u011f\u0131na modern bir dokunu\u015f katan bu kazak, hem i\u015f hem de g\u00fcnl\u00fck kombinlerde rahatl\u0131kla kullan\u0131labiliyor.<br \/>\nKaliteli kuma\u015f\u0131 sayesinde s\u0131cak tutarken hafif yap\u0131s\u0131yla hareket \u00f6zg\u00fcrl\u00fc\u011f\u00fc sa\u011fl\u0131yor.<br \/>\nG\u00f6mleklerle ya da tek ba\u015f\u0131na giyilebilen bu triko, her erke\u011fin gard\u0131robunda bulunmas\u0131 gereken zamans\u0131z bir par\u00e7a.   <\/p>","protected":false},"featured_media":30725,"template":"","meta":[],"product_brand":[],"product_cat":[519,420],"product_tag":[],"class_list":{"0":"post-33639","1":"product","2":"type-product","3":"status-publish","4":"has-post-thumbnail","6":"product_cat-murettebat-yaka-tr","7":"product_cat-triko","9":"first","10":"instock","11":"product-type-simple"},"_links":{"self":[{"href":"https:\/\/www.climberbc.com\/ru\/wp-json\/wp\/v2\/product\/33639","targetHints":{"allow":["GET"]}}],"collection":[{"href":"https:\/\/www.climberbc.com\/ru\/wp-json\/wp\/v2\/product"}],"about":[{"href":"https:\/\/www.climberbc.com\/ru\/wp-json\/wp\/v2\/types\/product"}],"version-history":[{"count":0,"href":"https:\/\/www.climberbc.com\/ru\/wp-json\/wp\/v2\/product\/33639\/revisions"}],"wp:featuredmedia":[{"embeddable":true,"href":"https:\/\/www.climberbc.com\/ru\/wp-json\/wp\/v2\/media\/30725"}],"wp:attachment":[{"href":"https:\/\/www.climberbc.com\/ru\/wp-json\/wp\/v2\/media?parent=33639"}],"wp:term":[{"taxonomy":"product_brand","embeddable":true,"href":"https:\/\/www.climberbc.com\/ru\/wp-json\/wp\/v2\/product_brand?post=33639"},{"taxonomy":"product_cat","embeddable":true,"href":"https:\/\/www.climberbc.com\/ru\/wp-json\/wp\/v2\/product_cat?post=33639"},{"taxonomy":"product_tag","embeddable":true,"href":"https:\/\/www.climberbc.com\/ru\/wp-json\/wp\/v2\/product_tag?post=33639"}],"curies":[{"name":"WP","href":"https:\/\/api.w.org\/{rel}","templated":true}]}}