{"id":33649,"date":"2024-08-14T23:08:12","date_gmt":"2024-08-14T23:08:12","guid":{"rendered":"https:\/\/www.climberbc.com\/product\/lacivert-fermuarli-orme-hirka\/"},"modified":"2024-08-14T23:08:12","modified_gmt":"2024-08-14T23:08:12","slug":"lacivert-fermuarli-orme-hirka","status":"publish","type":"product","link":"https:\/\/www.climberbc.com\/ru\/product\/lacivert-fermuarli-orme-hirka\/","title":{"rendered":"\u041b\u0430\u0446\u0438\u0432\u0435\u0440\u0442 \u0424\u0435\u0440\u043c\u0443\u0430\u0440\u043b\u044b \u041e\u0440\u043c\u0435 \u0425\u044b\u0440\u043a\u0430"},"content":{"rendered":"<p><strong>Y\u0131kama Talimatlar\u0131:<\/strong> \u041c\u0430\u043a\u0441\u0438\u043c\u0430\u043b\u044c\u043d\u0430\u044f \u0442\u0435\u043c\u043f\u0435\u0440\u0430\u0442\u0443\u0440\u0430 30\u00b0. \u0422\u0430\u043c\u0431\u0443\u0440\u0434\u0430 \u043a\u0443\u0440\u0443\u0442\u043c\u0430\u0439\u044b\u043d. D\u00fc\u015f\u00fck \u0131s\u0131da \u00fct\u00fcleme Kuru temizleme. \u0419\u0438\u043a\u0430\u043c\u0430\u043a i\u00e7in ters chevirin. Benzer renklerle y\u0131kay\u0131n.<\/p>","protected":false},"excerpt":{"rendered":"<p>\u0415\u0441\u043b\u0438 \u0432\u044b \u0445\u043e\u0442\u0438\u0442\u0435, \u0447\u0442\u043e\u0431\u044b \u0432\u044b \u043f\u043e\u0442\u0435\u0440\u044f\u043b\u0438 \u0441\u0432\u043e\u044e \u0440\u0430\u0431\u043e\u0442\u0443, \u0432\u044b \u0432\u0441\u0435 \u0435\u0449\u0435 \u043c\u043e\u0436\u0435\u0442\u0435 \u0441\u043a\u0430\u0437\u0430\u0442\u044c, \u0447\u0442\u043e \u044d\u0442\u043e \u043d\u0435 \u0442\u0430\u043a.<br \/>\n\u041a\u0430\u043b\u0438\u0442\u0435\u043b\u0438 \u0434\u043e\u043a\u0443\u043c\u0435\u043d\u0442\u043e\u0432 \u0438 \u044e\u043c\u0443\u0448\u0430\u043a \u00f6rme kuma\u015f\u0131yla sizi g\u00fcn boyu s\u0131cak \u0432\u0435 \u0440\u0430\u0445\u0430\u0442 tutarken, \u0441\u043e\u0432\u0440\u0435\u043c\u0435\u043d\u043d\u044b\u0435 kesimiyle \u015f\u0131kl\u0131\u011f\u0131n\u0131z\u0131 \u043d\u0430 \u043f\u043b\u0430\u043d\u0435 \u00e7\u0131kar\u0131yor.<br \/>\n\u0424\u0435\u0440\u043c\u0443\u0430\u0440\u043b\u044b \u0438 \u0438\u0445 \u043a\u043e\u043b\u043b\u0435\u0433\u0438 \u043f\u043e \u0445\u0443\u0434\u043e\u0436\u0435\u0441\u0442\u0432\u0435\u043d\u043d\u044b\u043c \u0440\u0430\u0431\u043e\u0442\u0430\u043c \u0432\u0441\u0435\u0433\u0434\u0430 \u0431\u0443\u0434\u0443\u0442 \u0438\u043c\u0435\u0442\u044c \u0432\u043e\u0437\u043c\u043e\u0436\u043d\u043e\u0441\u0442\u044c \u0440\u0430\u0431\u043e\u0442\u0430\u0442\u044c \u0441\u043e \u0441\u0442\u0438\u043b\u044c\u043d\u044b\u043c\u0438 \u043e\u0444\u0438\u0441\u043d\u044b\u043c\u0438 \u0441\u043b\u0443\u0436\u0430\u0449\u0438\u043c\u0438.<br \/>\n\u041f\u043e\u0441\u043b\u0435 \u0442\u043e\u0433\u043e, \u043a\u0430\u043a \u0432\u044b \u043d\u0430\u043f\u0438\u0448\u0435\u0442\u0435 \u0438\u043b\u0438 \u043e\u0431\u044a\u0435\u0434\u0438\u043d\u0438\u0442\u0435 \u0441\u0432\u043e\u0438 \u0434\u0435\u0439\u0441\u0442\u0432\u0438\u044f, \u0432\u044b \u0443\u0432\u0438\u0434\u0438\u0442\u0435, \u0447\u0442\u043e \u0432\u0430\u043c \u043d\u0443\u0436\u043d\u043e \u0431\u0443\u0434\u0435\u0442 \u0441\u0434\u0435\u043b\u0430\u0442\u044c \u044d\u0442\u043e.   <\/p>","protected":false},"featured_media":30849,"template":"","meta":[],"product_brand":[],"product_cat":[859,420],"product_tag":[],"class_list":{"0":"post-33649","1":"product","2":"type-product","3":"status-publish","4":"has-post-thumbnail","6":"product_cat-cardigan-tr","7":"product_cat-triko","9":"first","10":"instock","11":"product-type-simple"},"_links":{"self":[{"href":"https:\/\/www.climberbc.com\/ru\/wp-json\/wp\/v2\/product\/33649","targetHints":{"allow":["GET"]}}],"collection":[{"href":"https:\/\/www.climberbc.com\/ru\/wp-json\/wp\/v2\/product"}],"about":[{"href":"https:\/\/www.climberbc.com\/ru\/wp-json\/wp\/v2\/types\/product"}],"version-history":[{"count":0,"href":"https:\/\/www.climberbc.com\/ru\/wp-json\/wp\/v2\/product\/33649\/revisions"}],"wp:featuredmedia":[{"embeddable":true,"href":"https:\/\/www.climberbc.com\/ru\/wp-json\/wp\/v2\/media\/30849"}],"wp:attachment":[{"href":"https:\/\/www.climberbc.com\/ru\/wp-json\/wp\/v2\/media?parent=33649"}],"wp:term":[{"taxonomy":"product_brand","embeddable":true,"href":"https:\/\/www.climberbc.com\/ru\/wp-json\/wp\/v2\/product_brand?post=33649"},{"taxonomy":"product_cat","embeddable":true,"href":"https:\/\/www.climberbc.com\/ru\/wp-json\/wp\/v2\/product_cat?post=33649"},{"taxonomy":"product_tag","embeddable":true,"href":"https:\/\/www.climberbc.com\/ru\/wp-json\/wp\/v2\/product_tag?post=33649"}],"curies":[{"name":"WP","href":"https:\/\/api.w.org\/{rel}","templated":true}]}}