{"id":33657,"date":"2024-08-14T23:08:12","date_gmt":"2024-08-14T23:08:12","guid":{"rendered":"https:\/\/www.climberbc.com\/product\/lacivert-kahverengi-cizgili-orme-kazak\/"},"modified":"2024-08-14T23:08:12","modified_gmt":"2024-08-14T23:08:12","slug":"lacivert-kahverengi-cizgili-orme-kazak","status":"publish","type":"product","link":"https:\/\/www.climberbc.com\/ru\/product\/lacivert-kahverengi-cizgili-orme-kazak\/","title":{"rendered":"\u041b\u0430\u0446\u0438\u0432\u0435\u0440\u0442-\u041a\u0430\u0445\u0432\u0435\u0440\u0435\u043d\u0433\u0438 \u0427\u0438\u0437\u0433\u0438\u043b\u0438 \u041e\u0440\u043c\u0435 \u041a\u0430\u0437\u0430\u043a"},"content":{"rendered":"","protected":false},"excerpt":{"rendered":"<p>Bu \u015f\u0131k \u00e7izgili \u00f6rg\u00fc kazak, k\u0131\u015f aylar\u0131nda sizi s\u0131cak ve \u015f\u0131k tutar.<br \/>\nBej, gri ve lacivert tonlar\u0131ndaki geni\u015f yatay \u00e7izgiler modern ve zarif bir g\u00f6r\u00fcn\u00fcm sunarken yumu\u015fak \u00f6rg\u00fc dokusu konfor ve rahatl\u0131\u011f\u0131 bir araya getiriyor.<br \/>\nRahat kesimi ve yuvarlak yakal\u0131 tasar\u0131m\u0131yla hem g\u00fcnl\u00fck kullan\u0131m hem de daha resmi kombinler i\u00e7in rahatl\u0131kla tercih edebilece\u011finiz bu kazak, g\u00f6mleklerle de m\u00fckemmel uyum sa\u011fl\u0131yor.<br \/>\nGard\u0131robuna zamans\u0131z bir par\u00e7a eklemek isteyen erkekler i\u00e7in ideal bir se\u00e7im.   <\/p>","protected":false},"featured_media":30811,"template":"","meta":[],"product_brand":[],"product_cat":[519,420],"product_tag":[],"class_list":{"0":"post-33657","1":"product","2":"type-product","3":"status-publish","4":"has-post-thumbnail","6":"product_cat-murettebat-yaka-tr","7":"product_cat-triko","9":"first","10":"instock","11":"product-type-simple"},"_links":{"self":[{"href":"https:\/\/www.climberbc.com\/ru\/wp-json\/wp\/v2\/product\/33657","targetHints":{"allow":["GET"]}}],"collection":[{"href":"https:\/\/www.climberbc.com\/ru\/wp-json\/wp\/v2\/product"}],"about":[{"href":"https:\/\/www.climberbc.com\/ru\/wp-json\/wp\/v2\/types\/product"}],"version-history":[{"count":0,"href":"https:\/\/www.climberbc.com\/ru\/wp-json\/wp\/v2\/product\/33657\/revisions"}],"wp:featuredmedia":[{"embeddable":true,"href":"https:\/\/www.climberbc.com\/ru\/wp-json\/wp\/v2\/media\/30811"}],"wp:attachment":[{"href":"https:\/\/www.climberbc.com\/ru\/wp-json\/wp\/v2\/media?parent=33657"}],"wp:term":[{"taxonomy":"product_brand","embeddable":true,"href":"https:\/\/www.climberbc.com\/ru\/wp-json\/wp\/v2\/product_brand?post=33657"},{"taxonomy":"product_cat","embeddable":true,"href":"https:\/\/www.climberbc.com\/ru\/wp-json\/wp\/v2\/product_cat?post=33657"},{"taxonomy":"product_tag","embeddable":true,"href":"https:\/\/www.climberbc.com\/ru\/wp-json\/wp\/v2\/product_tag?post=33657"}],"curies":[{"name":"WP","href":"https:\/\/api.w.org\/{rel}","templated":true}]}}