{"id":33671,"date":"2024-08-16T09:08:03","date_gmt":"2024-08-16T09:08:03","guid":{"rendered":"https:\/\/www.climberbc.com\/product\/siyah-desenli-deri-kemer-2\/"},"modified":"2024-08-16T09:08:03","modified_gmt":"2024-08-16T09:08:03","slug":"siyah-desenli-deri-kemer-2","status":"publish","type":"product","link":"https:\/\/www.climberbc.com\/ru\/product\/siyah-desenli-deri-kemer-2\/","title":{"rendered":"\u0421\u0438\u044f\u0445 \u0414\u0435\u0441\u0435\u043d\u043b\u0438 \u0414\u0435\u0440\u0438 \u041a\u0435\u043c\u0435\u0440"},"content":{"rendered":"","protected":false},"excerpt":{"rendered":"<p>\u0415\u0441\u043b\u0438 \u0432\u044b \u0445\u043e\u0442\u0438\u0442\u0435, \u0447\u0442\u043e\u0431\u044b \u0432 \u0441\u043e\u0432\u0440\u0435\u043c\u0435\u043d\u043d\u043e\u043c \u043c\u0438\u0440\u0435 \u0431\u044b\u043b\u043e \u043c\u043d\u043e\u0433\u043e \u0440\u0430\u0437\u0432\u043b\u0435\u0447\u0435\u043d\u0438\u0439 \u0432 \u041a\u0435\u043c\u0435\u0440\u0435, \u0432\u0441\u0435 \u0436\u0435 \u043e\u043d\u0438 \u0431\u044b\u043b\u0438 \u0438\u0434\u0435\u0430\u043b\u044c\u043d\u044b\u043c\u0438 \u0434\u043b\u044f \u0442\u043e\u0433\u043e, \u0447\u0442\u043e\u0431\u044b \u0431\u044b\u0442\u044c \u0442\u0430\u043c\u0430\u043c\u043b\u0430\u0439\u0447\u0438.<br \/>\n\u0412 \u0441\u043e\u0432\u0440\u0435\u043c\u0435\u043d\u043d\u044b\u0445 \u043a\u043b\u0430\u0441\u0441\u0438\u0447\u0435\u0441\u043a\u0438\u0445 \u0434\u043e\u043a\u0443\u043c\u0435\u043d\u0442\u0430\u0445, \u043a\u043e\u0442\u043e\u0440\u044b\u0435 \u0441\u043e\u0434\u0435\u0440\u0436\u0430\u0442 \u0434\u043e\u043a\u0443\u043c\u0435\u043d\u0442\u044b, \u0434\u0430\u043d\u044b \u0438 \u043a\u0430\u0447\u0435\u0441\u0442\u0432\u0435\u043d\u043d\u044b\u0435 \u043c\u0430\u0442\u0435\u0440\u0438\u0430\u043b\u044b, \u043a\u043e\u0442\u043e\u0440\u044b\u0435 \u043c\u043e\u0433\u0443\u0442 \u0431\u044b\u0442\u044c \u0438\u0441\u043f\u043e\u043b\u044c\u0437\u043e\u0432\u0430\u043d\u044b \u0434\u043b\u044f \u0434\u043e\u0441\u0442\u0438\u0436\u0435\u043d\u0438\u044f \u043d\u0430\u0438\u043b\u0443\u0447\u0448\u0438\u0445 \u0440\u0435\u0437\u0443\u043b\u044c\u0442\u0430\u0442\u043e\u0432, \u043d\u0435\u043e\u0431\u0445\u043e\u0434\u0438\u043c\u044b.<br \/>\n\u041c\u0435\u0442\u0430\u043b\u043b\u0438\u0447\u0435\u0441\u043a\u0438\u0435 \u0438\u0437\u0434\u0435\u043b\u0438\u044f \u044f\u0432\u043b\u044f\u044e\u0442\u0441\u044f \u043c\u0438\u043d\u0438\u043c\u0430\u043b\u0438\u0441\u0442\u0438\u0447\u043d\u044b\u043c\u0438 \u0438 \u0441\u043e\u0444\u0438\u0441\u0442\u0438\u0447\u0435\u0441\u043a\u0438\u043c\u0438, \u0447\u0442\u043e\u0431\u044b \u0438\u0445 \u043c\u043e\u0436\u043d\u043e \u0431\u044b\u043b\u043e \u0438\u0441\u043f\u043e\u043b\u044c\u0437\u043e\u0432\u0430\u0442\u044c \u0432 \u043b\u044e\u0431\u043e\u0435 \u0432\u0440\u0435\u043c\u044f, \u0430 \u0437\u0430\u0442\u0435\u043c \u043a\u043e\u043c\u0431\u0438\u043d\u0438\u0440\u043e\u0432\u0430\u0442\u044c \u0438\u0445, \u0447\u0442\u043e\u0431\u044b \u0441\u0434\u0435\u043b\u0430\u0442\u044c \u0443\u0437\u043a\u0438\u0435 \u043f\u0440\u043e\u0435\u043c\u044b \u043d\u0430 \u043f\u043b\u043e\u0441\u043a\u043e\u0439 \u043f\u043e\u0432\u0435\u0440\u0445\u043d\u043e\u0441\u0442\u0438.<br \/>\nGard\u0131robunuzun vazge\u00e7ilmez aksesuarlar\u0131ndan biri olmaya aday bu kemer, t\u00fcm Stillerle kolayca uyum sa\u011fl\u0131yor. <strong>Uzunluk Se\u00e7enekleri:<\/strong> 90 \u0441\u043c, 95 \u0441\u043c, 100 \u0441\u043c, 105 \u0441\u043c, 110 \u0441\u043c, 120 \u0441\u043c <strong>Kullan\u0131m:<\/strong> \u0130\u015fyerinde, \u00f6zel davetlerde, g\u00fcnl\u00fck kullan\u0131m <strong>\u041a\u043e\u043d\u0444\u043e\u0440:<\/strong> Ayarlanabilir delik yap\u0131s\u0131 ile maximum konfor     &nbsp;<\/p>","protected":false},"featured_media":31224,"template":"","meta":[],"product_brand":[],"product_cat":[487],"product_tag":[],"class_list":{"0":"post-33671","1":"product","2":"type-product","3":"status-publish","4":"has-post-thumbnail","6":"product_cat-kemer","8":"first","9":"instock","10":"product-type-simple"},"_links":{"self":[{"href":"https:\/\/www.climberbc.com\/ru\/wp-json\/wp\/v2\/product\/33671","targetHints":{"allow":["GET"]}}],"collection":[{"href":"https:\/\/www.climberbc.com\/ru\/wp-json\/wp\/v2\/product"}],"about":[{"href":"https:\/\/www.climberbc.com\/ru\/wp-json\/wp\/v2\/types\/product"}],"version-history":[{"count":0,"href":"https:\/\/www.climberbc.com\/ru\/wp-json\/wp\/v2\/product\/33671\/revisions"}],"wp:featuredmedia":[{"embeddable":true,"href":"https:\/\/www.climberbc.com\/ru\/wp-json\/wp\/v2\/media\/31224"}],"wp:attachment":[{"href":"https:\/\/www.climberbc.com\/ru\/wp-json\/wp\/v2\/media?parent=33671"}],"wp:term":[{"taxonomy":"product_brand","embeddable":true,"href":"https:\/\/www.climberbc.com\/ru\/wp-json\/wp\/v2\/product_brand?post=33671"},{"taxonomy":"product_cat","embeddable":true,"href":"https:\/\/www.climberbc.com\/ru\/wp-json\/wp\/v2\/product_cat?post=33671"},{"taxonomy":"product_tag","embeddable":true,"href":"https:\/\/www.climberbc.com\/ru\/wp-json\/wp\/v2\/product_tag?post=33671"}],"curies":[{"name":"WP","href":"https:\/\/api.w.org\/{rel}","templated":true}]}}