{"id":33682,"date":"2024-08-16T09:09:38","date_gmt":"2024-08-16T09:09:38","guid":{"rendered":"https:\/\/www.climberbc.com\/product\/lacivert-deri-spor-ayakkabi\/"},"modified":"2024-08-16T09:09:38","modified_gmt":"2024-08-16T09:09:38","slug":"lacivert-deri-spor-ayakkabi","status":"publish","type":"product","link":"https:\/\/www.climberbc.com\/ru\/product\/lacivert-deri-spor-ayakkabi\/","title":{"rendered":"Lacivert Deri Spor Ayakkab\u0131"},"content":{"rendered":"","protected":false},"excerpt":{"rendered":"<p>\u041a\u0440\u043e\u0441\u0441\u043e\u0432\u043a\u0438 \u0438 \u043a\u0440\u043e\u0441\u0441\u043e\u0432\u043a\u0438, \u0441\u043e\u0432\u0440\u0435\u043c\u0435\u043d\u043d\u044b\u0435 \u0441\u0442\u0438\u043b\u044c\u043d\u044b\u0435 \u0441\u043e\u0444\u0438\u0441\u0442\u0438\u0447\u0435\u0441\u043a\u0438\u0435 \u043d\u043e\u0432\u0438\u043d\u043a\u0438.<br \/>\n\u0415\u0441\u043b\u0438 \u0443 \u0432\u0430\u0441 \u0435\u0441\u0442\u044c \u0434\u0435\u0442\u0430\u043b\u0438, \u043a\u043e\u0442\u043e\u0440\u044b\u0435 \u043d\u0443\u0436\u043d\u043e \u0438\u0441\u043f\u043e\u043b\u044c\u0437\u043e\u0432\u0430\u0442\u044c, \u0432\u044b \u043c\u043e\u0436\u0435\u0442\u0435 \u0441\u0434\u0435\u043b\u0430\u0442\u044c \u044d\u0442\u043e \u0438\u0434\u0435\u0430\u043b\u044c\u043d\u043e, \u0435\u0441\u043b\u0438 \u0445\u043e\u0442\u0438\u0442\u0435, \u0447\u0442\u043e\u0431\u044b \u0432 \u0441\u043b\u0435\u0434\u0443\u044e\u0449\u0438\u0439 \u0440\u0430\u0437 \u0432\u0430\u043c \u043d\u0443\u0436\u043d\u043e \u0431\u044b\u043b\u043e \u0432\u0435\u0440\u043d\u0443\u0442\u044c\u0441\u044f \u043a \u0440\u0430\u0431\u043e\u0442\u0435.<br \/>\nY\u00fcksek kaliteli malzemelerisayesindedayan\u0131kl\u0131ve uzun \u00f6m\u00fcrl\u00fc olan bu ayakkab\u0131, \u0435\u0435 ad\u0131mda konfor sunuyor.<br \/>\n\u042d\u0442\u043e \u043f\u043e\u0432\u0441\u0435\u0434\u043d\u0435\u0432\u043d\u044b\u0439 \u043a\u043e\u043c\u0431\u0438\u043d\u0435\u0437\u043e\u043d \u0438 \u0441\u043f\u043e\u0440\u0442\u0438\u0432\u043d\u044b\u0439 \u043a\u043e\u043c\u043f\u043b\u0435\u043a\u0442, \u043f\u0440\u0435\u0434\u043d\u0430\u0437\u043d\u0430\u0447\u0435\u043d\u043d\u044b\u0439 \u0434\u043b\u044f \u0438\u0441\u043f\u043e\u043b\u044c\u0437\u043e\u0432\u0430\u043d\u0438\u044f \u0432 \u043a\u0430\u0447\u0435\u0441\u0442\u0432\u0435 \u043c\u043e\u0434\u0435\u043b\u0438, \u0433\u0430\u0440\u0434\u044b\u0440\u043e\u0431\u0443\u043d\u0443\u0437\u0443\u043d, \u0434\u043e\u0441\u0442\u0443\u043f\u043d\u044b\u0439 \u0434\u043b\u044f \u0438\u0441\u043f\u043e\u043b\u044c\u0437\u043e\u0432\u0430\u043d\u0438\u044f \u0432 \u043a\u0430\u0447\u0435\u0441\u0442\u0432\u0435 \u0437\u0430\u0449\u0438\u0442\u043d\u043e\u0433\u043e \u043f\u043e\u043a\u0440\u044b\u0442\u0438\u044f.   <\/p>","protected":false},"featured_media":31304,"template":"","meta":[],"product_brand":[],"product_cat":[428,728],"product_tag":[],"class_list":{"0":"post-33682","1":"product","2":"type-product","3":"status-publish","4":"has-post-thumbnail","6":"product_cat-ayakkabilar","7":"product_cat-sneaker-tr","9":"first","10":"instock","11":"product-type-simple"},"_links":{"self":[{"href":"https:\/\/www.climberbc.com\/ru\/wp-json\/wp\/v2\/product\/33682","targetHints":{"allow":["GET"]}}],"collection":[{"href":"https:\/\/www.climberbc.com\/ru\/wp-json\/wp\/v2\/product"}],"about":[{"href":"https:\/\/www.climberbc.com\/ru\/wp-json\/wp\/v2\/types\/product"}],"version-history":[{"count":0,"href":"https:\/\/www.climberbc.com\/ru\/wp-json\/wp\/v2\/product\/33682\/revisions"}],"wp:featuredmedia":[{"embeddable":true,"href":"https:\/\/www.climberbc.com\/ru\/wp-json\/wp\/v2\/media\/31304"}],"wp:attachment":[{"href":"https:\/\/www.climberbc.com\/ru\/wp-json\/wp\/v2\/media?parent=33682"}],"wp:term":[{"taxonomy":"product_brand","embeddable":true,"href":"https:\/\/www.climberbc.com\/ru\/wp-json\/wp\/v2\/product_brand?post=33682"},{"taxonomy":"product_cat","embeddable":true,"href":"https:\/\/www.climberbc.com\/ru\/wp-json\/wp\/v2\/product_cat?post=33682"},{"taxonomy":"product_tag","embeddable":true,"href":"https:\/\/www.climberbc.com\/ru\/wp-json\/wp\/v2\/product_tag?post=33682"}],"curies":[{"name":"WP","href":"https:\/\/api.w.org\/{rel}","templated":true}]}}