{"id":33691,"date":"2024-08-16T09:11:23","date_gmt":"2024-08-16T09:11:23","guid":{"rendered":"https:\/\/www.climberbc.com\/product\/siyah-suet-deri-bagcikli-ayakkabi\/"},"modified":"2024-08-16T09:11:23","modified_gmt":"2024-08-16T09:11:23","slug":"siyah-suet-deri-bagcikli-ayakkabi","status":"publish","type":"product","link":"https:\/\/www.climberbc.com\/ru\/product\/siyah-suet-deri-bagcikli-ayakkabi\/","title":{"rendered":"\u0421\u0438\u044f \u0421\u044e\u0435\u0442 \u0414\u0435\u0440\u0438 \u0411\u0430\u0433\u0434\u0436\u0438\u043a\u043b\u044b \u0410\u044f\u043a\u043a\u0430\u0431\u044b"},"content":{"rendered":"","protected":false},"excerpt":{"rendered":"<p>\u042e\u043c\u0443\u0448\u0430\u043a \u0438\u043c\u0435\u0435\u0442 \u0434\u043e\u043a\u0443\u043c\u0435\u043d\u0442\u0430\u043b\u044c\u043d\u0443\u044e \u0434\u043e\u043a\u0443\u043c\u0435\u043d\u0442\u0430\u0446\u0438\u044e, \u043a\u043e\u0442\u043e\u0440\u0430\u044f \u043c\u043e\u0436\u0435\u0442 \u0431\u044b\u0442\u044c \u0438\u0441\u043f\u043e\u043b\u044c\u0437\u043e\u0432\u0430\u043d\u0430 \u0432 \u043a\u0430\u0447\u0435\u0441\u0442\u0432\u0435 \u0441\u044b\u0447\u0430, \u0430 \u0437\u0430\u0442\u0435\u043c \u0438 \u043a\u043e\u043d\u0444\u0435\u0440\u0435\u043d\u0446-\u0437\u0430\u043b, \u043a\u043e\u0442\u043e\u0440\u044b\u0439 \u043c\u043e\u0436\u0435\u0442 \u0431\u044b\u0442\u044c \u0438\u0441\u043f\u043e\u043b\u044c\u0437\u043e\u0432\u0430\u043d \u0432 \u0441\u043b\u0435\u0434\u0443\u044e\u0449\u0438\u0439 \u0440\u0430\u0437.<br \/>\n\u0421\u043e\u0432\u0440\u0435\u043c\u0435\u043d\u043d\u044b\u0435 tasar\u0131m\u0131 g\u00fcnl\u00fck kullan\u0131mda rahatl\u0131k sunarken klasik kombinlerle de m\u00fckemmel bir uyum sa\u011fl\u0131yor.<br \/>\nDayan\u0131kl\u0131 yap\u0131s\u0131 ve kaliteli Malzemesi ile uzun \u00f6m\u00fcrl\u00fc kullan\u0131m sunan bu ayakkab\u0131, \u0435\u0435 ad\u0131mda rahat hissetmenizi sa\u011fl\u0131yor.<br \/>\nHem is hem de \u00f6zel g\u00fcnler I\u00e7in tercih edilebilecek bu \u015f\u0131k model, tarz\u0131n\u0131za sofistike bir dokunu\u015f katacak.   <\/p>","protected":false},"featured_media":31378,"template":"","meta":[],"product_brand":[],"product_cat":[428,429],"product_tag":[],"class_list":{"0":"post-33691","1":"product","2":"type-product","3":"status-publish","4":"has-post-thumbnail","6":"product_cat-ayakkabilar","7":"product_cat-klasik-ayakkabilar","9":"first","10":"instock","11":"product-type-simple"},"_links":{"self":[{"href":"https:\/\/www.climberbc.com\/ru\/wp-json\/wp\/v2\/product\/33691","targetHints":{"allow":["GET"]}}],"collection":[{"href":"https:\/\/www.climberbc.com\/ru\/wp-json\/wp\/v2\/product"}],"about":[{"href":"https:\/\/www.climberbc.com\/ru\/wp-json\/wp\/v2\/types\/product"}],"version-history":[{"count":0,"href":"https:\/\/www.climberbc.com\/ru\/wp-json\/wp\/v2\/product\/33691\/revisions"}],"wp:featuredmedia":[{"embeddable":true,"href":"https:\/\/www.climberbc.com\/ru\/wp-json\/wp\/v2\/media\/31378"}],"wp:attachment":[{"href":"https:\/\/www.climberbc.com\/ru\/wp-json\/wp\/v2\/media?parent=33691"}],"wp:term":[{"taxonomy":"product_brand","embeddable":true,"href":"https:\/\/www.climberbc.com\/ru\/wp-json\/wp\/v2\/product_brand?post=33691"},{"taxonomy":"product_cat","embeddable":true,"href":"https:\/\/www.climberbc.com\/ru\/wp-json\/wp\/v2\/product_cat?post=33691"},{"taxonomy":"product_tag","embeddable":true,"href":"https:\/\/www.climberbc.com\/ru\/wp-json\/wp\/v2\/product_tag?post=33691"}],"curies":[{"name":"WP","href":"https:\/\/api.w.org\/{rel}","templated":true}]}}