{"id":33695,"date":"2024-08-20T16:03:18","date_gmt":"2024-08-20T16:03:18","guid":{"rendered":"https:\/\/www.climberbc.com\/product\/siyah-deri-klasik-kemer-2\/"},"modified":"2024-08-20T16:03:18","modified_gmt":"2024-08-20T16:03:18","slug":"siyah-deri-klasik-kemer-2","status":"publish","type":"product","link":"https:\/\/www.climberbc.com\/ru\/product\/siyah-deri-klasik-kemer-2\/","title":{"rendered":"\u0421\u0438\u044f\u0445 \u0414\u0435\u0440\u0438 \u041a\u043b\u0430\u0441\u0438\u043a \u041a\u0435\u043c\u0435\u0440"},"content":{"rendered":"","protected":false},"excerpt":{"rendered":"<p>\u041a\u043b\u0430\u0441\u0438\u043a \u0438 \u0437\u0430\u043c\u0430\u043d\u0441\u044b\u0437 \u0431\u0438\u0440 \u0430\u043a\u0441\u0435\u0441\u0443\u0430\u0440 \u043e\u043b\u0430\u043d \u0431\u0443 \u0441\u0438\u044f \u0432 \u041a\u0435\u043c\u0435\u0440\u0435, \u043e\u043d \u043d\u0430\u0445\u043e\u0434\u0438\u0442\u0441\u044f \u0432 \u0445\u0430\u044f\u0442\u0438\u043d\u0438\u0437 \u0445\u0435\u043c \u0434\u0435 \u0433\u044e\u043d\u043b\u044e\u043a \u0441\u0442\u0438\u043b\u0438\u043d\u0438\u0437 \u0438\u0447\u0438\u043d \u043c\u044e\u043a\u0435\u043c\u043c\u0435\u043b\u044c \u0431\u0438\u0440 \u0442\u0430\u043c\u0430\u043c\u043b\u0430\u0439\u043a\u0438\u0434\u044b\u0440.<br \/>\n\u0415\u0441\u043b\u0438 \u0432\u044b \u0445\u043e\u0442\u0438\u0442\u0435, \u0447\u0442\u043e\u0431\u044b \u0432\u0430\u0448\u0438 \u0434\u043d\u0438 \u0431\u044b\u043b\u0438 \u043f\u043b\u043e\u0445\u0438\u043c\u0438, \u0430 \u0442\u0430\u043a\u0436\u0435 \u0431\u044b\u043b\u0438 \u0443\u0437\u0443\u043d \u00f6m\u00fcrl\u00fcl\u00fck sunarken, ince \u00e7izgilerle i\u015flenmi\u015f y\u00fczeyi Contemporary Bir dokunu\u015f kazand\u0131r\u0131yor.<br \/>\n\u041c\u0435\u0442\u0430\u043b\u043b\u0438\u0447\u0435\u0441\u043a\u0438\u0435 \u0438\u0437\u0434\u0435\u043b\u0438\u044f \u0432 \u043c\u0438\u043d\u0438\u043c\u0430\u043b\u0438\u0441\u0442\u0441\u043a\u043e\u043c \u0441\u0442\u0438\u043b\u0435 \u0438\u043c\u0435\u044e\u0442 \u043f\u0440\u0438\u0432\u043b\u0435\u043a\u0430\u0442\u0435\u043b\u044c\u043d\u044b\u0439 \u0432\u043d\u0435\u0448\u043d\u0438\u0439 \u0432\u0438\u0434 \u0438 \u043c\u043e\u0433\u0443\u0442 \u0431\u044b\u0442\u044c \u0443\u0434\u0430\u043b\u0435\u043d\u044b \u0438\u0437 \u043c\u0435\u0442\u0430\u043b\u043b\u0430.<br \/>\n\u0415\u0435 \u0448\u0438\u0440\u043e\u043a\u0430\u044f \u043f\u0430\u043d\u0442\u043e\u043b\u043e\u043d \u0438 \u0442\u0430\u043a\u0430\u044f \u0436\u0435 \u0435\u043b\u0431\u0430, \u043a\u043e\u0442\u043e\u0440\u0443\u044e \u0432\u044b \u043a\u043e\u0433\u0434\u0430-\u043b\u0438\u0431\u043e \u0432\u0438\u0434\u0435\u043b\u0438, \u0441\u0442\u0438\u043b\u044c\u043d\u043e \u0437\u0430\u0440\u0438\u0444 \u0431\u0438\u0440 \u0434\u043e\u043a\u0443\u043d\u0443\u0448 \u043a\u0430\u0442\u043c\u0430\u043a \u0438\u0434\u0435\u0430\u043b\u044c\u043d\u043e \u043f\u043e\u0434\u0445\u043e\u0434\u0438\u0442 \u0434\u043b\u044f \u0441\u043b\u0435\u0434\u0443\u044e\u0449\u0435\u0433\u043e. <strong>Uzunluk Se\u00e7enekleri:<\/strong> 90 \u0441\u043c, 95 \u0441\u043c, 100 \u0441\u043c, 105 \u0441\u043c, 110 \u0441\u043c, 120 \u0441\u043c <strong>Kullan\u0131m:<\/strong> \u0418\u0448\u044c\u0435\u0440\u0438\u043d\u0434\u0435, \u041e\u0437\u0435\u043b\u044c \u0414\u0430\u0432\u0435\u0442\u043b\u0435\u0440\u0434\u0435, \u0413\u044e\u043d\u043b\u044e\u043a \u041a\u0443\u043b\u043b\u0430\u043d\u044b\u043c\u0434\u0430 <strong>\u0420\u0430\u0445\u0430\u0442\u043b\u044b\u043a:<\/strong> Ayarlanabilir delik yap\u0131s\u0131 ile maximum konfor   <\/p>","protected":false},"featured_media":31741,"template":"","meta":[],"product_brand":[],"product_cat":[444,487],"product_tag":[],"class_list":{"0":"post-33695","1":"product","2":"type-product","3":"status-publish","4":"has-post-thumbnail","6":"product_cat-aksesuarlar","7":"product_cat-kemer","9":"first","10":"instock","11":"product-type-simple"},"_links":{"self":[{"href":"https:\/\/www.climberbc.com\/ru\/wp-json\/wp\/v2\/product\/33695","targetHints":{"allow":["GET"]}}],"collection":[{"href":"https:\/\/www.climberbc.com\/ru\/wp-json\/wp\/v2\/product"}],"about":[{"href":"https:\/\/www.climberbc.com\/ru\/wp-json\/wp\/v2\/types\/product"}],"version-history":[{"count":0,"href":"https:\/\/www.climberbc.com\/ru\/wp-json\/wp\/v2\/product\/33695\/revisions"}],"wp:featuredmedia":[{"embeddable":true,"href":"https:\/\/www.climberbc.com\/ru\/wp-json\/wp\/v2\/media\/31741"}],"wp:attachment":[{"href":"https:\/\/www.climberbc.com\/ru\/wp-json\/wp\/v2\/media?parent=33695"}],"wp:term":[{"taxonomy":"product_brand","embeddable":true,"href":"https:\/\/www.climberbc.com\/ru\/wp-json\/wp\/v2\/product_brand?post=33695"},{"taxonomy":"product_cat","embeddable":true,"href":"https:\/\/www.climberbc.com\/ru\/wp-json\/wp\/v2\/product_cat?post=33695"},{"taxonomy":"product_tag","embeddable":true,"href":"https:\/\/www.climberbc.com\/ru\/wp-json\/wp\/v2\/product_tag?post=33695"}],"curies":[{"name":"WP","href":"https:\/\/api.w.org\/{rel}","templated":true}]}}