{"id":36087,"date":"2024-08-14T22:25:29","date_gmt":"2024-08-14T22:25:29","guid":{"rendered":"https:\/\/www.climberbc.com\/product\/siyah-mavi-kadife-gomlek\/"},"modified":"2024-09-03T13:08:17","modified_gmt":"2024-09-03T13:08:17","slug":"siyah-mavi-kadife-gomlek","status":"publish","type":"product","link":"https:\/\/www.climberbc.com\/ru\/product\/siyah-mavi-kadife-gomlek\/","title":{"rendered":"Siyah Mavi Kadife G\u00f6mlek"},"content":{"rendered":"<p><strong>Y\u0131kama Talimatlar\u0131:<\/strong> \u041c\u0430\u043a\u0441\u0438\u043c\u0443\u043c 30\u00b0 C&#039;de y\u0131kay\u0131n\u0131z. \u041a\u043b\u043e\u0440 \u0438\u043b\u0435 \u0430\u0433\u0430\u0440\u0442\u043c\u0430\u0439\u044b\u043d\u0438\u0437. \u0422\u0430\u043c\u0431\u0443\u0440\u0434\u0430 \u043a\u0443\u0440\u0443\u0442\u043c\u0430\u0439\u044b\u043d. Il\u0131k \u0131s\u0131da \u00fct\u00fcleme. \u041a\u0443\u0440\u0443 \u0442\u0435\u043c\u0438\u0437\u043b\u0435\u043c\u0435. \u0419\u0438\u043a\u0430\u043c\u0430\u043a i\u00e7in ters chevirin. Benzer renklerle y\u0131kay\u0131n.<\/p>","protected":false},"excerpt":{"rendered":"<p>\u0415\u0441\u043b\u0438 \u0432\u044b \u0445\u043e\u0442\u0438\u0442\u0435 \u0438\u043c\u0435\u0442\u044c \u0441\u0442\u0440\u043e\u0439\u043d\u0443\u044e \u0444\u0438\u0433\u0443\u0440\u0443, \u0432\u044b \u043c\u043e\u0436\u0435\u0442\u0435 \u0441\u0434\u0435\u043b\u0430\u0442\u044c \u044d\u0442\u043e \u0432 \u0442\u0435\u0447\u0435\u043d\u0438\u0435 \u043d\u0435\u0441\u043a\u043e\u043b\u044c\u043a\u0438\u0445 \u043c\u0438\u043d\u0443\u0442.<br \/>\nYumu\u015fak kadife dokusuyla hem rahatl\u0131\u011f\u0131 hem de \u015f\u0131kl\u0131\u011f\u0131 bir araya getiriyor.<br \/>\n\u0414\u0430\u0440\u044b kesimi v\u00fccudunuzu sararak \u0441\u0430\u043c\u043e\u043c\u043e\u0434\u043d\u0435\u0439\u0448\u0438\u0435 \u0438 \u0437\u0430\u0440\u0438\u0444 \u0431\u0438\u0440 g\u00f6r\u00fcn\u00fcm sa\u011flar.<br \/>\n\u0415\u0441\u043b\u0438 \u0432\u044b \u0445\u043e\u0442\u0438\u0442\u0435, \u0447\u0442\u043e\u0431\u044b \u044d\u0442\u043e \u0431\u044b\u043b\u043e \u0438\u0434\u0435\u0430\u043b\u044c\u043d\u043e, \u0442\u043e \u0435\u0435 \u043e\u0445\u0440\u0430\u043d\u0430 \u0434\u043e\u043b\u0436\u043d\u0430 \u0431\u044b\u0442\u044c \u0437\u0430\u043a\u0440\u044b\u0442\u0430.<br \/>\n\u0416\u0430\u043d-\u0439\u0430 \u0434\u0430 \u043a\u0443\u043c\u0430\u0448 \u043f\u0430\u043d\u0442\u043e\u043b\u043e\u043d\u043b\u0430\u0440\u043b\u0430 \u043a\u043e\u043c\u0431\u0438\u043d\u043b\u0435\u0439\u0435\u0440\u0435\u043a \u0441\u0442\u0438\u043b\u044c\u043d\u044b\u0439 \u0438 \u0443\u043d\u0438\u0432\u0435\u0440\u0441\u0430\u043b\u044c\u043d\u044b\u0439.    <\/p>","protected":false},"featured_media":30065,"template":"","meta":[],"product_brand":[],"product_cat":[393,394,511],"product_tag":[],"class_list":{"0":"post-36087","1":"product","2":"type-product","3":"status-publish","4":"has-post-thumbnail","6":"product_cat-gomlek","7":"product_cat-spor-gomlek","8":"product_cat-uzun-kollu","10":"first","11":"instock","12":"product-type-simple"},"_links":{"self":[{"href":"https:\/\/www.climberbc.com\/ru\/wp-json\/wp\/v2\/product\/36087","targetHints":{"allow":["GET"]}}],"collection":[{"href":"https:\/\/www.climberbc.com\/ru\/wp-json\/wp\/v2\/product"}],"about":[{"href":"https:\/\/www.climberbc.com\/ru\/wp-json\/wp\/v2\/types\/product"}],"version-history":[{"count":0,"href":"https:\/\/www.climberbc.com\/ru\/wp-json\/wp\/v2\/product\/36087\/revisions"}],"wp:featuredmedia":[{"embeddable":true,"href":"https:\/\/www.climberbc.com\/ru\/wp-json\/wp\/v2\/media\/30065"}],"wp:attachment":[{"href":"https:\/\/www.climberbc.com\/ru\/wp-json\/wp\/v2\/media?parent=36087"}],"wp:term":[{"taxonomy":"product_brand","embeddable":true,"href":"https:\/\/www.climberbc.com\/ru\/wp-json\/wp\/v2\/product_brand?post=36087"},{"taxonomy":"product_cat","embeddable":true,"href":"https:\/\/www.climberbc.com\/ru\/wp-json\/wp\/v2\/product_cat?post=36087"},{"taxonomy":"product_tag","embeddable":true,"href":"https:\/\/www.climberbc.com\/ru\/wp-json\/wp\/v2\/product_tag?post=36087"}],"curies":[{"name":"WP","href":"https:\/\/api.w.org\/{rel}","templated":true}]}}